{"id":7378,"date":"2025-08-22T10:16:33","date_gmt":"2025-08-22T10:16:33","guid":{"rendered":"https:\/\/www.aurorainyou.com\/?post_type=product&#038;p=7378"},"modified":"2025-08-22T10:16:33","modified_gmt":"2025-08-22T10:16:33","slug":"money-career-abundance","status":"publish","type":"product","link":"https:\/\/www.aurorainyou.com\/sl\/izdelek\/money-career-abundance\/","title":{"rendered":"DENAR\u2022 KARIERA \u2022 OBILJE"},"content":{"rendered":"<div class=\"elementor-element elementor-element-97a4f23 elementor-widget elementor-widget-text-editor\" data-id=\"97a4f23\" data-element_type=\"widget\" data-widget_type=\"text-editor.default\">\n<div class=\"elementor-widget-container\">\n<p data-start=\"186\" data-end=\"209\"><strong data-start=\"186\" data-end=\"209\">Namenjeno ti je, \u010de:<\/strong><\/p>\n<p data-start=\"211\" data-end=\"829\">\u2022 \u010cuti\u0161 stagnacijo ali negotovost glede denarja.<br data-start=\"305\" data-end=\"308\" \/>\u2022 Rabi\u0161 hiter vpogled v neko odlo\u010ditev (kredit, sodelovanje, selitev...).<br data-start=\"445\" data-end=\"448\" \/>\u2022 Ne ve\u0161, ali vztrajati v trenutni smeri ali nekaj zaklju\u010diti.<br data-start=\"539\" data-end=\"542\" \/>\u2022 Ima\u0161 ob\u010dutek, da \u201cnekaj v tebi \u010daka\u201d, pa ne ve\u0161, kako to \u017eiveti.<br data-start=\"642\" data-end=\"645\" \/>\u2022 Si \u017eeli\u0161 uskladiti svojo energijo z obiljem brez iz\u010drpanosti.<br data-start=\"733\" data-end=\"736\" \/>\u2022 Nekaj znotraj tebe se prebuja\u2026 in i\u0161\u010de\u0161 vodstvo, kako to za\u017eiveti v polnosti.<\/p>\n<\/div>\n<\/div>\n<div class=\"elementor-element elementor-element-6d3bd82 elementor-widget elementor-widget-heading\" data-id=\"6d3bd82\" data-element_type=\"widget\" data-widget_type=\"heading.default\">\n<div class=\"elementor-widget-container\">\n<h2 class=\"elementor-heading-title elementor-size-default\">Vklju\u010duje:<\/h2>\n<\/div>\n<\/div>\n<div class=\"elementor-element elementor-element-d4cbc65 elementor-icon-list--layout-traditional elementor-list-item-link-full_width elementor-widget elementor-widget-icon-list\" data-id=\"d4cbc65\" data-element_type=\"widget\" data-widget_type=\"icon-list.default\">\n<div class=\"elementor-widget-container\">\n<ul class=\"elementor-icon-list-items\">\n<li class=\"elementor-icon-list-item\"><i class=\"fas fa-check\" aria-hidden=\"true\"><\/i><span class=\"elementor-icon-list-text\">Kaj konkretno blokira tvoj finan\u010dni pretok (nezavedni vzorci, notranji strahovi, zunanje omejitve).<\/span><\/li>\n<li class=\"elementor-icon-list-item\"><i class=\"fas fa-check\" aria-hidden=\"true\"><\/i><span class=\"elementor-icon-list-text\">Kateri del tvoje energije (ali \u010dakra) ni preto\u010den in kako ga odpreti.<\/span><\/li>\n<li class=\"elementor-icon-list-item\"><i class=\"fas fa-check\" aria-hidden=\"true\"><\/i><span class=\"elementor-icon-list-text\">Kaj lahko naredi\u0161 \u017ee zdaj \u2013 ritual, miselna preusmeritev, sprememba fokusa.<\/span><\/li>\n<li class=\"elementor-icon-list-item\"><i class=\"fas fa-check\" aria-hidden=\"true\"><\/i><span class=\"elementor-icon-list-text\">Kaj je tvoj najmo\u010dnej\u0161i dar \u2013 in kako ga trenutno ne uporablja\u0161.<\/span><\/li>\n<li class=\"elementor-icon-list-item\"><i class=\"fas fa-check\" aria-hidden=\"true\"><\/i><span class=\"elementor-icon-list-text\">Kateri koraki bi ti najbolj slu\u017eili v naslednjih 4\u20136 tednih.<\/span><\/li>\n<li class=\"elementor-icon-list-item\"><i class=\"fas fa-check\" aria-hidden=\"true\"><\/i><span class=\"elementor-icon-list-text\">Opozorila: kaj se zdi obetavno, pa v resnici iz\u010drpava ali zavira.<\/span><\/li>\n<li class=\"elementor-icon-list-item\"><i class=\"fas fa-check\" aria-hidden=\"true\"><\/i><strong><span class=\"elementor-icon-list-text\">Prejme\u0161 v 3-5 delovnih dneh.<\/span><\/strong><\/li>\n<\/ul>\n<\/div>\n<\/div>","protected":false},"excerpt":{"rendered":"<h2 class=\"elementor-heading-title elementor-size-default\">Globok vpogled v tvojo trenutno finan\u010dno situacijo, energijske blokade, darove in potenciale<\/h2>","protected":false},"featured_media":7372,"comment_status":"open","ping_status":"closed","template":"","meta":{"_monsterinsights_skip_tracking":false,"_monsterinsights_sitenote_active":false,"_monsterinsights_sitenote_note":"","_monsterinsights_sitenote_category":0,"_uf_show_specific_survey":0,"_uf_disable_surveys":false,"site-sidebar-layout":"default","site-content-layout":"","ast-site-content-layout":"default","site-content-style":"default","site-sidebar-style":"default","ast-global-header-display":"","ast-banner-title-visibility":"","ast-main-header-display":"","ast-hfb-above-header-display":"","ast-hfb-below-header-display":"","ast-hfb-mobile-header-display":"","site-post-title":"","ast-breadcrumbs-content":"","ast-featured-img":"","footer-sml-layout":"","ast-disable-related-posts":"","theme-transparent-header-meta":"default","adv-header-id-meta":"","stick-header-meta":"","header-above-stick-meta":"","header-main-stick-meta":"","header-below-stick-meta":"","astra-migrate-meta-layouts":"set","ast-page-background-enabled":"default","ast-page-background-meta":{"desktop":{"background-color":"","background-image":"","background-repeat":"repeat","background-position":"center center","background-size":"auto","background-attachment":"scroll","background-type":"","background-media":"","overlay-type":"","overlay-color":"","overlay-opacity":"","overlay-gradient":""},"tablet":{"background-color":"","background-image":"","background-repeat":"repeat","background-position":"center center","background-size":"auto","background-attachment":"scroll","background-type":"","background-media":"","overlay-type":"","overlay-color":"","overlay-opacity":"","overlay-gradient":""},"mobile":{"background-color":"","background-image":"","background-repeat":"repeat","background-position":"center center","background-size":"auto","background-attachment":"scroll","background-type":"","background-media":"","overlay-type":"","overlay-color":"","overlay-opacity":"","overlay-gradient":""}},"ast-content-background-meta":{"desktop":{"background-color":"var(--ast-global-color-5)","background-image":"","background-repeat":"repeat","background-position":"center center","background-size":"auto","background-attachment":"scroll","background-type":"","background-media":"","overlay-type":"","overlay-color":"","overlay-opacity":"","overlay-gradient":""},"tablet":{"background-color":"var(--ast-global-color-5)","background-image":"","background-repeat":"repeat","background-position":"center center","background-size":"auto","background-attachment":"scroll","background-type":"","background-media":"","overlay-type":"","overlay-color":"","overlay-opacity":"","overlay-gradient":""},"mobile":{"background-color":"var(--ast-global-color-5)","background-image":"","background-repeat":"repeat","background-position":"center center","background-size":"auto","background-attachment":"scroll","background-type":"","background-media":"","overlay-type":"","overlay-color":"","overlay-opacity":"","overlay-gradient":""}}},"product_brand":[],"product_cat":[54],"product_tag":[113,112,92],"class_list":{"0":"post-7378","1":"product","2":"type-product","3":"status-publish","4":"has-post-thumbnail","6":"product_cat-tarot-reading","7":"product_tag-abundance-tarot","8":"product_tag-career","9":"product_tag-money","10":"desktop-align-left","11":"tablet-align-left","12":"mobile-align-left","14":"first","15":"instock","16":"featured","17":"virtual","18":"sold-individually","19":"purchasable","20":"product-type-simple"},"aioseo_notices":[],"_links":{"self":[{"href":"https:\/\/www.aurorainyou.com\/sl\/wp-json\/wp\/v2\/product\/7378","targetHints":{"allow":["GET"]}}],"collection":[{"href":"https:\/\/www.aurorainyou.com\/sl\/wp-json\/wp\/v2\/product"}],"about":[{"href":"https:\/\/www.aurorainyou.com\/sl\/wp-json\/wp\/v2\/types\/product"}],"replies":[{"embeddable":true,"href":"https:\/\/www.aurorainyou.com\/sl\/wp-json\/wp\/v2\/comments?post=7378"}],"wp:featuredmedia":[{"embeddable":true,"href":"https:\/\/www.aurorainyou.com\/sl\/wp-json\/wp\/v2\/media\/7372"}],"wp:attachment":[{"href":"https:\/\/www.aurorainyou.com\/sl\/wp-json\/wp\/v2\/media?parent=7378"}],"wp:term":[{"taxonomy":"product_brand","embeddable":true,"href":"https:\/\/www.aurorainyou.com\/sl\/wp-json\/wp\/v2\/product_brand?post=7378"},{"taxonomy":"product_cat","embeddable":true,"href":"https:\/\/www.aurorainyou.com\/sl\/wp-json\/wp\/v2\/product_cat?post=7378"},{"taxonomy":"product_tag","embeddable":true,"href":"https:\/\/www.aurorainyou.com\/sl\/wp-json\/wp\/v2\/product_tag?post=7378"}],"curies":[{"name":"wp","href":"https:\/\/api.w.org\/{rel}","templated":true}]}}