{"id":7376,"date":"2025-08-22T10:11:04","date_gmt":"2025-08-22T10:11:04","guid":{"rendered":"https:\/\/www.aurorainyou.com\/?post_type=product&#038;p=7376"},"modified":"2025-08-22T10:11:04","modified_gmt":"2025-08-22T10:11:04","slug":"love-soul-heart-connections","status":"publish","type":"product","link":"https:\/\/www.aurorainyou.com\/sl\/izdelek\/love-soul-heart-connections\/","title":{"rendered":"LJUBEZEN \u2022 PARTNERSTVO    \u2022 DU\u0160NI ODNOSI"},"content":{"rendered":"<p><strong>Za trenutke, ko se v srcu porajajo vpra\u0161anja kot:<\/strong><br \/>\n\u2022 Ali naj ostanem ali grem?<br data-start=\"278\" data-end=\"281\" \/>\u2022 Zakaj odnos ne te\u010de ve\u010d, kot je neko\u010d?<br data-start=\"340\" data-end=\"343\" \/>\u2022 Se ta oseba resni\u010dno \u010dustveno povezuje z mano \u2013 ali se le izmika?<br data-start=\"420\" data-end=\"423\" \/>\u2022 Je to ljubezen z du\u0161nim pomenom ali karmi\u010dni krog, ki ga je \u010das zaklju\u010diti?<br data-start=\"490\" data-end=\"493\" \/>\u2022 Kam ta odnos pelje \u2013 in kam vodi moja pot?<br data-start=\"562\" data-end=\"565\" \/>\u2022 Kdaj pride nova ljubezen in ali sem pripravljena sprejeti jo?<\/p>\n<p data-start=\"632\" data-end=\"925\"><strong>In za tiste trenutke, ko si \u017eeli\u0161:<\/strong><br \/>\n\u2022 Prepoznati, kaj te znotraj odnosa blokira ali odpira.<br data-start=\"724\" data-end=\"727\" \/>\u2022 Prepoznati resnico \u2013 ne samo \u010dustev drugega, ampak tudi svojih.<br data-start=\"789\" data-end=\"792\" \/>\u2022 Jasneje za\u010dutiti, kako postaviti mejo, stopiti v stik ali spustiti.<br data-start=\"853\" data-end=\"856\" \/>\u2022 Ne le \u00bbrazumeti odnos\u00ab, ampak <em data-start=\"888\" data-end=\"894\">ob\u010dutiti,<\/em> kaj si resni\u010dno zaslu\u017ei\u0161.<\/p>\n<div class=\"elementor-element elementor-element-9b91abe elementor-widget elementor-widget-heading\" data-id=\"9b91abe\" data-element_type=\"widget\" data-widget_type=\"heading.default\">\n<div class=\"elementor-widget-container\">\n<h2 class=\"elementor-heading-title elementor-size-default\">Vklju\u010duje:<\/h2>\n<\/div>\n<\/div>\n<div class=\"elementor-element elementor-element-7102d2e elementor-icon-list--layout-traditional elementor-list-item-link-full_width elementor-widget elementor-widget-icon-list\" data-id=\"7102d2e\" data-element_type=\"widget\" data-widget_type=\"icon-list.default\">\n<div class=\"elementor-widget-container\">\n<ul class=\"elementor-icon-list-items\">\n<li class=\"elementor-icon-list-item\"><i class=\"fas fa-check\" aria-hidden=\"true\"><\/i><span class=\"elementor-icon-list-text\">Tvoja trenutna sr\u010dna lekcija (kaj te ta situacija u\u010di).<\/span><\/li>\n<li class=\"elementor-icon-list-item\"><i class=\"fas fa-check\" aria-hidden=\"true\"><\/i><span class=\"elementor-icon-list-text\">Energijska dinamika odnosa (ali stanja samskosti).<\/span><\/li>\n<li class=\"elementor-icon-list-item\"><i class=\"fas fa-check\" aria-hidden=\"true\"><\/i><span class=\"elementor-icon-list-text\">Vpogled v sr\u010dno rast: kam gre\u0161, kaj ti srce \u017eeli povedati.<\/span><\/li>\n<li class=\"elementor-icon-list-item\"><i class=\"fas fa-check\" aria-hidden=\"true\"><\/i><span class=\"elementor-icon-list-text\">Energija nove osebe ali razvoj obstoje\u010dega odnosa.<\/span><\/li>\n<li class=\"elementor-icon-list-item\"><i class=\"fas fa-check\" aria-hidden=\"true\"><\/i><span class=\"elementor-icon-list-text\">3 konkretne usmeritve \u2013 glede na tvojo situacijo (npr. distanca, ranljiv pogovor, jasna meja\u2026).<\/span><\/li>\n<li class=\"elementor-icon-list-item\"><i class=\"fas fa-check\" aria-hidden=\"true\"><\/i><span class=\"elementor-icon-list-text\">Intuitivni mini ritual zate \u2013 za sidranje ljubezni, samozavesti ali zaklju\u010dka.<\/span><\/li>\n<li class=\"elementor-icon-list-item\"><i class=\"fas fa-check\" aria-hidden=\"true\"><\/i><strong><span class=\"elementor-icon-list-text\">Prejme\u0161 v 2-3 delovnih dneh.<\/span><\/strong><\/li>\n<\/ul>\n<\/div>\n<\/div>\n<div class=\"elementor-element elementor-element-bd4508a elementor-widget elementor-widget-heading\" data-id=\"bd4508a\" data-element_type=\"widget\" data-widget_type=\"heading.default\">\n<div class=\"elementor-widget-container\"><\/div>\n<\/div>\n<div class=\"elementor-element elementor-element-2b6b3dc elementor-widget elementor-widget-heading\" data-id=\"2b6b3dc\" data-element_type=\"widget\" data-widget_type=\"heading.default\">\n<div class=\"elementor-widget-container\">\n<h2 class=\"elementor-heading-title elementor-size-default\"><\/h2>\n<\/div>\n<\/div>","protected":false},"excerpt":{"rendered":"<h2 class=\"elementor-heading-title elementor-size-default elementor-inline-editing pen\" contenteditable=\"true\" data-elementor-setting-key=\"title\" data-pen-placeholder=\"Type Here...\">Poglobljen intuitivni vpogled + \u010dustvena usmeritev<\/h2>","protected":false},"featured_media":7371,"comment_status":"open","ping_status":"closed","template":"","meta":{"_monsterinsights_skip_tracking":false,"_monsterinsights_sitenote_active":false,"_monsterinsights_sitenote_note":"","_monsterinsights_sitenote_category":0,"_uf_show_specific_survey":0,"_uf_disable_surveys":false,"site-sidebar-layout":"default","site-content-layout":"","ast-site-content-layout":"default","site-content-style":"default","site-sidebar-style":"default","ast-global-header-display":"","ast-banner-title-visibility":"","ast-main-header-display":"","ast-hfb-above-header-display":"","ast-hfb-below-header-display":"","ast-hfb-mobile-header-display":"","site-post-title":"","ast-breadcrumbs-content":"","ast-featured-img":"","footer-sml-layout":"","ast-disable-related-posts":"","theme-transparent-header-meta":"default","adv-header-id-meta":"","stick-header-meta":"","header-above-stick-meta":"","header-main-stick-meta":"","header-below-stick-meta":"","astra-migrate-meta-layouts":"set","ast-page-background-enabled":"default","ast-page-background-meta":{"desktop":{"background-color":"","background-image":"","background-repeat":"repeat","background-position":"center center","background-size":"auto","background-attachment":"scroll","background-type":"","background-media":"","overlay-type":"","overlay-color":"","overlay-opacity":"","overlay-gradient":""},"tablet":{"background-color":"","background-image":"","background-repeat":"repeat","background-position":"center center","background-size":"auto","background-attachment":"scroll","background-type":"","background-media":"","overlay-type":"","overlay-color":"","overlay-opacity":"","overlay-gradient":""},"mobile":{"background-color":"","background-image":"","background-repeat":"repeat","background-position":"center center","background-size":"auto","background-attachment":"scroll","background-type":"","background-media":"","overlay-type":"","overlay-color":"","overlay-opacity":"","overlay-gradient":""}},"ast-content-background-meta":{"desktop":{"background-color":"var(--ast-global-color-5)","background-image":"","background-repeat":"repeat","background-position":"center center","background-size":"auto","background-attachment":"scroll","background-type":"","background-media":"","overlay-type":"","overlay-color":"","overlay-opacity":"","overlay-gradient":""},"tablet":{"background-color":"var(--ast-global-color-5)","background-image":"","background-repeat":"repeat","background-position":"center center","background-size":"auto","background-attachment":"scroll","background-type":"","background-media":"","overlay-type":"","overlay-color":"","overlay-opacity":"","overlay-gradient":""},"mobile":{"background-color":"var(--ast-global-color-5)","background-image":"","background-repeat":"repeat","background-position":"center center","background-size":"auto","background-attachment":"scroll","background-type":"","background-media":"","overlay-type":"","overlay-color":"","overlay-opacity":"","overlay-gradient":""}}},"product_brand":[],"product_cat":[54],"product_tag":[102,57],"class_list":{"0":"post-7376","1":"product","2":"type-product","3":"status-publish","4":"has-post-thumbnail","6":"product_cat-tarot-reading","7":"product_tag-love","8":"product_tag-tarot","9":"desktop-align-left","10":"tablet-align-left","11":"mobile-align-left","13":"first","14":"instock","15":"featured","16":"virtual","17":"sold-individually","18":"purchasable","19":"product-type-simple"},"aioseo_notices":[],"_links":{"self":[{"href":"https:\/\/www.aurorainyou.com\/sl\/wp-json\/wp\/v2\/product\/7376","targetHints":{"allow":["GET"]}}],"collection":[{"href":"https:\/\/www.aurorainyou.com\/sl\/wp-json\/wp\/v2\/product"}],"about":[{"href":"https:\/\/www.aurorainyou.com\/sl\/wp-json\/wp\/v2\/types\/product"}],"replies":[{"embeddable":true,"href":"https:\/\/www.aurorainyou.com\/sl\/wp-json\/wp\/v2\/comments?post=7376"}],"wp:featuredmedia":[{"embeddable":true,"href":"https:\/\/www.aurorainyou.com\/sl\/wp-json\/wp\/v2\/media\/7371"}],"wp:attachment":[{"href":"https:\/\/www.aurorainyou.com\/sl\/wp-json\/wp\/v2\/media?parent=7376"}],"wp:term":[{"taxonomy":"product_brand","embeddable":true,"href":"https:\/\/www.aurorainyou.com\/sl\/wp-json\/wp\/v2\/product_brand?post=7376"},{"taxonomy":"product_cat","embeddable":true,"href":"https:\/\/www.aurorainyou.com\/sl\/wp-json\/wp\/v2\/product_cat?post=7376"},{"taxonomy":"product_tag","embeddable":true,"href":"https:\/\/www.aurorainyou.com\/sl\/wp-json\/wp\/v2\/product_tag?post=7376"}],"curies":[{"name":"wp","href":"https:\/\/api.w.org\/{rel}","templated":true}]}}