{"id":7285,"date":"2025-07-15T16:03:44","date_gmt":"2025-07-15T16:03:44","guid":{"rendered":"https:\/\/www.aurorainyou.com\/?post_type=product&#038;p=7285"},"modified":"2025-07-21T11:19:00","modified_gmt":"2025-07-21T11:19:00","slug":"soul-elixir-full-insight-energy-spray","status":"publish","type":"product","link":"https:\/\/www.aurorainyou.com\/sl\/izdelek\/soul-elixir-full-insight-energy-spray\/","title":{"rendered":"DU\u0160NI ELIKSIR \u2013 CELOSTNI VPOGLED + VISOKO-ENERGIJSKI SPREJ"},"content":{"rendered":"<p>Za du\u0161e, ki si \u017eelijo ne le odgovorov, temve\u010d <strong><em data-start=\"2803\" data-end=\"2819\">spremembe.<\/em>.<\/strong><br data-start=\"2820\" data-end=\"2823\" \/><strong>Tvoje telo, srce in du\u0161a kli\u010dejo po celostni energijski podpori.<\/strong><\/p>\n<p><br data-start=\"2893\" data-end=\"2896\" \/><strong>Vklju\u010duje:<\/strong><br data-start=\"2905\" data-end=\"2908\" \/>\u2022 Do 4 vpra\u0161anja po e-mailu ali 20 min v \u017eivo po telefonu.<br data-start=\"2966\" data-end=\"2969\" \/>\u2022 Osebni energijski ritual (za dvig vibracije ali razre\u0161itev zastoja).<br data-start=\"3016\" data-end=\"3019\" \/>\u2022 Kanalizirano du\u0161no sporo\u010dilo.<br data-start=\"3043\" data-end=\"3046\" \/>\u2022 Visoko-vibracijski energijski sprej \u2013 ro\u010dno ustvarjen za:<br data-start=\"3092\" data-end=\"3095\" \/>\u2003\u2022 dvig tvoje vibracije,<br data-start=\"3118\" data-end=\"3121\" \/>\u2003\u2022 podporo telesu in energiji,<br data-start=\"3152\" data-end=\"3155\" \/>\u2003\u2022 zdravljenje travm,<br data-start=\"3169\" data-end=\"3172\" \/>\u2003\u2022 klic du\u0161nega partnerja,<br data-start=\"3197\" data-end=\"3200\" \/>\u2003\u2022 za\u0161\u010dito, obilje, ponovni stik s svojo potjo.<\/p>","protected":false},"excerpt":{"rendered":"<p>Postaja 6: Celostna alkimija<\/p>","protected":false},"featured_media":7273,"comment_status":"open","ping_status":"closed","template":"","meta":{"_monsterinsights_skip_tracking":false,"_monsterinsights_sitenote_active":false,"_monsterinsights_sitenote_note":"","_monsterinsights_sitenote_category":0,"_uf_show_specific_survey":0,"_uf_disable_surveys":false,"site-sidebar-layout":"default","site-content-layout":"","ast-site-content-layout":"default","site-content-style":"default","site-sidebar-style":"default","ast-global-header-display":"","ast-banner-title-visibility":"","ast-main-header-display":"","ast-hfb-above-header-display":"","ast-hfb-below-header-display":"","ast-hfb-mobile-header-display":"","site-post-title":"","ast-breadcrumbs-content":"","ast-featured-img":"","footer-sml-layout":"","ast-disable-related-posts":"","theme-transparent-header-meta":"default","adv-header-id-meta":"","stick-header-meta":"","header-above-stick-meta":"","header-main-stick-meta":"","header-below-stick-meta":"","astra-migrate-meta-layouts":"set","ast-page-background-enabled":"default","ast-page-background-meta":{"desktop":{"background-color":"","background-image":"","background-repeat":"repeat","background-position":"center center","background-size":"auto","background-attachment":"scroll","background-type":"","background-media":"","overlay-type":"","overlay-color":"","overlay-opacity":"","overlay-gradient":""},"tablet":{"background-color":"","background-image":"","background-repeat":"repeat","background-position":"center center","background-size":"auto","background-attachment":"scroll","background-type":"","background-media":"","overlay-type":"","overlay-color":"","overlay-opacity":"","overlay-gradient":""},"mobile":{"background-color":"","background-image":"","background-repeat":"repeat","background-position":"center center","background-size":"auto","background-attachment":"scroll","background-type":"","background-media":"","overlay-type":"","overlay-color":"","overlay-opacity":"","overlay-gradient":""}},"ast-content-background-meta":{"desktop":{"background-color":"var(--ast-global-color-5)","background-image":"","background-repeat":"repeat","background-position":"center center","background-size":"auto","background-attachment":"scroll","background-type":"","background-media":"","overlay-type":"","overlay-color":"","overlay-opacity":"","overlay-gradient":""},"tablet":{"background-color":"var(--ast-global-color-5)","background-image":"","background-repeat":"repeat","background-position":"center center","background-size":"auto","background-attachment":"scroll","background-type":"","background-media":"","overlay-type":"","overlay-color":"","overlay-opacity":"","overlay-gradient":""},"mobile":{"background-color":"var(--ast-global-color-5)","background-image":"","background-repeat":"repeat","background-position":"center center","background-size":"auto","background-attachment":"scroll","background-type":"","background-media":"","overlay-type":"","overlay-color":"","overlay-opacity":"","overlay-gradient":""}}},"product_brand":[],"product_cat":[54],"product_tag":[57],"class_list":{"0":"post-7285","1":"product","2":"type-product","3":"status-publish","4":"has-post-thumbnail","6":"product_cat-tarot-reading","7":"product_tag-tarot","8":"desktop-align-left","9":"tablet-align-left","10":"mobile-align-left","12":"first","13":"instock","14":"featured","15":"virtual","16":"sold-individually","17":"purchasable","18":"product-type-simple"},"aioseo_notices":[],"_links":{"self":[{"href":"https:\/\/www.aurorainyou.com\/sl\/wp-json\/wp\/v2\/product\/7285","targetHints":{"allow":["GET"]}}],"collection":[{"href":"https:\/\/www.aurorainyou.com\/sl\/wp-json\/wp\/v2\/product"}],"about":[{"href":"https:\/\/www.aurorainyou.com\/sl\/wp-json\/wp\/v2\/types\/product"}],"replies":[{"embeddable":true,"href":"https:\/\/www.aurorainyou.com\/sl\/wp-json\/wp\/v2\/comments?post=7285"}],"wp:featuredmedia":[{"embeddable":true,"href":"https:\/\/www.aurorainyou.com\/sl\/wp-json\/wp\/v2\/media\/7273"}],"wp:attachment":[{"href":"https:\/\/www.aurorainyou.com\/sl\/wp-json\/wp\/v2\/media?parent=7285"}],"wp:term":[{"taxonomy":"product_brand","embeddable":true,"href":"https:\/\/www.aurorainyou.com\/sl\/wp-json\/wp\/v2\/product_brand?post=7285"},{"taxonomy":"product_cat","embeddable":true,"href":"https:\/\/www.aurorainyou.com\/sl\/wp-json\/wp\/v2\/product_cat?post=7285"},{"taxonomy":"product_tag","embeddable":true,"href":"https:\/\/www.aurorainyou.com\/sl\/wp-json\/wp\/v2\/product_tag?post=7285"}],"curies":[{"name":"wp","href":"https:\/\/api.w.org\/{rel}","templated":true}]}}