{"id":7277,"date":"2025-07-15T15:31:49","date_gmt":"2025-07-15T15:31:49","guid":{"rendered":"https:\/\/www.aurorainyou.com\/?post_type=product&#038;p=7277"},"modified":"2025-07-21T11:08:37","modified_gmt":"2025-07-21T11:08:37","slug":"touch-of-light-mini-insight","status":"publish","type":"product","link":"https:\/\/www.aurorainyou.com\/sl\/izdelek\/touch-of-light-mini-insight\/","title":{"rendered":"DOTIK LU\u010cI \u2013 MINI VPOGLED"},"content":{"rendered":"<p>Ko ti intuicija \u0161epeta, da nekaj \u010duti\u0161 \u2013 a ne ve\u0161, kaj.<br data-start=\"1111\" data-end=\"1114\" \/><strong>Potrebna je ne\u017ena, a jasna svetloba, ki osvetli notranje vpra\u0161anje.<\/strong><\/p>\n<p><br data-start=\"1181\" data-end=\"1184\" \/><strong>Vklju\u010duje:<\/strong><br data-start=\"1193\" data-end=\"1196\" \/>\u2022 Do 2 vpra\u0161anji po e-mailu.<br data-start=\"1225\" data-end=\"1228\" \/>\u2022 Osebni energijski ritual (za dvig vibracije ali razre\u0161itev zastoja).<\/p>","protected":false},"excerpt":{"rendered":"<p><em data-start=\"1000\" data-end=\"1039\">Postaja 2: Prva povezava s sabo<\/em><\/p>","protected":false},"featured_media":7270,"comment_status":"open","ping_status":"closed","template":"","meta":{"_monsterinsights_skip_tracking":false,"_monsterinsights_sitenote_active":false,"_monsterinsights_sitenote_note":"","_monsterinsights_sitenote_category":0,"_uf_show_specific_survey":0,"_uf_disable_surveys":false,"site-sidebar-layout":"default","site-content-layout":"","ast-site-content-layout":"default","site-content-style":"default","site-sidebar-style":"default","ast-global-header-display":"","ast-banner-title-visibility":"","ast-main-header-display":"","ast-hfb-above-header-display":"","ast-hfb-below-header-display":"","ast-hfb-mobile-header-display":"","site-post-title":"","ast-breadcrumbs-content":"","ast-featured-img":"","footer-sml-layout":"","ast-disable-related-posts":"","theme-transparent-header-meta":"default","adv-header-id-meta":"","stick-header-meta":"","header-above-stick-meta":"","header-main-stick-meta":"","header-below-stick-meta":"","astra-migrate-meta-layouts":"set","ast-page-background-enabled":"default","ast-page-background-meta":{"desktop":{"background-color":"","background-image":"","background-repeat":"repeat","background-position":"center center","background-size":"auto","background-attachment":"scroll","background-type":"","background-media":"","overlay-type":"","overlay-color":"","overlay-opacity":"","overlay-gradient":""},"tablet":{"background-color":"","background-image":"","background-repeat":"repeat","background-position":"center center","background-size":"auto","background-attachment":"scroll","background-type":"","background-media":"","overlay-type":"","overlay-color":"","overlay-opacity":"","overlay-gradient":""},"mobile":{"background-color":"","background-image":"","background-repeat":"repeat","background-position":"center center","background-size":"auto","background-attachment":"scroll","background-type":"","background-media":"","overlay-type":"","overlay-color":"","overlay-opacity":"","overlay-gradient":""}},"ast-content-background-meta":{"desktop":{"background-color":"var(--ast-global-color-5)","background-image":"","background-repeat":"repeat","background-position":"center center","background-size":"auto","background-attachment":"scroll","background-type":"","background-media":"","overlay-type":"","overlay-color":"","overlay-opacity":"","overlay-gradient":""},"tablet":{"background-color":"var(--ast-global-color-5)","background-image":"","background-repeat":"repeat","background-position":"center center","background-size":"auto","background-attachment":"scroll","background-type":"","background-media":"","overlay-type":"","overlay-color":"","overlay-opacity":"","overlay-gradient":""},"mobile":{"background-color":"var(--ast-global-color-5)","background-image":"","background-repeat":"repeat","background-position":"center center","background-size":"auto","background-attachment":"scroll","background-type":"","background-media":"","overlay-type":"","overlay-color":"","overlay-opacity":"","overlay-gradient":""}}},"product_brand":[],"product_cat":[54],"product_tag":[57],"class_list":{"0":"post-7277","1":"product","2":"type-product","3":"status-publish","4":"has-post-thumbnail","6":"product_cat-tarot-reading","7":"product_tag-tarot","8":"desktop-align-left","9":"tablet-align-left","10":"mobile-align-left","12":"first","13":"instock","14":"featured","15":"virtual","16":"sold-individually","17":"purchasable","18":"product-type-simple"},"aioseo_notices":[],"_links":{"self":[{"href":"https:\/\/www.aurorainyou.com\/sl\/wp-json\/wp\/v2\/product\/7277","targetHints":{"allow":["GET"]}}],"collection":[{"href":"https:\/\/www.aurorainyou.com\/sl\/wp-json\/wp\/v2\/product"}],"about":[{"href":"https:\/\/www.aurorainyou.com\/sl\/wp-json\/wp\/v2\/types\/product"}],"replies":[{"embeddable":true,"href":"https:\/\/www.aurorainyou.com\/sl\/wp-json\/wp\/v2\/comments?post=7277"}],"wp:featuredmedia":[{"embeddable":true,"href":"https:\/\/www.aurorainyou.com\/sl\/wp-json\/wp\/v2\/media\/7270"}],"wp:attachment":[{"href":"https:\/\/www.aurorainyou.com\/sl\/wp-json\/wp\/v2\/media?parent=7277"}],"wp:term":[{"taxonomy":"product_brand","embeddable":true,"href":"https:\/\/www.aurorainyou.com\/sl\/wp-json\/wp\/v2\/product_brand?post=7277"},{"taxonomy":"product_cat","embeddable":true,"href":"https:\/\/www.aurorainyou.com\/sl\/wp-json\/wp\/v2\/product_cat?post=7277"},{"taxonomy":"product_tag","embeddable":true,"href":"https:\/\/www.aurorainyou.com\/sl\/wp-json\/wp\/v2\/product_tag?post=7277"}],"curies":[{"name":"wp","href":"https:\/\/api.w.org\/{rel}","templated":true}]}}