{"id":6657,"date":"2024-07-12T18:40:15","date_gmt":"2024-07-12T18:40:15","guid":{"rendered":"https:\/\/www.aurorainyou.com\/?post_type=product&#038;p=6657"},"modified":"2025-06-02T16:28:23","modified_gmt":"2025-06-02T16:28:23","slug":"protector","status":"publish","type":"product","link":"https:\/\/www.aurorainyou.com\/sl\/izdelek\/protector\/","title":{"rendered":"Protector"},"content":{"rendered":"<p><strong>50 ml\/1.7 oz<\/strong><\/p>\n<p><strong>Protector<\/strong> je edinstvena me\u0161anica<strong> eteri\u010dnih olj, kristalov, svetlobne kode in Svete vode<\/strong> zasnovana za dvig in za\u0161\u010dito va\u0161ega energijskega polja. Ta mo\u010dna me\u0161anica deluje sinergijsko, da <strong>o\u010disti, harmonizira in za\u0161\u010diti va\u0161e fizi\u010dno in energijsko telo, um ter prostor.<\/strong> Idealna za vse, ki so izpostavljeni <strong>stresu, negativnim vplivom okolja ali i\u0161\u010dejo duhovno izpopolnitev.<\/strong>Protector ponuja celovito re\u0161itev za ohranjanje ravnovesja in dobrega po\u010dutja na vseh podro\u010djih \u017eivljenja. Uporabite ga, da preobrazite svoj prostor in do\u017eivite mir ter za\u0161\u010dito, ki si ju zaslu\u017eite.<\/p>\n<p><strong>UPORABA:<\/strong><\/p>\n<p><strong>Protector<\/strong> je enostaven za uporabo. Razpr\u0161ite ga na pulzne to\u010dke (zapestja, vrat, za u\u0161esi) ali okoli va\u0161ega energijskega polja. Uporabite ga lahko kot osve\u017eilec prostora, v avtu ali na delovnem mestu. Idealen je za meditacijo, jogo ali kadar koli potrebujete dodatno za\u0161\u010dito in dvig energije. Priporo\u010dljivo ga je uporabiti pred ali po stiku z viri negativne energije, ljudmi ali drugimi stresnimi situacijami. Ne pretiravajte z uporabo. Dva do tri razpr\u0161ki so dovolj.<\/p>\n<p>&nbsp;<\/p>\n<p>Proizvaja:<\/p>\n<p>\u201cAurora In You \u2013 spirit of essence\u201d, Ur\u0161ka Ko\u0161ak, s.p., Kotnikova 5, 1000 Ljubljana, Slovenia<\/p>\n<p>&nbsp;<\/p>\n<p>&nbsp;<\/p>\n<p><strong>Izjava o odgovornosti<\/strong><\/p>\n<p>Vsi izdelki blagovne znamke Aurora and You so namenjeni dvigu vibracije in izbolj\u0161anju splo\u0161nega po\u010dutja in niso nadomestilo za uradno medicino.<\/p>\n<p>Uprava za hrano in zdravila teh izjav ni ovrednotila. Ta izdelek ni namenjen diagnosticiranju, zdravljenju ali prepre\u010devanju katere koli bolezni. Pred uporabo se posvetujte z zdravnikom ali farmacevtom.<\/p>\n<p>Uporabljajte na lastno odgovornost.<\/p>","protected":false},"excerpt":{"rendered":"<div class=\"flex-shrink-0 flex flex-col relative items-end\">\n<div class=\"pt-0.5 juice:pt-0\">\n<div class=\"gizmo-bot-avatar flex h-6 w-6 items-center justify-center overflow-hidden rounded-full juice:h-8 juice:w-8\">\n<div class=\"relative p-1 rounded-sm flex items-center justify-center bg-token-main-surface-primary text-token-text-primary h-8 w-8\"><span style=\"font-size: 16px;\">Protector is a unique blend of <\/span><strong style=\"font-size: 16px;\">essential oils, crystals, light codes, and holy water<\/strong><span style=\"font-size: 16px;\"> designed to elevate and <\/span><strong style=\"font-size: 16px;\">protect your energy field.<\/strong><span style=\"font-size: 16px;\"> This powerful mix works synergistically to cleanse, harmonize, and safeguard your physical and energetic body, mind, and space.<\/span><\/div>\n<\/div>\n<\/div>\n<\/div>\n<div class=\"group\/conversation-turn relative flex w-full min-w-0 flex-col agent-turn\">\n<div class=\"flex-col gap-1 md:gap-3\">\n<div class=\"flex flex-grow flex-col max-w-full\">\n<div class=\"min-h-[20px] text-message flex flex-col items-start whitespace-pre-wrap break-words [.text-message+&amp;]:mt-5 juice:w-full juice:items-end overflow-x-auto gap-2\" dir=\"auto\" data-message-author-role=\"assistant\" data-message-id=\"dfecc763-eb6f-4ae9-b15e-7a1289df07b5\">\n<div class=\"flex w-full flex-col gap-1 juice:empty:hidden juice:first:pt-[3px]\">\n<p>&nbsp;<\/p>\n<\/div>\n<\/div>\n<\/div>\n<\/div>\n<\/div>\n","protected":false},"featured_media":6658,"comment_status":"open","ping_status":"closed","template":"","meta":{"_monsterinsights_skip_tracking":false,"_monsterinsights_sitenote_active":false,"_monsterinsights_sitenote_note":"","_monsterinsights_sitenote_category":0,"_uf_show_specific_survey":0,"_uf_disable_surveys":false,"site-sidebar-layout":"default","site-content-layout":"","ast-site-content-layout":"default","site-content-style":"default","site-sidebar-style":"default","ast-global-header-display":"","ast-banner-title-visibility":"","ast-main-header-display":"","ast-hfb-above-header-display":"","ast-hfb-below-header-display":"","ast-hfb-mobile-header-display":"","site-post-title":"","ast-breadcrumbs-content":"","ast-featured-img":"","footer-sml-layout":"","ast-disable-related-posts":"","theme-transparent-header-meta":"default","adv-header-id-meta":"","stick-header-meta":"","header-above-stick-meta":"","header-main-stick-meta":"","header-below-stick-meta":"","astra-migrate-meta-layouts":"set","ast-page-background-enabled":"default","ast-page-background-meta":{"desktop":{"background-color":"","background-image":"","background-repeat":"repeat","background-position":"center center","background-size":"auto","background-attachment":"scroll","background-type":"","background-media":"","overlay-type":"","overlay-color":"","overlay-opacity":"","overlay-gradient":""},"tablet":{"background-color":"","background-image":"","background-repeat":"repeat","background-position":"center center","background-size":"auto","background-attachment":"scroll","background-type":"","background-media":"","overlay-type":"","overlay-color":"","overlay-opacity":"","overlay-gradient":""},"mobile":{"background-color":"","background-image":"","background-repeat":"repeat","background-position":"center center","background-size":"auto","background-attachment":"scroll","background-type":"","background-media":"","overlay-type":"","overlay-color":"","overlay-opacity":"","overlay-gradient":""}},"ast-content-background-meta":{"desktop":{"background-color":"var(--ast-global-color-5)","background-image":"","background-repeat":"repeat","background-position":"center center","background-size":"auto","background-attachment":"scroll","background-type":"","background-media":"","overlay-type":"","overlay-color":"","overlay-opacity":"","overlay-gradient":""},"tablet":{"background-color":"var(--ast-global-color-5)","background-image":"","background-repeat":"repeat","background-position":"center center","background-size":"auto","background-attachment":"scroll","background-type":"","background-media":"","overlay-type":"","overlay-color":"","overlay-opacity":"","overlay-gradient":""},"mobile":{"background-color":"var(--ast-global-color-5)","background-image":"","background-repeat":"repeat","background-position":"center center","background-size":"auto","background-attachment":"scroll","background-type":"","background-media":"","overlay-type":"","overlay-color":"","overlay-opacity":"","overlay-gradient":""}}},"product_brand":[],"product_cat":[33],"product_tag":[79],"class_list":{"0":"post-6657","1":"product","2":"type-product","3":"status-publish","4":"has-post-thumbnail","6":"product_cat-sprays","7":"product_tag-protector","8":"desktop-align-left","9":"tablet-align-left","10":"mobile-align-left","12":"first","13":"instock","14":"purchasable","15":"product-type-simple"},"aioseo_notices":[],"_links":{"self":[{"href":"https:\/\/www.aurorainyou.com\/sl\/wp-json\/wp\/v2\/product\/6657","targetHints":{"allow":["GET"]}}],"collection":[{"href":"https:\/\/www.aurorainyou.com\/sl\/wp-json\/wp\/v2\/product"}],"about":[{"href":"https:\/\/www.aurorainyou.com\/sl\/wp-json\/wp\/v2\/types\/product"}],"replies":[{"embeddable":true,"href":"https:\/\/www.aurorainyou.com\/sl\/wp-json\/wp\/v2\/comments?post=6657"}],"wp:featuredmedia":[{"embeddable":true,"href":"https:\/\/www.aurorainyou.com\/sl\/wp-json\/wp\/v2\/media\/6658"}],"wp:attachment":[{"href":"https:\/\/www.aurorainyou.com\/sl\/wp-json\/wp\/v2\/media?parent=6657"}],"wp:term":[{"taxonomy":"product_brand","embeddable":true,"href":"https:\/\/www.aurorainyou.com\/sl\/wp-json\/wp\/v2\/product_brand?post=6657"},{"taxonomy":"product_cat","embeddable":true,"href":"https:\/\/www.aurorainyou.com\/sl\/wp-json\/wp\/v2\/product_cat?post=6657"},{"taxonomy":"product_tag","embeddable":true,"href":"https:\/\/www.aurorainyou.com\/sl\/wp-json\/wp\/v2\/product_tag?post=6657"}],"curies":[{"name":"wp","href":"https:\/\/api.w.org\/{rel}","templated":true}]}}