{"id":6250,"date":"2023-10-09T11:08:05","date_gmt":"2023-10-09T11:08:05","guid":{"rendered":"https:\/\/www.aurorainyou.com\/?post_type=product&#038;p=6250"},"modified":"2025-06-02T16:40:26","modified_gmt":"2025-06-02T16:40:26","slug":"venus","status":"publish","type":"product","link":"https:\/\/www.aurorainyou.com\/sl\/izdelek\/venus\/","title":{"rendered":"Venus"},"content":{"rendered":"<p><strong>Venus 30 ml\/1,0 oz<\/strong><\/p>\n<p>Popolnoma naravna me\u0161anica eteri\u010dnih olj v pr\u0161ilu za laj\u0161anje<br \/>\n<strong>predmenstrualnih simptomov (PMS) in simptomov menopavze kot so vro\u010dinski valovi, ob\u010dutljivost in napetost v prsih, napihnjenost in zadr\u017eevanje vode, <\/strong><strong>\u017eiv\u010dnost, razdra\u017eljivost, nihanje razpolo\u017eenja, depresija, utrujenost, glavobol, vrtoglavica,<\/strong><br \/>\n<strong>in bole\u010dina v hrbtu.<\/strong><\/p>\n<p><strong>Navodila za uporabo:<\/strong><br \/>\n<strong>Pred uporabo dobro pretresite.<\/strong><br \/>\nPriporo\u010damo uporabo pr\u0161ila 2-3 krat na dan na enega od naslednjih na\u010dinov,<br \/>\nki vam najbolj ustreza:<br \/>\n1. Po\u0161kropite na pulzne to\u010dke kot so vrat in notranja stran zapestja (priporo\u010dljivo).<br \/>\n2. Uporabite pr\u0161ilo kot osve\u017eilec za sobo, pisarno ali avto.<br \/>\n3. Ne\u017eno po\u0161kropite na blazino ali posteljnino pred spanjem.<br \/>\n4. Po\u0161kropite na \u010dist rob\u010dek in globoko vdihnite.<\/p>\n<p><strong>Varnostna opozorila:<\/strong><br \/>\nNe uporabljajte med menstruacijo.<br \/>\nNe uporabljajte med nose\u010dnostjo ali dojenjem.<br \/>\nNi primerno za otroke mlaj\u0161e od 16 let.<br \/>\nNi primerno za u\u017eivanje.<br \/>\nNi primerno za vse, ki so alergi\u010dni<br \/>\nna Asteraceae kot je kamilica.<br \/>\nNe pr\u0161ite v o\u010di.<br \/>\nHraniti izven dosega otrok.<br \/>\nNe izpostavljajte neposredni son\u010dni svetlobi.<br \/>\n<strong>PRED UPORABO NATAN\u010cNO PREBERITE PRILO\u017dENA NAVODILA.<\/strong><\/p>\n<p>&nbsp;<\/p>\n<p><strong>SESTAVINE:<\/strong><br \/>\nAlkohol, Aqua (voda),<br \/>\nDi\u0161ava (Naravna eteri\u010dna olja),<br \/>\nLinalool, Limonene, Geraniol, Farnesol, Eugenol, Neral, Alpha-Pinene, Beta-Pinene, Terpinolene,<br \/>\nCitronellol, Alpha-Terpineol, Beta-Caryophyllene,<br \/>\nIsoeugenol, Geranial, Benzyl salicylate, Benzyl Benzoate.<br \/>\nDodatne sestavine: kristali.<\/p>\n<p>&nbsp;<\/p>\n<p>&nbsp;<\/p>\n<p>Proizvaja:<\/p>\n<p>\u201cAurora In You \u2013 spirit of essence\u201d, Ur\u0161ka Ko\u0161ak, s.p., Kotnikova 5, 1000 Ljubljana, Slovenia<\/p>\n<p>&nbsp;<\/p>\n<p>&nbsp;<\/p>\n<p><strong>Izjava o odgovornosti<\/strong><\/p>\n<p>Vsi izdelki blagovne znamke Aurora and You so namenjeni dvigu vibracije in izbolj\u0161anju splo\u0161nega po\u010dutja in niso nadomestilo za uradno medicino.<\/p>\n<p>Uprava za hrano in zdravila teh izjav ni ovrednotila. Ta izdelek ni namenjen diagnosticiranju, zdravljenju ali prepre\u010devanju katere koli bolezni. Pred uporabo se posvetujte z zdravnikom ali farmacevtom.<\/p>\n<p>Uporabljajte na lastno odgovornost.<\/p>","protected":false},"excerpt":{"rendered":"<p>Popolnoma naravna me\u0161anica eteri\u010dnih olj v pr\u0161ilu za laj\u0161anje:<br \/>\npredmenstrualnih simptomov (PMS) in simptomov menopavze kot so vro\u010dinski valovi, ob\u010dutljivost<\/p>","protected":false},"featured_media":6267,"comment_status":"open","ping_status":"closed","template":"","meta":{"_monsterinsights_skip_tracking":false,"_monsterinsights_sitenote_active":false,"_monsterinsights_sitenote_note":"","_monsterinsights_sitenote_category":0,"_uf_show_specific_survey":0,"_uf_disable_surveys":false,"site-sidebar-layout":"default","site-content-layout":"default","ast-site-content-layout":"default","site-content-style":"default","site-sidebar-style":"default","ast-global-header-display":"","ast-banner-title-visibility":"","ast-main-header-display":"","ast-hfb-above-header-display":"","ast-hfb-below-header-display":"","ast-hfb-mobile-header-display":"","site-post-title":"","ast-breadcrumbs-content":"","ast-featured-img":"","footer-sml-layout":"","ast-disable-related-posts":"","theme-transparent-header-meta":"default","adv-header-id-meta":"","stick-header-meta":"","header-above-stick-meta":"","header-main-stick-meta":"","header-below-stick-meta":"","astra-migrate-meta-layouts":"set","ast-page-background-enabled":"default","ast-page-background-meta":{"desktop":{"background-color":"","background-image":"","background-repeat":"repeat","background-position":"center center","background-size":"auto","background-attachment":"scroll","background-type":"","background-media":"","overlay-type":"","overlay-color":"","overlay-opacity":"","overlay-gradient":""},"tablet":{"background-color":"","background-image":"","background-repeat":"repeat","background-position":"center center","background-size":"auto","background-attachment":"scroll","background-type":"","background-media":"","overlay-type":"","overlay-color":"","overlay-opacity":"","overlay-gradient":""},"mobile":{"background-color":"","background-image":"","background-repeat":"repeat","background-position":"center center","background-size":"auto","background-attachment":"scroll","background-type":"","background-media":"","overlay-type":"","overlay-color":"","overlay-opacity":"","overlay-gradient":""}},"ast-content-background-meta":{"desktop":{"background-color":"var(--ast-global-color-5)","background-image":"","background-repeat":"repeat","background-position":"center center","background-size":"auto","background-attachment":"scroll","background-type":"","background-media":"","overlay-type":"","overlay-color":"","overlay-opacity":"","overlay-gradient":""},"tablet":{"background-color":"var(--ast-global-color-5)","background-image":"","background-repeat":"repeat","background-position":"center center","background-size":"auto","background-attachment":"scroll","background-type":"","background-media":"","overlay-type":"","overlay-color":"","overlay-opacity":"","overlay-gradient":""},"mobile":{"background-color":"var(--ast-global-color-5)","background-image":"","background-repeat":"repeat","background-position":"center center","background-size":"auto","background-attachment":"scroll","background-type":"","background-media":"","overlay-type":"","overlay-color":"","overlay-opacity":"","overlay-gradient":""}}},"product_brand":[],"product_cat":[33],"product_tag":[73,75,36,74,70,71,68,72,40,69],"class_list":{"0":"post-6250","1":"product","2":"type-product","3":"status-publish","4":"has-post-thumbnail","6":"product_cat-sprays","7":"product_tag-depression","8":"product_tag-dizziness","9":"product_tag-fatigue","10":"product_tag-headache","11":"product_tag-hot-flashes","12":"product_tag-irritability","13":"product_tag-menopause","14":"product_tag-mood-swings","15":"product_tag-nervousness","16":"product_tag-pms","17":"desktop-align-left","18":"tablet-align-left","19":"mobile-align-left","21":"first","22":"instock","23":"featured","24":"purchasable","25":"product-type-simple"},"aioseo_notices":[],"_links":{"self":[{"href":"https:\/\/www.aurorainyou.com\/sl\/wp-json\/wp\/v2\/product\/6250","targetHints":{"allow":["GET"]}}],"collection":[{"href":"https:\/\/www.aurorainyou.com\/sl\/wp-json\/wp\/v2\/product"}],"about":[{"href":"https:\/\/www.aurorainyou.com\/sl\/wp-json\/wp\/v2\/types\/product"}],"replies":[{"embeddable":true,"href":"https:\/\/www.aurorainyou.com\/sl\/wp-json\/wp\/v2\/comments?post=6250"}],"wp:featuredmedia":[{"embeddable":true,"href":"https:\/\/www.aurorainyou.com\/sl\/wp-json\/wp\/v2\/media\/6267"}],"wp:attachment":[{"href":"https:\/\/www.aurorainyou.com\/sl\/wp-json\/wp\/v2\/media?parent=6250"}],"wp:term":[{"taxonomy":"product_brand","embeddable":true,"href":"https:\/\/www.aurorainyou.com\/sl\/wp-json\/wp\/v2\/product_brand?post=6250"},{"taxonomy":"product_cat","embeddable":true,"href":"https:\/\/www.aurorainyou.com\/sl\/wp-json\/wp\/v2\/product_cat?post=6250"},{"taxonomy":"product_tag","embeddable":true,"href":"https:\/\/www.aurorainyou.com\/sl\/wp-json\/wp\/v2\/product_tag?post=6250"}],"curies":[{"name":"wp","href":"https:\/\/api.w.org\/{rel}","templated":true}]}}