{"id":5972,"date":"2023-04-05T20:30:00","date_gmt":"2023-04-05T20:30:00","guid":{"rendered":"https:\/\/www.aurorainyou.com\/?post_type=product&#038;p=5972"},"modified":"2025-06-02T16:43:54","modified_gmt":"2025-06-02T16:43:54","slug":"premium-60-minutes","status":"publish","type":"product","link":"https:\/\/www.aurorainyou.com\/sl\/izdelek\/premium-60-minutes\/","title":{"rendered":"Premium \u2013 60 minut"},"content":{"rendered":"<ul class=\"elementor-price-table__features-list\">\n<li class=\"elementor-repeater-item-52e161e\">\n<div class=\"elementor-price-table__feature-inner\">\u00a0Ob zahtevnih te\u017eavah.<\/div>\n<\/li>\n<li class=\"elementor-repeater-item-14ec208\">\n<div class=\"elementor-price-table__feature-inner\"><i class=\"far fa-star\" aria-hidden=\"true\"><\/i>\u00a0Za globlji uvid\/pogovor\/terapijo.<\/div>\n<\/li>\n<li class=\"elementor-repeater-item-12b2c4a\">\n<div class=\"elementor-price-table__feature-inner\"><i class=\"far fa-star\" aria-hidden=\"true\"><\/i>\u00a0Ve\u010d vpra\u0161anj.<\/div>\n<\/li>\n<li class=\"elementor-repeater-item-92bde99\">\n<div class=\"elementor-price-table__feature-inner\"><i class=\"far fa-star\" aria-hidden=\"true\"><\/i>\u00a0Ve\u010d podro\u010dij.<\/div>\n<\/li>\n<li class=\"elementor-repeater-item-dc97097\">\n<div class=\"elementor-price-table__feature-inner\"><i class=\"far fa-star\" aria-hidden=\"true\"><\/i>\u00a0Povezava z va\u0161im duhovnim vodstvom za razre\u0161itev te\u017eav ali napotke.<\/div>\n<\/li>\n<li class=\"elementor-repeater-item-34f165a\">\n<div class=\"elementor-price-table__feature-inner\"><i class=\"far fa-star\" aria-hidden=\"true\"><\/i>\u00a0Kanalizirano sporo\u010dilo va\u0161ih duhovnih vodnikov, angelov in nadangelov.<\/div>\n<\/li>\n<li class=\"elementor-repeater-item-9f89442\">\n<div class=\"elementor-price-table__feature-inner\"><i class=\"far fa-star\" aria-hidden=\"true\"><\/i>\u00a0Energijska terapija va\u0161ega duhovnega vodstva.<\/div>\n<\/li>\n<li class=\"elementor-repeater-item-8ac80e1\">\n<div class=\"elementor-price-table__feature-inner\"><i class=\"far fa-star\" aria-hidden=\"true\"><\/i>\u00a0Izdelava aromaterapevtske - energijske esence s svetlobno kodo za dvig va\u0161e vibracije in pomo\u010d pri re\u0161evanju va\u0161ih te\u017eav.<\/div>\n<\/li>\n<li class=\"elementor-repeater-item-c697bbf\">\n<div class=\"elementor-price-table__feature-inner\"><i class=\"far fa-star\" aria-hidden=\"true\"><\/i>\u00a0Brez stro\u0161kov prevezav.<\/div>\n<\/li>\n<li class=\"elementor-repeater-item-99f3dc4\">\n<div class=\"elementor-price-table__feature-inner\"><i class=\"far fa-star\" aria-hidden=\"true\"><\/i>\u00a0Klic na mobilno \u0161tevilko.**<\/div>\n<\/li>\n<\/ul>\n<p>**Ceno klica dolo\u010da va\u0161 ponudnik telefonskih storitev.<\/p>","protected":false},"excerpt":{"rendered":"<p>\u00a0When dealing with complex issues. \u00a0For a deeper insight\/discussion\/therapy. \u00a0Multiple questions. \u00a0Multiple areas. \u00a0Connection with your spiritual guidance for problem resolution or guidance. \u00a0Channelled messages from your spiritual guides, angels and archangels. \u00a0Energy therapy from your spiritual guidance. \u00a0Creation of an aromatherapy-energy essence with a light code to raise your vibration and help you solve [&hellip;]<\/p>\n","protected":false},"featured_media":5879,"comment_status":"open","ping_status":"closed","template":"","meta":{"_monsterinsights_skip_tracking":false,"_monsterinsights_sitenote_active":false,"_monsterinsights_sitenote_note":"","_monsterinsights_sitenote_category":0,"_uf_show_specific_survey":0,"_uf_disable_surveys":false,"site-sidebar-layout":"default","site-content-layout":"default","ast-site-content-layout":"default","site-content-style":"default","site-sidebar-style":"default","ast-global-header-display":"","ast-banner-title-visibility":"","ast-main-header-display":"","ast-hfb-above-header-display":"","ast-hfb-below-header-display":"","ast-hfb-mobile-header-display":"","site-post-title":"","ast-breadcrumbs-content":"","ast-featured-img":"","footer-sml-layout":"","ast-disable-related-posts":"","theme-transparent-header-meta":"default","adv-header-id-meta":"","stick-header-meta":"","header-above-stick-meta":"","header-main-stick-meta":"","header-below-stick-meta":"","astra-migrate-meta-layouts":"set","ast-page-background-enabled":"default","ast-page-background-meta":{"desktop":{"background-color":"","background-image":"","background-repeat":"repeat","background-position":"center center","background-size":"auto","background-attachment":"scroll","background-type":"","background-media":"","overlay-type":"","overlay-color":"","overlay-opacity":"","overlay-gradient":""},"tablet":{"background-color":"","background-image":"","background-repeat":"repeat","background-position":"center center","background-size":"auto","background-attachment":"scroll","background-type":"","background-media":"","overlay-type":"","overlay-color":"","overlay-opacity":"","overlay-gradient":""},"mobile":{"background-color":"","background-image":"","background-repeat":"repeat","background-position":"center center","background-size":"auto","background-attachment":"scroll","background-type":"","background-media":"","overlay-type":"","overlay-color":"","overlay-opacity":"","overlay-gradient":""}},"ast-content-background-meta":{"desktop":{"background-color":"var(--ast-global-color-5)","background-image":"","background-repeat":"repeat","background-position":"center center","background-size":"auto","background-attachment":"scroll","background-type":"","background-media":"","overlay-type":"","overlay-color":"","overlay-opacity":"","overlay-gradient":""},"tablet":{"background-color":"var(--ast-global-color-5)","background-image":"","background-repeat":"repeat","background-position":"center center","background-size":"auto","background-attachment":"scroll","background-type":"","background-media":"","overlay-type":"","overlay-color":"","overlay-opacity":"","overlay-gradient":""},"mobile":{"background-color":"var(--ast-global-color-5)","background-image":"","background-repeat":"repeat","background-position":"center center","background-size":"auto","background-attachment":"scroll","background-type":"","background-media":"","overlay-type":"","overlay-color":"","overlay-opacity":"","overlay-gradient":""}}},"product_brand":[],"product_cat":[54],"product_tag":[56,55,57],"class_list":{"0":"post-5972","1":"product","2":"type-product","3":"status-publish","4":"has-post-thumbnail","6":"product_cat-tarot-reading","7":"product_tag-future","8":"product_tag-reading","9":"product_tag-tarot","10":"desktop-align-left","11":"tablet-align-left","12":"mobile-align-left","14":"first","15":"instock","16":"virtual","17":"sold-individually","18":"purchasable","19":"product-type-simple"},"aioseo_notices":[],"_links":{"self":[{"href":"https:\/\/www.aurorainyou.com\/sl\/wp-json\/wp\/v2\/product\/5972","targetHints":{"allow":["GET"]}}],"collection":[{"href":"https:\/\/www.aurorainyou.com\/sl\/wp-json\/wp\/v2\/product"}],"about":[{"href":"https:\/\/www.aurorainyou.com\/sl\/wp-json\/wp\/v2\/types\/product"}],"replies":[{"embeddable":true,"href":"https:\/\/www.aurorainyou.com\/sl\/wp-json\/wp\/v2\/comments?post=5972"}],"wp:featuredmedia":[{"embeddable":true,"href":"https:\/\/www.aurorainyou.com\/sl\/wp-json\/wp\/v2\/media\/5879"}],"wp:attachment":[{"href":"https:\/\/www.aurorainyou.com\/sl\/wp-json\/wp\/v2\/media?parent=5972"}],"wp:term":[{"taxonomy":"product_brand","embeddable":true,"href":"https:\/\/www.aurorainyou.com\/sl\/wp-json\/wp\/v2\/product_brand?post=5972"},{"taxonomy":"product_cat","embeddable":true,"href":"https:\/\/www.aurorainyou.com\/sl\/wp-json\/wp\/v2\/product_cat?post=5972"},{"taxonomy":"product_tag","embeddable":true,"href":"https:\/\/www.aurorainyou.com\/sl\/wp-json\/wp\/v2\/product_tag?post=5972"}],"curies":[{"name":"wp","href":"https:\/\/api.w.org\/{rel}","templated":true}]}}