{"id":5532,"date":"2022-11-26T10:59:27","date_gmt":"2022-11-26T10:59:27","guid":{"rendered":"https:\/\/www.aurorainyou.com\/?post_type=product&#038;p=5532"},"modified":"2025-06-02T18:40:57","modified_gmt":"2025-06-02T18:40:57","slug":"sweet-dreams","status":"publish","type":"product","link":"https:\/\/www.aurorainyou.com\/sl\/izdelek\/sweet-dreams\/","title":{"rendered":"Sweet Dreams"},"content":{"rendered":"<p><strong>SWEET DREAMS (50 ml)<\/strong><\/p>\n<p><strong>Sprej za izbolj\u0161anje po\u010dutja<\/strong><\/p>\n<p>Sweet Dreams je popolna re\u0161itev za vse, ki si \u017eelijo pregnati nespe\u010dnost in se zbuditi sve\u017ei in polni energije.<\/p>\n<p>Na\u0161 izjemno u\u010dinkovit aromaterapevtski izdelek je ustvarjen za laj\u0161anje napetosti, zmanj\u0161anje stresa in spodbujanje globokega in mirnega spanca.<\/p>\n<p>Izdelan je z mo\u010dno me\u0161anico naravnih eteri\u010dnih olj, kristalov in svetlobnih kod, ki na popoln na\u010din izbolj\u0161ajo va\u0161e razpolo\u017eenje, pomirijo va\u0161e \u010dute in pove\u010dajo va\u0161e celotno po\u010dutje.<\/p>\n<p>&nbsp;<\/p>\n<p><strong>Zakaj izbrati Sweet Dreams'<\/strong><\/p>\n<ul>\n<li>Kadar zve\u010der ne morete zaspati ali pa se pono\u010di zbujate.<\/li>\n<li>Ko se zbujate utrujeni in neprespani.<\/li>\n<li>Ko se po\u010dutite pod stresom, tesnobni ali nervozni.<\/li>\n<li>\u010ce ne morete dobro spati zaradi skrbi, pretiranih misli, izgorelosti, utrujenosti, stresa, nemira, strahu, tesnobe in nervoze.<\/li>\n<li>Ko je vse, kar si \u017eeli\u0161, le po\u010ditek in sprostitev \u00a0od vrve\u017ea vsakdanjega \u017eivljenja.<\/li>\n<\/ul>\n<p>Na\u0161a formula je primerna za vse tipe ko\u017ee in je enostavna za uporabo - <strong>pred spanjem preprosto popr\u0161ite nekajkrat na blazino ali v zrak okoli sebe, ali pa na pulzne to\u010dke, da boste u\u017eivali v globokem in mirnem spancu.\u00a0<\/strong><\/p>\n<p><strong>Uporabite ga lahko tudi, ko ste pod stresom ali nervozni.\u00a0 <\/strong><strong>Razpr\u0161ite Sweet Dreams na pulzne to\u010dke, da u\u017eivate v blagodejnih u\u010dinkih na\u0161e me\u0161anice.<\/strong><\/p>\n<p>&nbsp;<\/p>\n<p><strong>Vsebuje naravna, avtenti\u010dna eteri\u010dna olja\u00a0prave sivke, rimske kamilice, nerolija in ylang ylanga, ki dokazano delujejo pomirjujo\u010de na telo, spro\u0161\u010dajo um in duha.<\/strong><\/p>\n<p>Ve\u010d informacij o delovanju eteri\u010dnih olj najdete na <a href=\"https:\/\/www.aurorainyou.com\/sl\/\">www.aurorainyou.com.<\/a><\/p>\n<p><strong>UPORABA:<\/strong><\/p>\n<p><strong>Pred uporabo dobro pretresite.<\/strong><\/p>\n<p><strong>Pred spanjem preprosto popr\u0161ite nekajkrat na blazino ali v zrak okoli sebe, ali pa na pulzne to\u010dke in u\u017eivajte v globokem in mirnem spancu.\u00a0<\/strong><\/p>\n<p><strong>Uporabite ga lahko tudi, ko ste pod stresom ali nervozni.\u00a0 <\/strong><strong>Razpr\u0161ite Sweet Dreams na pulzne to\u010dke, da u\u017eivate v blagodejnih u\u010dinkih na\u0161e me\u0161anice.<\/strong><\/p>\n<p><strong>\u00a0<\/strong><\/p>\n<p><strong>Varnostna opozorila:<\/strong><\/p>\n<ul>\n<li>Ni primerno za otroke mlaj\u0161e od 6 let.<\/li>\n<li>Ni primerno za u\u017eivanje.<\/li>\n<li>Ni primerno za vse, ki so alergi\u010dni na Nebinovke, kot je kamilica.<\/li>\n<li>Ne pr\u0161ite v o\u010di.<\/li>\n<li>Hraniti izven dosega otrok.<\/li>\n<li>Ne izpostavljajte neposredni son\u010dni svetlobi.<\/li>\n<li>Pred uporabo natan\u010dno preberite prilo\u017eena navodila.<\/li>\n<\/ul>\n<p><strong>SESTAVINE:<\/strong><\/p>\n<p>Aqua, Alcohol denat, (naravna eteri\u010dna olja), linalool, limonen, geraniol, farnesol, evgenol, neral, izoevgenol, geranial, benzil salicilat, benzil benzoat. Dodatne spojine: kristali.<\/p>\n<p>&nbsp;<\/p>\n<p>Proizvaja:<\/p>\n<p>&#8220;Aurora In You &#8211; spirit of essence&#8221;, Ur\u0161ka Ko\u0161ak, s.p., Kotnikova 5, 1000 Ljubljana, Slovenia<\/p>\n<p>&nbsp;<\/p>\n<p>&nbsp;<\/p>\n<p><strong>Izjava o odgovornosti<\/strong><\/p>\n<p>Vsi izdelki blagovne znamke Aurora and You so namenjeni dvigu vibracije in izbolj\u0161anju splo\u0161nega po\u010dutja in niso nadomestilo za uradno medicino.<\/p>\n<p>Uprava za hrano in zdravila teh izjav ni ovrednotila. Ta izdelek ni namenjen diagnosticiranju, zdravljenju ali prepre\u010devanju katere koli bolezni. Pred uporabo se posvetujte z zdravnikom ali farmacevtom.<\/p>\n<p>Uporabljajte na lastno odgovornost.<\/p>","protected":false},"excerpt":{"rendered":"<p><strong>nespe\u010dnost, utrujenost, stres, tesnoba, \u017eiv\u010dnost<\/strong><\/p>\n<p>Vsebuje naravna, avtenti\u010dna eteri\u010dna olja\u00a0prave sivke, rimske kamilice, nerolija in ylang ylanga, ki dokazano delujejo pomirjujo\u010de na telo, spro\u0161\u010dajo um in duha.<\/p>\n<p>50 ml\/1,7 oz<\/p>","protected":false},"featured_media":5363,"comment_status":"open","ping_status":"closed","template":"","meta":{"_monsterinsights_skip_tracking":false,"_monsterinsights_sitenote_active":false,"_monsterinsights_sitenote_note":"","_monsterinsights_sitenote_category":0,"_uf_show_specific_survey":0,"_uf_disable_surveys":false,"site-sidebar-layout":"default","site-content-layout":"default","ast-site-content-layout":"default","site-content-style":"default","site-sidebar-style":"default","ast-global-header-display":"","ast-banner-title-visibility":"","ast-main-header-display":"","ast-hfb-above-header-display":"","ast-hfb-below-header-display":"","ast-hfb-mobile-header-display":"","site-post-title":"","ast-breadcrumbs-content":"","ast-featured-img":"","footer-sml-layout":"","ast-disable-related-posts":"","theme-transparent-header-meta":"default","adv-header-id-meta":"","stick-header-meta":"","header-above-stick-meta":"","header-main-stick-meta":"","header-below-stick-meta":"","astra-migrate-meta-layouts":"set","ast-page-background-enabled":"default","ast-page-background-meta":{"desktop":{"background-color":"","background-image":"","background-repeat":"repeat","background-position":"center center","background-size":"auto","background-attachment":"scroll","background-type":"","background-media":"","overlay-type":"","overlay-color":"","overlay-opacity":"","overlay-gradient":""},"tablet":{"background-color":"","background-image":"","background-repeat":"repeat","background-position":"center center","background-size":"auto","background-attachment":"scroll","background-type":"","background-media":"","overlay-type":"","overlay-color":"","overlay-opacity":"","overlay-gradient":""},"mobile":{"background-color":"","background-image":"","background-repeat":"repeat","background-position":"center center","background-size":"auto","background-attachment":"scroll","background-type":"","background-media":"","overlay-type":"","overlay-color":"","overlay-opacity":"","overlay-gradient":""}},"ast-content-background-meta":{"desktop":{"background-color":"var(--ast-global-color-5)","background-image":"","background-repeat":"repeat","background-position":"center center","background-size":"auto","background-attachment":"scroll","background-type":"","background-media":"","overlay-type":"","overlay-color":"","overlay-opacity":"","overlay-gradient":""},"tablet":{"background-color":"var(--ast-global-color-5)","background-image":"","background-repeat":"repeat","background-position":"center center","background-size":"auto","background-attachment":"scroll","background-type":"","background-media":"","overlay-type":"","overlay-color":"","overlay-opacity":"","overlay-gradient":""},"mobile":{"background-color":"var(--ast-global-color-5)","background-image":"","background-repeat":"repeat","background-position":"center center","background-size":"auto","background-attachment":"scroll","background-type":"","background-media":"","overlay-type":"","overlay-color":"","overlay-opacity":"","overlay-gradient":""}}},"product_brand":[],"product_cat":[33],"product_tag":[37,36,34,40,38,35,39],"class_list":{"0":"post-5532","1":"product","2":"type-product","3":"status-publish","4":"has-post-thumbnail","6":"product_cat-sprays","7":"product_tag-anxiety","8":"product_tag-fatigue","9":"product_tag-insomnia","10":"product_tag-nervousness","11":"product_tag-spray","12":"product_tag-stress","13":"product_tag-sweet-dreams","14":"desktop-align-left","15":"tablet-align-left","16":"mobile-align-left","18":"first","19":"instock","20":"featured","21":"purchasable","22":"product-type-simple"},"aioseo_notices":[],"_links":{"self":[{"href":"https:\/\/www.aurorainyou.com\/sl\/wp-json\/wp\/v2\/product\/5532","targetHints":{"allow":["GET"]}}],"collection":[{"href":"https:\/\/www.aurorainyou.com\/sl\/wp-json\/wp\/v2\/product"}],"about":[{"href":"https:\/\/www.aurorainyou.com\/sl\/wp-json\/wp\/v2\/types\/product"}],"replies":[{"embeddable":true,"href":"https:\/\/www.aurorainyou.com\/sl\/wp-json\/wp\/v2\/comments?post=5532"}],"wp:featuredmedia":[{"embeddable":true,"href":"https:\/\/www.aurorainyou.com\/sl\/wp-json\/wp\/v2\/media\/5363"}],"wp:attachment":[{"href":"https:\/\/www.aurorainyou.com\/sl\/wp-json\/wp\/v2\/media?parent=5532"}],"wp:term":[{"taxonomy":"product_brand","embeddable":true,"href":"https:\/\/www.aurorainyou.com\/sl\/wp-json\/wp\/v2\/product_brand?post=5532"},{"taxonomy":"product_cat","embeddable":true,"href":"https:\/\/www.aurorainyou.com\/sl\/wp-json\/wp\/v2\/product_cat?post=5532"},{"taxonomy":"product_tag","embeddable":true,"href":"https:\/\/www.aurorainyou.com\/sl\/wp-json\/wp\/v2\/product_tag?post=5532"}],"curies":[{"name":"wp","href":"https:\/\/api.w.org\/{rel}","templated":true}]}}