{"id":6165,"date":"2023-10-04T14:45:31","date_gmt":"2023-10-04T14:45:31","guid":{"rendered":"https:\/\/www.aurorainyou.com\/?page_id=6165"},"modified":"2025-06-02T15:25:32","modified_gmt":"2025-06-02T15:25:32","slug":"venus","status":"publish","type":"page","link":"https:\/\/www.aurorainyou.com\/sl\/venus\/","title":{"rendered":"Venus"},"content":{"rendered":"<div data-elementor-type=\"wp-page\" data-elementor-id=\"6165\" class=\"elementor elementor-6165\" data-elementor-post-type=\"page\">\n\t\t\t\t\t\t<section class=\"elementor-section elementor-top-section elementor-element elementor-element-c2ce770 elementor-section-boxed elementor-section-height-default elementor-section-height-default\" data-id=\"c2ce770\" data-element_type=\"section\" data-e-type=\"section\">\n\t\t\t\t\t\t<div class=\"elementor-container elementor-column-gap-default\">\n\t\t\t\t\t<div class=\"elementor-column elementor-col-50 elementor-top-column elementor-element elementor-element-cd0e342\" data-id=\"cd0e342\" data-element_type=\"column\" data-e-type=\"column\">\n\t\t\t<div class=\"elementor-widget-wrap elementor-element-populated\">\n\t\t\t\t\t\t<div class=\"elementor-element elementor-element-c7ce151 elementor-widget elementor-widget-image\" data-id=\"c7ce151\" data-element_type=\"widget\" data-e-type=\"widget\" data-widget_type=\"image.default\">\n\t\t\t\t<div class=\"elementor-widget-container\">\n\t\t\t\t\t\t\t\t\t\t\t\t\t\t\t<img fetchpriority=\"high\" decoding=\"async\" width=\"1024\" height=\"1024\" src=\"https:\/\/www.aurorainyou.com\/wp-content\/uploads\/2023\/10\/pms-and-menopause-1024x1024.png\" class=\"attachment-large size-large wp-image-6194\" alt=\"\" srcset=\"https:\/\/www.aurorainyou.com\/wp-content\/uploads\/2023\/10\/pms-and-menopause-1024x1024.png 1024w, https:\/\/www.aurorainyou.com\/wp-content\/uploads\/2023\/10\/pms-and-menopause-300x300.png 300w, https:\/\/www.aurorainyou.com\/wp-content\/uploads\/2023\/10\/pms-and-menopause-150x150.png 150w, https:\/\/www.aurorainyou.com\/wp-content\/uploads\/2023\/10\/pms-and-menopause-768x768.png 768w, https:\/\/www.aurorainyou.com\/wp-content\/uploads\/2023\/10\/pms-and-menopause-12x12.png 12w, https:\/\/www.aurorainyou.com\/wp-content\/uploads\/2023\/10\/pms-and-menopause-600x600.png 600w, https:\/\/www.aurorainyou.com\/wp-content\/uploads\/2023\/10\/pms-and-menopause-100x100.png 100w, https:\/\/www.aurorainyou.com\/wp-content\/uploads\/2023\/10\/pms-and-menopause.png 1080w\" sizes=\"(max-width: 1024px) 100vw, 1024px\" \/>\t\t\t\t\t\t\t\t\t\t\t\t\t\t\t<\/div>\n\t\t\t\t<\/div>\n\t\t\t\t\t<\/div>\n\t\t<\/div>\n\t\t\t\t<div class=\"elementor-column elementor-col-50 elementor-top-column elementor-element elementor-element-585de3e\" data-id=\"585de3e\" data-element_type=\"column\" data-e-type=\"column\">\n\t\t\t<div class=\"elementor-widget-wrap elementor-element-populated\">\n\t\t\t\t\t\t<div class=\"elementor-element elementor-element-d93cebd elementor-widget elementor-widget-heading\" data-id=\"d93cebd\" data-element_type=\"widget\" data-e-type=\"widget\" data-widget_type=\"heading.default\">\n\t\t\t\t<div class=\"elementor-widget-container\">\n\t\t\t\t\t<h2 class=\"elementor-heading-title elementor-size-default\">Ste utrujeni od neprijetnih simptomov PMS ali menopavze?<\/h2>\t\t\t\t<\/div>\n\t\t\t\t<\/div>\n\t\t\t\t<div class=\"elementor-element elementor-element-cb94e7b elementor-widget elementor-widget-spacer\" data-id=\"cb94e7b\" data-element_type=\"widget\" data-e-type=\"widget\" data-widget_type=\"spacer.default\">\n\t\t\t\t<div class=\"elementor-widget-container\">\n\t\t\t\t\t\t\t<div class=\"elementor-spacer\">\n\t\t\t<div class=\"elementor-spacer-inner\"><\/div>\n\t\t<\/div>\n\t\t\t\t\t\t<\/div>\n\t\t\t\t<\/div>\n\t\t\t\t<div class=\"elementor-element elementor-element-b642f19 elementor-widget elementor-widget-text-editor\" data-id=\"b642f19\" data-element_type=\"widget\" data-e-type=\"widget\" data-widget_type=\"text-editor.default\">\n\t\t\t\t<div class=\"elementor-widget-container\">\n\t\t\t\t\t\t\t\t\t<p>\ud83c\udf1fZa\u017eivite v svoji najbolj\u0161i lu\u010di z naravno mo\u010djo eteri\u010dnih olj!\ud83c\udf1f<\/p>\t\t\t\t\t\t\t\t<\/div>\n\t\t\t\t<\/div>\n\t\t\t\t\t<\/div>\n\t\t<\/div>\n\t\t\t\t\t<\/div>\n\t\t<\/section>\n\t\t\t\t<section class=\"elementor-section elementor-top-section elementor-element elementor-element-90f7838 elementor-section-boxed elementor-section-height-default elementor-section-height-default\" data-id=\"90f7838\" data-element_type=\"section\" data-e-type=\"section\">\n\t\t\t\t\t\t<div class=\"elementor-container elementor-column-gap-default\">\n\t\t\t\t\t<div class=\"elementor-column elementor-col-50 elementor-top-column elementor-element elementor-element-86f1cc5\" data-id=\"86f1cc5\" data-element_type=\"column\" data-e-type=\"column\">\n\t\t\t<div class=\"elementor-widget-wrap elementor-element-populated\">\n\t\t\t\t\t\t<div class=\"elementor-element elementor-element-4e4d5b1 elementor-widget elementor-widget-text-editor\" data-id=\"4e4d5b1\" data-element_type=\"widget\" data-e-type=\"widget\" data-widget_type=\"text-editor.default\">\n\t\t\t\t<div class=\"elementor-widget-container\">\n\t\t\t\t\t\t\t\t\t<p>\ud83c\udf89\ud83c\udf38 <strong>DRAGE DAME, POZOR!<\/strong> \ud83c\udf38\ud83c\udf89<\/p><p><span style=\"font-size: 16px;\">Ali ste kdaj \u017eelele za\u010darati PMS ali simptome menopavze ter jih poslati na po\u010ditnice na oddaljen otok?<\/span><\/p><p><span style=\"font-size: 16px;\"> No, sicer nismo \u010darovniki, ampak imamo naslednjo najbolj\u0161o stvar - <strong>Venus<\/strong>!!<\/span><\/p>\t\t\t\t\t\t\t\t<\/div>\n\t\t\t\t<\/div>\n\t\t\t\t\t<\/div>\n\t\t<\/div>\n\t\t\t\t<div class=\"elementor-column elementor-col-50 elementor-top-column elementor-element elementor-element-fab2714\" data-id=\"fab2714\" data-element_type=\"column\" data-e-type=\"column\">\n\t\t\t<div class=\"elementor-widget-wrap\">\n\t\t\t\t\t\t\t<\/div>\n\t\t<\/div>\n\t\t\t\t\t<\/div>\n\t\t<\/section>\n\t\t\t\t<section class=\"elementor-section elementor-top-section elementor-element elementor-element-c6e153c elementor-section-boxed elementor-section-height-default elementor-section-height-default\" data-id=\"c6e153c\" data-element_type=\"section\" data-e-type=\"section\">\n\t\t\t\t\t\t<div class=\"elementor-container elementor-column-gap-default\">\n\t\t\t\t\t<div class=\"elementor-column elementor-col-50 elementor-top-column elementor-element elementor-element-68469ee\" data-id=\"68469ee\" data-element_type=\"column\" data-e-type=\"column\">\n\t\t\t<div class=\"elementor-widget-wrap elementor-element-populated\">\n\t\t\t\t\t\t<div class=\"elementor-element elementor-element-aa6e1cb elementor-widget elementor-widget-image\" data-id=\"aa6e1cb\" data-element_type=\"widget\" data-e-type=\"widget\" data-widget_type=\"image.default\">\n\t\t\t\t<div class=\"elementor-widget-container\">\n\t\t\t\t\t\t\t\t\t\t\t\t\t\t\t<img decoding=\"async\" width=\"131\" height=\"300\" src=\"https:\/\/www.aurorainyou.com\/wp-content\/uploads\/2023\/10\/Venus-Flaska-131x300.png\" class=\"attachment-medium size-medium wp-image-6167\" alt=\"Venus\" srcset=\"https:\/\/www.aurorainyou.com\/wp-content\/uploads\/2023\/10\/Venus-Flaska-131x300.png 131w, https:\/\/www.aurorainyou.com\/wp-content\/uploads\/2023\/10\/Venus-Flaska-448x1024.png 448w, https:\/\/www.aurorainyou.com\/wp-content\/uploads\/2023\/10\/Venus-Flaska-5x12.png 5w, https:\/\/www.aurorainyou.com\/wp-content\/uploads\/2023\/10\/Venus-Flaska.png 467w\" sizes=\"(max-width: 131px) 100vw, 131px\" \/>\t\t\t\t\t\t\t\t\t\t\t\t\t\t\t<\/div>\n\t\t\t\t<\/div>\n\t\t\t\t\t<\/div>\n\t\t<\/div>\n\t\t\t\t<div class=\"elementor-column elementor-col-50 elementor-top-column elementor-element elementor-element-64439a7\" data-id=\"64439a7\" data-element_type=\"column\" data-e-type=\"column\">\n\t\t\t<div class=\"elementor-widget-wrap\">\n\t\t\t\t\t\t\t<\/div>\n\t\t<\/div>\n\t\t\t\t\t<\/div>\n\t\t<\/section>\n\t\t\t\t<section class=\"elementor-section elementor-top-section elementor-element elementor-element-f4087a9 elementor-section-boxed elementor-section-height-default elementor-section-height-default\" data-id=\"f4087a9\" data-element_type=\"section\" data-e-type=\"section\">\n\t\t\t\t\t\t<div class=\"elementor-container elementor-column-gap-default\">\n\t\t\t\t\t<div class=\"elementor-column elementor-col-50 elementor-top-column elementor-element elementor-element-c5f179d\" data-id=\"c5f179d\" data-element_type=\"column\" data-e-type=\"column\">\n\t\t\t<div class=\"elementor-widget-wrap elementor-element-populated\">\n\t\t\t\t\t\t<div class=\"elementor-element elementor-element-024acb4 elementor-widget elementor-widget-text-editor\" data-id=\"024acb4\" data-element_type=\"widget\" data-e-type=\"widget\" data-widget_type=\"text-editor.default\">\n\t\t\t\t<div class=\"elementor-widget-container\">\n\t\t\t\t\t\t\t\t\t<p><strong>Venus<\/strong> je edinstven sprej, skrbno formuliran za sodobne \u017eenske.<\/p><p>Ne gre le za \u0161e en izdelek na trgu; to je naravna re\u0161itev, ki je namenjena temu, da vam pomaga obvladovati in laj\u0161ati simptome <strong>PMS in menopavze<\/strong> kot so:<\/p><p><img decoding=\"async\" class=\"emoji\" role=\"img\" draggable=\"false\" src=\"https:\/\/s.w.org\/images\/core\/emoji\/14.0.0\/svg\/1f449.svg\" alt=\"\ud83d\udc49\" \/>razdra\u017eljivost,<\/p><p><img decoding=\"async\" class=\"emoji\" role=\"img\" draggable=\"false\" src=\"https:\/\/s.w.org\/images\/core\/emoji\/14.0.0\/svg\/1f449.svg\" alt=\"\ud83d\udc49\" \/>ob\u010dutljivost in napetost v dojkah,<\/p><p><img decoding=\"async\" class=\"emoji\" role=\"img\" draggable=\"false\" src=\"https:\/\/s.w.org\/images\/core\/emoji\/14.0.0\/svg\/1f449.svg\" alt=\"\ud83d\udc49\" \/>nihanje razpolo\u017eenja,<\/p><p><img decoding=\"async\" class=\"emoji\" role=\"img\" draggable=\"false\" src=\"https:\/\/s.w.org\/images\/core\/emoji\/14.0.0\/svg\/1f449.svg\" alt=\"\ud83d\udc49\" \/>utrujenost,<\/p><p><img decoding=\"async\" class=\"emoji\" role=\"img\" draggable=\"false\" src=\"https:\/\/s.w.org\/images\/core\/emoji\/14.0.0\/svg\/1f449.svg\" alt=\"\ud83d\udc49\" \/>vro\u010dinski oblivi,<\/p><p><img decoding=\"async\" class=\"emoji\" role=\"img\" draggable=\"false\" src=\"https:\/\/s.w.org\/images\/core\/emoji\/14.0.0\/svg\/1f449.svg\" alt=\"\ud83d\udc49\" \/>no\u010dno potenje,<\/p><p><img decoding=\"async\" class=\"emoji\" role=\"img\" draggable=\"false\" src=\"https:\/\/s.w.org\/images\/core\/emoji\/14.0.0\/svg\/1f449.svg\" alt=\"\ud83d\udc49\" \/>te\u017eave s spanjem,\u00a0<\/p><p><img decoding=\"async\" class=\"emoji\" role=\"img\" draggable=\"false\" src=\"https:\/\/s.w.org\/images\/core\/emoji\/14.0.0\/svg\/1f449.svg\" alt=\"\ud83d\udc49\" \/>zmanj\u0161an libido,<\/p><p>\ud83d\udc49in drugo.<\/p><p>Ustvarjeno z <strong>ljubeznijo<\/strong> in <strong>znanstveno podprto<\/strong>, Venus vsebuje <strong>naj\u010distej\u0161a eteri\u010dna olja<\/strong> ki delujejo <strong>sinergi\u010dno<\/strong> za optimalne rezultate.<\/p>\t\t\t\t\t\t\t\t<\/div>\n\t\t\t\t<\/div>\n\t\t\t\t<div class=\"elementor-element elementor-element-2ad6945 elementor-widget elementor-widget-text-editor\" data-id=\"2ad6945\" data-element_type=\"widget\" data-e-type=\"widget\" data-widget_type=\"text-editor.default\">\n\t\t\t\t<div class=\"elementor-widget-container\">\n\t\t\t\t\t\t\t\t\t<p>Venus je naraven sprej\u010dek, ki zdru\u017euje \u010dude\u017ene lastnosti <strong>kristalov<\/strong> in eteri\u010dnih olj <strong>mu\u0161katne kadulje, geranije, ilang ilanga, rimske kamilice in mandarine.\u00a0<\/strong><\/p><p>Te rastline so \u017ee stoletja priznane zaradi svojih terapevtskih lastnosti:<\/p>\t\t\t\t\t\t\t\t<\/div>\n\t\t\t\t<\/div>\n\t\t\t\t<div class=\"elementor-element elementor-element-c3867dd elementor-widget elementor-widget-text-editor\" data-id=\"c3867dd\" data-element_type=\"widget\" data-e-type=\"widget\" data-widget_type=\"text-editor.default\">\n\t\t\t\t<div class=\"elementor-widget-container\">\n\t\t\t\t\t\t\t\t\t<p>Mu\u0161katna kadulja uravnava hormone. Ena od sestavin olja mu\u0161katne kadulje je <strong>sklareol, ki v telesu posnema u\u010dinke estrogena.<\/strong>. <a href=\"https:\/\/www.healthline.com\/health\/clary-sage\">Ve\u010d:<\/a><\/p><p>\ud83c\udf38\u00a0Geranija laj\u0161a ob\u010dutke tesnobe.\u00a0<a class=\"content-link css-5r4717\" href=\"https:\/\/www.ncbi.nlm.nih.gov\/pubmed\/28326753\" target=\"_blank\" rel=\"noopener noreferrer\" aria-label=\" (opens in a new tab)\">\u0160tudija <\/a>je pokazala, da je aromaterapija z eteri\u010dnim oljem geranije <strong>koristna pri spodbujanju izlo\u010danja estrogenu podobnih snovi.<\/strong>.<\/p><p>\ud83c\udf38 Ilang ilang zmanj\u0161a anksioznost in izbolj\u0161a razpolo\u017eenje. Eden najbolj znanih u\u010dinkov eteri\u010dnega olja ilang ilanga je, da deluje kot mo\u010dan afrodiziak. Njegova senzualna aroma <b>pomaga pove\u010dati libido, pove\u010dati spolno vzburjenje, poudariti ob\u010dutek dotika in spodbujati intimnost.<\/b>. <a href=\"https:\/\/www.healthline.com\/health\/ylang-ylang\">Ve\u010d:<\/a><\/p><p>\ud83c\udf38 Rimska kamilica <strong>spro\u0161\u010da in pomirja.<\/strong>. <a href=\"https:\/\/www.healthline.com\/health\/chamomile-oil\">Ve\u010d:<\/a><\/p><p>\ud83c\udf38 Mandarina vam prina\u0161a <strong>ob\u010dutek radosti in sve\u017eine.<\/strong>. <a href=\"https:\/\/www.youngliving.com\/blog\/benefits-of-tangerine-essential-oil\/\">Ve\u010d:<\/a><\/p>\t\t\t\t\t\t\t\t<\/div>\n\t\t\t\t<\/div>\n\t\t\t\t<div class=\"elementor-element elementor-element-e12b2e8 elementor-cta--layout-image-left elementor-cta--skin-classic elementor-animated-content elementor-bg-transform elementor-bg-transform-zoom-in elementor-widget elementor-widget-call-to-action\" data-id=\"e12b2e8\" data-element_type=\"widget\" data-e-type=\"widget\" data-widget_type=\"call-to-action.default\">\n\t\t\t\t<div class=\"elementor-widget-container\">\n\t\t\t\t\t\t\t<div class=\"elementor-cta\">\n\t\t\t\t\t<div class=\"elementor-cta__bg-wrapper\">\n\t\t\t\t<div class=\"elementor-cta__bg elementor-bg\" style=\"background-image: url(https:\/\/www.aurorainyou.com\/wp-content\/uploads\/2023\/10\/menopause-happy-e1696846964365-1024x643.png);\" role=\"img\" aria-label=\"menopause happy\"><\/div>\n\t\t\t\t<div class=\"elementor-cta__bg-overlay\"><\/div>\n\t\t\t<\/div>\n\t\t\t\t\t\t\t<div class=\"elementor-cta__content\">\n\t\t\t\t\n\t\t\t\t\t\t\t\t\t<h2 class=\"elementor-cta__title elementor-cta__content-item elementor-content-item\">\n\t\t\t\t\t\tZakaj Venus?\t\t\t\t\t<\/h2>\n\t\t\t\t\n\t\t\t\t\t\t\t\t\t<div class=\"elementor-cta__description elementor-cta__content-item elementor-content-item\">\n\t\t\t\t\t\tKer ste edinstvene, mo\u010dne in si zaslu\u017eite najbolj\u0161e.\t\t\t\t\t<\/div>\n\t\t\t\t\n\t\t\t\t\t\t\t\t\t<div class=\"elementor-cta__button-wrapper elementor-cta__content-item elementor-content-item\">\n\t\t\t\t\t<a class=\"elementor-cta__button elementor-button elementor-size-\" href=\"https:\/\/www.aurorainyou.com\/sl\/izdelek\/venus\/\">\n\t\t\t\t\t\tDa, \u017eelim naro\u010diti!\t\t\t\t\t<\/a>\n\t\t\t\t\t<\/div>\n\t\t\t\t\t\t\t<\/div>\n\t\t\t\t\t\t<\/div>\n\t\t\t\t\t\t<\/div>\n\t\t\t\t<\/div>\n\t\t\t\t<div class=\"elementor-element elementor-element-cb24442 elementor-widget elementor-widget-text-editor\" data-id=\"cb24442\" data-element_type=\"widget\" data-e-type=\"widget\" data-widget_type=\"text-editor.default\">\n\t\t\t\t<div class=\"elementor-widget-container\">\n\t\t\t\t\t\t\t\t\t<p>\ud83c\udf43Zamislite si dan, ko PMS ali simptomi menopavze ne vplivajo ve\u010d na va\u0161e po\u010dutje.<\/p><p>\ud83c\udf43Dan, ko se po\u010dutite spro\u0161\u010dene, uravnote\u017eene in polne energije.<\/p><p>Venus vam prina\u0161a prav to - naravno mo\u010d za premagovanje vsakodnevnih ovir!<\/p>\t\t\t\t\t\t\t\t<\/div>\n\t\t\t\t<\/div>\n\t\t\t\t<div class=\"elementor-element elementor-element-c696cf2 elementor-widget elementor-widget-image\" data-id=\"c696cf2\" data-element_type=\"widget\" data-e-type=\"widget\" data-widget_type=\"image.default\">\n\t\t\t\t<div class=\"elementor-widget-container\">\n\t\t\t\t\t\t\t\t\t\t\t\t\t\t\t<img decoding=\"async\" width=\"819\" height=\"1024\" src=\"https:\/\/www.aurorainyou.com\/wp-content\/uploads\/2023\/10\/zaupaj-v-moc-narave.png\" class=\"attachment-large size-large wp-image-6187\" alt=\"\" srcset=\"https:\/\/www.aurorainyou.com\/wp-content\/uploads\/2023\/10\/zaupaj-v-moc-narave.png 1080w, https:\/\/www.aurorainyou.com\/wp-content\/uploads\/2023\/10\/zaupaj-v-moc-narave-240x300.png 240w, https:\/\/www.aurorainyou.com\/wp-content\/uploads\/2023\/10\/zaupaj-v-moc-narave-819x1024.png 819w, https:\/\/www.aurorainyou.com\/wp-content\/uploads\/2023\/10\/zaupaj-v-moc-narave-768x960.png 768w, https:\/\/www.aurorainyou.com\/wp-content\/uploads\/2023\/10\/zaupaj-v-moc-narave-10x12.png 10w, https:\/\/www.aurorainyou.com\/wp-content\/uploads\/2023\/10\/zaupaj-v-moc-narave-600x750.png 600w\" sizes=\"(max-width: 819px) 100vw, 819px\" \/>\t\t\t\t\t\t\t\t\t\t\t\t\t\t\t<\/div>\n\t\t\t\t<\/div>\n\t\t\t\t<div class=\"elementor-element elementor-element-d3119ad elementor-widget elementor-widget-text-editor\" data-id=\"d3119ad\" data-element_type=\"widget\" data-e-type=\"widget\" data-widget_type=\"text-editor.default\">\n\t\t\t\t<div class=\"elementor-widget-container\">\n\t\t\t\t\t\t\t\t\t<p>\u010cas je, da poskrbite zase!<\/p><p>Uporabite Venus na<strong> na pulznih to\u010dkah, v prostoru, na blazini ali pa ga preprosto popr\u0161ite na robec in globoko povonjajte. <\/strong><\/p><p>Odkrijte mo\u010d narave in si zagotovite mirne dneve in no\u010di.<\/p>\t\t\t\t\t\t\t\t<\/div>\n\t\t\t\t<\/div>\n\t\t\t\t<div class=\"elementor-element elementor-element-1bcaa0a elementor-widget elementor-widget-text-editor\" data-id=\"1bcaa0a\" data-element_type=\"widget\" data-e-type=\"widget\" data-widget_type=\"text-editor.default\">\n\t\t\t\t<div class=\"elementor-widget-container\">\n\t\t\t\t\t\t\t\t\t<p><img decoding=\"async\" class=\"emoji\" role=\"img\" draggable=\"false\" src=\"https:\/\/s.w.org\/images\/core\/emoji\/14.0.0\/svg\/1f525.svg\" alt=\"\ud83d\udd25\" \/> Ste pripravljene sprostiti va\u0161o notranjo boginjo?<\/p><p>Venus \u010daka na vas, da razkrije svojo mo\u010dno naravno esenco.<\/p><p>Ne zamudite prilo\u017enosti, da zasijete bolj kot kdaj koli prej!<\/p>\t\t\t\t\t\t\t\t<\/div>\n\t\t\t\t<\/div>\n\t\t\t\t<div class=\"elementor-element elementor-element-61ac6e2 elementor-align-center elementor-widget elementor-widget-button\" data-id=\"61ac6e2\" data-element_type=\"widget\" data-e-type=\"widget\" data-widget_type=\"button.default\">\n\t\t\t\t<div class=\"elementor-widget-container\">\n\t\t\t\t\t\t\t\t\t<div class=\"elementor-button-wrapper\">\n\t\t\t\t\t<a class=\"elementor-button elementor-button-link elementor-size-sm\" href=\"https:\/\/www.aurorainyou.com\/sl\/izdelek\/venus\/\">\n\t\t\t\t\t\t<span class=\"elementor-button-content-wrapper\">\n\t\t\t\t\t\t\t\t\t<span class=\"elementor-button-text\">Da, \u017eelim naro\u010diti!<\/span>\n\t\t\t\t\t<\/span>\n\t\t\t\t\t<\/a>\n\t\t\t\t<\/div>\n\t\t\t\t\t\t\t\t<\/div>\n\t\t\t\t<\/div>\n\t\t\t\t<div class=\"elementor-element elementor-element-26ddc54 elementor-widget elementor-widget-text-editor\" data-id=\"26ddc54\" data-element_type=\"widget\" data-e-type=\"widget\" data-widget_type=\"text-editor.default\">\n\t\t\t\t<div class=\"elementor-widget-container\">\n\t\t\t\t\t\t\t\t\t<p>\u2728\ud83d\udc83Vsaka \u017eenska nosi v sebi posebno iskrico in mo\u010d.<\/p><p>Z Venusom boste to mo\u010d ob\u010dutile \u0161e mo\u010dneje, la\u017eje obvladovale vsakodnevne izzive in se po\u010dutile v harmoniji s svojim telesom.<\/p><p>Ne dovolite, da vas simptomi PMS ali menopavze ustavijo na va\u0161i poti.<\/p><p>Zaupajte naravi, izberite Venus.<\/p>\t\t\t\t\t\t\t\t<\/div>\n\t\t\t\t<\/div>\n\t\t\t\t\t<\/div>\n\t\t<\/div>\n\t\t\t\t<div class=\"elementor-column elementor-col-50 elementor-top-column elementor-element elementor-element-dbe5c2c\" data-id=\"dbe5c2c\" data-element_type=\"column\" data-e-type=\"column\">\n\t\t\t<div class=\"elementor-widget-wrap\">\n\t\t\t\t\t\t\t<\/div>\n\t\t<\/div>\n\t\t\t\t\t<\/div>\n\t\t<\/section>\n\t\t\t\t<section class=\"elementor-section elementor-top-section elementor-element elementor-element-b484777 elementor-section-boxed elementor-section-height-default elementor-section-height-default\" data-id=\"b484777\" data-element_type=\"section\" data-e-type=\"section\">\n\t\t\t\t\t\t<div class=\"elementor-container elementor-column-gap-default\">\n\t\t\t\t\t<div class=\"elementor-column elementor-col-100 elementor-top-column elementor-element elementor-element-1adc6b2\" data-id=\"1adc6b2\" data-element_type=\"column\" data-e-type=\"column\">\n\t\t\t<div class=\"elementor-widget-wrap elementor-element-populated\">\n\t\t\t\t\t\t<div class=\"elementor-element elementor-element-d714592 elementor-widget elementor-widget-spacer\" data-id=\"d714592\" data-element_type=\"widget\" data-e-type=\"widget\" data-widget_type=\"spacer.default\">\n\t\t\t\t<div class=\"elementor-widget-container\">\n\t\t\t\t\t\t\t<div class=\"elementor-spacer\">\n\t\t\t<div class=\"elementor-spacer-inner\"><\/div>\n\t\t<\/div>\n\t\t\t\t\t\t<\/div>\n\t\t\t\t<\/div>\n\t\t\t\t<div class=\"elementor-element elementor-element-77b4666 elementor-widget elementor-widget-text-editor\" data-id=\"77b4666\" data-element_type=\"widget\" data-e-type=\"widget\" data-widget_type=\"text-editor.default\">\n\t\t\t\t<div class=\"elementor-widget-container\">\n\t\t\t\t\t\t\t\t\t<p>Vsi izdelki blagovne znamke Aurora and You so namenjeni dvigu vibracije in izbolj\u0161anju splo\u0161nega po\u010dutja in niso nadomestilo za uradno medicino.\nUprava za hrano in zdravila teh izjav ni ovrednotila. Ta izdelek ni namenjen diagnosticiranju, zdravljenju ali prepre\u010devanju katere koli bolezni. Pred uporabo se posvetujte z zdravnikom ali farmacevtom.\nUporabljajte na lastno odgovornost.<\/p>\t\t\t\t\t\t\t\t<\/div>\n\t\t\t\t<\/div>\n\t\t\t\t\t<\/div>\n\t\t<\/div>\n\t\t\t\t\t<\/div>\n\t\t<\/section>\n\t\t\t\t<\/div>","protected":false},"excerpt":{"rendered":"<p>Tired of the unpleasant symptoms of PMS or menopause? &#x1f31f;Shine in your best light with the natural power of essential oils!&#x1f31f; &#x1f389;&#x1f338; ATTENTION, LOVELY LADIES! &#x1f338;&#x1f389; Ever wished you could wave a wand and send PMS or menopause symptoms on a vacation to a distant island? Well, we might not be wizards, but we&#8217;ve got [&hellip;]<\/p>\n","protected":false},"author":1,"featured_media":0,"parent":0,"menu_order":0,"comment_status":"closed","ping_status":"closed","template":"","meta":{"_monsterinsights_skip_tracking":false,"_monsterinsights_sitenote_active":false,"_monsterinsights_sitenote_note":"","_monsterinsights_sitenote_category":0,"_uf_show_specific_survey":0,"_uf_disable_surveys":false,"site-sidebar-layout":"no-sidebar","site-content-layout":"page-builder","ast-site-content-layout":"full-width-container","site-content-style":"unboxed","site-sidebar-style":"unboxed","ast-global-header-display":"","ast-banner-title-visibility":"","ast-main-header-display":"","ast-hfb-above-header-display":"","ast-hfb-below-header-display":"","ast-hfb-mobile-header-display":"","site-post-title":"disabled","ast-breadcrumbs-content":"","ast-featured-img":"disabled","footer-sml-layout":"","ast-disable-related-posts":"","theme-transparent-header-meta":"","adv-header-id-meta":"","stick-header-meta":"","header-above-stick-meta":"","header-main-stick-meta":"","header-below-stick-meta":"","astra-migrate-meta-layouts":"set","ast-page-background-enabled":"default","ast-page-background-meta":{"desktop":{"background-color":"","background-image":"","background-repeat":"repeat","background-position":"center center","background-size":"auto","background-attachment":"scroll","background-type":"","background-media":"","overlay-type":"","overlay-color":"","overlay-opacity":"","overlay-gradient":""},"tablet":{"background-color":"","background-image":"","background-repeat":"repeat","background-position":"center center","background-size":"auto","background-attachment":"scroll","background-type":"","background-media":"","overlay-type":"","overlay-color":"","overlay-opacity":"","overlay-gradient":""},"mobile":{"background-color":"","background-image":"","background-repeat":"repeat","background-position":"center center","background-size":"auto","background-attachment":"scroll","background-type":"","background-media":"","overlay-type":"","overlay-color":"","overlay-opacity":"","overlay-gradient":""}},"ast-content-background-meta":{"desktop":{"background-color":"var(--ast-global-color-5)","background-image":"","background-repeat":"repeat","background-position":"center center","background-size":"auto","background-attachment":"scroll","background-type":"","background-media":"","overlay-type":"","overlay-color":"","overlay-opacity":"","overlay-gradient":""},"tablet":{"background-color":"var(--ast-global-color-5)","background-image":"","background-repeat":"repeat","background-position":"center center","background-size":"auto","background-attachment":"scroll","background-type":"","background-media":"","overlay-type":"","overlay-color":"","overlay-opacity":"","overlay-gradient":""},"mobile":{"background-color":"var(--ast-global-color-5)","background-image":"","background-repeat":"repeat","background-position":"center center","background-size":"auto","background-attachment":"scroll","background-type":"","background-media":"","overlay-type":"","overlay-color":"","overlay-opacity":"","overlay-gradient":""}},"footnotes":""},"class_list":["post-6165","page","type-page","status-publish","hentry"],"aioseo_notices":[],"_links":{"self":[{"href":"https:\/\/www.aurorainyou.com\/sl\/wp-json\/wp\/v2\/pages\/6165","targetHints":{"allow":["GET"]}}],"collection":[{"href":"https:\/\/www.aurorainyou.com\/sl\/wp-json\/wp\/v2\/pages"}],"about":[{"href":"https:\/\/www.aurorainyou.com\/sl\/wp-json\/wp\/v2\/types\/page"}],"author":[{"embeddable":true,"href":"https:\/\/www.aurorainyou.com\/sl\/wp-json\/wp\/v2\/users\/1"}],"replies":[{"embeddable":true,"href":"https:\/\/www.aurorainyou.com\/sl\/wp-json\/wp\/v2\/comments?post=6165"}],"version-history":[{"count":0,"href":"https:\/\/www.aurorainyou.com\/sl\/wp-json\/wp\/v2\/pages\/6165\/revisions"}],"wp:attachment":[{"href":"https:\/\/www.aurorainyou.com\/sl\/wp-json\/wp\/v2\/media?parent=6165"}],"curies":[{"name":"wp","href":"https:\/\/api.w.org\/{rel}","templated":true}]}}