{"id":6101,"date":"2023-04-26T10:57:57","date_gmt":"2023-04-26T10:57:57","guid":{"rendered":"https:\/\/www.aurorainyou.com\/?page_id=6101"},"modified":"2024-04-03T12:39:46","modified_gmt":"2024-04-03T12:39:46","slug":"general-terms-and-conditions-aurora-fortune-telling","status":"publish","type":"page","link":"https:\/\/www.aurorainyou.com\/sl\/general-terms-and-conditions-aurora-fortune-telling\/","title":{"rendered":"SPLO\u0160NI POGOJI AURORA VEDE\u017dEVANJE"},"content":{"rendered":"<div data-elementor-type=\"wp-page\" data-elementor-id=\"6101\" class=\"elementor elementor-6101\" data-elementor-post-type=\"page\">\n\t\t\t\t\t\t<section class=\"elementor-section elementor-top-section elementor-element elementor-element-9428807 elementor-section-boxed elementor-section-height-default elementor-section-height-default\" data-id=\"9428807\" data-element_type=\"section\" data-e-type=\"section\">\n\t\t\t\t\t\t<div class=\"elementor-container elementor-column-gap-default\">\n\t\t\t\t\t<div class=\"elementor-column elementor-col-100 elementor-top-column elementor-element elementor-element-1465914\" data-id=\"1465914\" data-element_type=\"column\" data-e-type=\"column\">\n\t\t\t<div class=\"elementor-widget-wrap elementor-element-populated\">\n\t\t\t\t\t\t<div class=\"elementor-element elementor-element-4c0b992 elementor-widget elementor-widget-heading\" data-id=\"4c0b992\" data-element_type=\"widget\" data-e-type=\"widget\" data-widget_type=\"heading.default\">\n\t\t\t\t<div class=\"elementor-widget-container\">\n\t\t\t\t\t<h2 class=\"elementor-heading-title elementor-size-default\">Pogoji poslovanja Aurora Tarot Vede\u017eevanje<\/h2>\t\t\t\t<\/div>\n\t\t\t\t<\/div>\n\t\t\t\t<div class=\"elementor-element elementor-element-1e6820e elementor-widget elementor-widget-heading\" data-id=\"1e6820e\" data-element_type=\"widget\" data-e-type=\"widget\" data-widget_type=\"heading.default\">\n\t\t\t\t<div class=\"elementor-widget-container\">\n\t\t\t\t\t<h2 class=\"elementor-heading-title elementor-size-default\">IZJAVA O OMEJITVI ODGOVORNOSTI<\/h2>\t\t\t\t<\/div>\n\t\t\t\t<\/div>\n\t\t\t\t<div class=\"elementor-element elementor-element-6af77cb elementor-widget elementor-widget-text-editor\" data-id=\"6af77cb\" data-element_type=\"widget\" data-e-type=\"widget\" data-widget_type=\"text-editor.default\">\n\t\t\t\t<div class=\"elementor-widget-container\">\n\t\t\t\t\t\t\t\t\t<p>\u2022 Moje delo je produkt prirojenega daru, znanja in izku\u0161enj, ki sem jih z leti pridobivala in nadgrajevala pri doma\u010dih in tujih u\u010diteljih in za to pridobila tudi ustrezne certifikate.<\/p>\t\t\t\t\t\t\t\t<\/div>\n\t\t\t\t<\/div>\n\t\t\t\t<div class=\"elementor-element elementor-element-3b19e76 elementor-widget elementor-widget-text-editor\" data-id=\"3b19e76\" data-element_type=\"widget\" data-e-type=\"widget\" data-widget_type=\"text-editor.default\">\n\t\t\t\t<div class=\"elementor-widget-container\">\n\t\t\t\t\t\t\t\t\t<p>\u2022 Svoje sposobnosti sem z leti razvila in izoblikovala, zato jih izklju\u010dno in z dobrimi nameni podajam tistim, ki bi jim te sposobnosti lahko koristile.<\/p>\t\t\t\t\t\t\t\t<\/div>\n\t\t\t\t<\/div>\n\t\t\t\t<div class=\"elementor-element elementor-element-5528bca elementor-widget elementor-widget-text-editor\" data-id=\"5528bca\" data-element_type=\"widget\" data-e-type=\"widget\" data-widget_type=\"text-editor.default\">\n\t\t\t\t<div class=\"elementor-widget-container\">\n\t\t\t\t\t\t\t\t\t<p>\u2022 Stik z mano je lastna izbira in odlo\u010ditev vsakega posameznika.<\/p><p>\u2022 Za kasnej\u0161a ravnanja in odlo\u010ditve oseb, ki poi\u0161\u010dejo mojo pomo\u010d in nasvete ne sprejemam odgovornosti.<\/p>\t\t\t\t\t\t\t\t<\/div>\n\t\t\t\t<\/div>\n\t\t\t\t<div class=\"elementor-element elementor-element-c5a885a elementor-widget elementor-widget-text-editor\" data-id=\"c5a885a\" data-element_type=\"widget\" data-e-type=\"widget\" data-widget_type=\"text-editor.default\">\n\t\t\t\t<div class=\"elementor-widget-container\">\n\t\t\t\t\t\t\t\t\t<p>\u2022 Ne postavljam zdravstvenih diagnoz, ne zdravim in ne pozdravim nikakr\u0161nih bolezni.<\/p><p>\u2022 Ne odlo\u010dam, ne sugeriram in ne napeljujem, kako se boste oziroma, kako bi se mogli odlo\u010diti v dolo\u010denih \u017eivljenjskih situacijah.<\/p><p>\u2022 Odlo\u010ditve in izbire osebe, ki poi\u0161\u010de mojo pomo\u010d in nasvete, so odvisne izklju\u010dno in samo od te osebe.<\/p>\t\t\t\t\t\t\t\t<\/div>\n\t\t\t\t<\/div>\n\t\t\t\t<div class=\"elementor-element elementor-element-366a819 elementor-widget elementor-widget-text-editor\" data-id=\"366a819\" data-element_type=\"widget\" data-e-type=\"widget\" data-widget_type=\"text-editor.default\">\n\t\t\t\t<div class=\"elementor-widget-container\">\n\t\t\t\t\t\t\t\t\t<p>\u2022 Za svoje odlo\u010ditve v celoti in sami sprejemate odgovornost.<\/p><p>\u2022 Moja pomo\u010d in svetovanje ni nadomestilo za strokovno mnenje zdravnikov, zdravilcev ali drugih terapevtov in drugega medicinskega osebja ali osebja alternativnih metod zdravljenja in pomo\u010di.<\/p>\t\t\t\t\t\t\t\t<\/div>\n\t\t\t\t<\/div>\n\t\t\t\t<div class=\"elementor-element elementor-element-73b1102 elementor-widget elementor-widget-text-editor\" data-id=\"73b1102\" data-element_type=\"widget\" data-e-type=\"widget\" data-widget_type=\"text-editor.default\">\n\t\t\t\t<div class=\"elementor-widget-container\">\n\t\t\t\t\t\t\t\t\t<p>\u2022 Pridr\u017eujem si pravico zavrniti oziroma odkloniti osebo, za katero sama ocenim da bi lahko kakorkoli \u0161kodovala meni ali mojemu delu.<\/p><p>\u2022 Pridr\u017eujem si pravico do spremembe cen, delovnega \u010dasa ali lokacije delovanja, brez predhodnega obvestila.<\/p><p>\u2022 S potrditvijo in oddajo naro\u010dila na storitve ki jih ponujam, se s to izjavo v popolnosti strinjate, jo razumete in jo tudi potrjujete.<\/p>\t\t\t\t\t\t\t\t<\/div>\n\t\t\t\t<\/div>\n\t\t\t\t<div class=\"elementor-element elementor-element-957f1b6 elementor-widget elementor-widget-heading\" data-id=\"957f1b6\" data-element_type=\"widget\" data-e-type=\"widget\" data-widget_type=\"heading.default\">\n\t\t\t\t<div class=\"elementor-widget-container\">\n\t\t\t\t\t<h2 class=\"elementor-heading-title elementor-size-default\">ZAKUP MINUT ALI PAKETOV<\/h2>\t\t\t\t<\/div>\n\t\t\t\t<\/div>\n\t\t\t\t<div class=\"elementor-element elementor-element-81f8486 elementor-widget elementor-widget-text-editor\" data-id=\"81f8486\" data-element_type=\"widget\" data-e-type=\"widget\" data-widget_type=\"text-editor.default\">\n\t\t\t\t<div class=\"elementor-widget-container\">\n\t\t\t\t\t\t\t\t\t<p>\u2022 Kot uporabniki te spletne strani se strinjate z informacijami, ki so navedene glede cen in stro\u0161kov, ki nastanejo pri nakupu minut ali paketov.<\/p><p>\u2022 Vse podrobnosti glede zakupa minut so opredeljene na <a href=\"https:\/\/www.aurorainyou.com\/sl\/tarot-by-phone\/\">https:\/\/www.aurorainyou.com\/sl\/tarot-by-phone\/<\/a><\/p><p>\u2022 Vse podrobnosti v zvezi z nakupom paketov so dolo\u010dene na <a href=\"https:\/\/www.aurorainyou.com\/sl\/tarot-by-email\/\">https:\/\/www.aurorainyou.com\/sl\/tarot-by-email\/<\/a><\/p>\t\t\t\t\t\t\t\t<\/div>\n\t\t\t\t<\/div>\n\t\t\t\t<div class=\"elementor-element elementor-element-c3d3914 elementor-widget elementor-widget-text-editor\" data-id=\"c3d3914\" data-element_type=\"widget\" data-e-type=\"widget\" data-widget_type=\"text-editor.default\">\n\t\t\t\t<div class=\"elementor-widget-container\">\n\t\t\t\t\t\t\t\t\t<p>\u2022 Pridr\u017eujem si pravico do spremembe cen, brez predhodnega obvestila.<\/p>\t\t\t\t\t\t\t\t<\/div>\n\t\t\t\t<\/div>\n\t\t\t\t<div class=\"elementor-element elementor-element-1bb706f elementor-widget elementor-widget-text-editor\" data-id=\"1bb706f\" data-element_type=\"widget\" data-e-type=\"widget\" data-widget_type=\"text-editor.default\">\n\t\t\t\t<div class=\"elementor-widget-container\">\n\t\t\t\t\t\t\t\t\t<p>\u2022 Z gotovino ne poslujem. Pla\u010dilo storitev ki jih nudim, je mo\u017eno izklju\u010dno in samo z direktnim pla\u010dilom na poslovni ra\u010dun podjetja, preko pla\u010dilnega sistema PayPal ali s pla\u010dilnimi in kreditnimi karticami.<\/p>\t\t\t\t\t\t\t\t<\/div>\n\t\t\t\t<\/div>\n\t\t\t\t<div class=\"elementor-element elementor-element-c7bef29 elementor-widget elementor-widget-text-editor\" data-id=\"c7bef29\" data-element_type=\"widget\" data-e-type=\"widget\" data-widget_type=\"text-editor.default\">\n\t\t\t\t<div class=\"elementor-widget-container\">\n\t\t\t\t\t\t\t\t\t<p>\u2022 Ra\u010dun za prejeto pla\u010dilo prejmete na va\u0161 elektronski naslov. Po dogovoru, ra\u010dun za prejeto pla\u010dilo po\u0161ljem tudi po po\u0161ti na va\u0161 naslov.<\/p><p>\u2022 7. \u010dlen ZEPT Opis tehni\u010dnih postopkov za sklenitev pogodbe, opis tehni\u010dnih postopkov za prepoznavanje in popravo napak pred oddajo naro\u010dila in shranjevanje elektronske pogodbe.<\/p>\t\t\t\t\t\t\t\t<\/div>\n\t\t\t\t<\/div>\n\t\t\t\t<div class=\"elementor-element elementor-element-8979b54 elementor-widget elementor-widget-heading\" data-id=\"8979b54\" data-element_type=\"widget\" data-e-type=\"widget\" data-widget_type=\"heading.default\">\n\t\t\t\t<div class=\"elementor-widget-container\">\n\t\t\t\t\t<h2 class=\"elementor-heading-title elementor-size-default\">OPIS NARO\u010cILA<\/h2>\t\t\t\t<\/div>\n\t\t\t\t<\/div>\n\t\t\t\t<div class=\"elementor-element elementor-element-b83db3c elementor-widget elementor-widget-text-editor\" data-id=\"b83db3c\" data-element_type=\"widget\" data-e-type=\"widget\" data-widget_type=\"text-editor.default\">\n\t\t\t\t<div class=\"elementor-widget-container\">\n\t\t\t\t\t\t\t\t\t<p>Potro\u0161nik obi\u0161\u010de spletno stran <a href=\"https:\/\/www.aurorainyou.com\/sl\/tarot-reading\/\">https:\/\/www.aurorainyou.com\/sl\/tarot-reading\/ <\/a>in poi\u0161\u010de mo\u017enosti za ugodnej\u0161e pogovore prek nakupa minut ali paketov.<\/p>\t\t\t\t\t\t\t\t<\/div>\n\t\t\t\t<\/div>\n\t\t\t\t<div class=\"elementor-element elementor-element-baf4911 elementor-widget elementor-widget-text-editor\" data-id=\"baf4911\" data-element_type=\"widget\" data-e-type=\"widget\" data-widget_type=\"text-editor.default\">\n\t\t\t\t<div class=\"elementor-widget-container\">\n\t\t\t\t\t\t\t\t\t<p>Potro\u0161nik samovoljno izbere \u017eeljeno \u0161tevilo zakupljenih minut s klikom na gumb \u201cIzberi\u201d. Potro\u0161nik je preusmerjen na stran \u00bbTrgovina \u2013 izdelek\u00ab, kjer z gumbom \u00bbDodaj v ko\u0161arico\u00ab potrdi svojo izbiro. Svojo izbiro vidi v zavihku \u00bbKo\u0161arica\u00ab. Potro\u0161nik nato klikne na zavihek \u00bbNa blagajno\u00ab.<\/p>\t\t\t\t\t\t\t\t<\/div>\n\t\t\t\t<\/div>\n\t\t\t\t<div class=\"elementor-element elementor-element-102bc82 elementor-widget elementor-widget-text-editor\" data-id=\"102bc82\" data-element_type=\"widget\" data-e-type=\"widget\" data-widget_type=\"text-editor.default\">\n\t\t\t\t<div class=\"elementor-widget-container\">\n\t\t\t\t\t\t\t\t\t<p>Sistem zahteva od potro\u0161nika klasi\u010den vnos podatkov o pla\u010dniku in mo\u017enostih pla\u010dila. Naro\u010dnik vnese zahtevane podatke in izbere ustrezen na\u010din pla\u010dila (Kreditne kartice, PayPal ali ban\u010dno nakazilo). Ko so podatki vne\u0161eni, z gumbom POTRDI pla\u010dilo, potro\u0161nik naro\u010di \u017eeljeno \u0161tevilo zakupljenih minut.<\/p>\t\t\t\t\t\t\t\t<\/div>\n\t\t\t\t<\/div>\n\t\t\t\t<div class=\"elementor-element elementor-element-8cb69ab elementor-widget elementor-widget-text-editor\" data-id=\"8cb69ab\" data-element_type=\"widget\" data-e-type=\"widget\" data-widget_type=\"text-editor.default\">\n\t\t\t\t<div class=\"elementor-widget-container\">\n\t\t\t\t\t\t\t\t\t<p>Po prejemu potrdila o pla\u010dilu se v povratnem mailu potro\u0161nika obvesti o prejemu naro\u010dila in se mu sporo\u010di telefonska mobitel \u0161tevilka za kori\u0161\u010denje zakupljenih minut.<\/p>\t\t\t\t\t\t\t\t<\/div>\n\t\t\t\t<\/div>\n\t\t\t\t<div class=\"elementor-element elementor-element-8ba955d elementor-widget elementor-widget-text-editor\" data-id=\"8ba955d\" data-element_type=\"widget\" data-e-type=\"widget\" data-widget_type=\"text-editor.default\">\n\t\t\t\t<div class=\"elementor-widget-container\">\n\t\t\t\t\t\t\t\t\t<p>O terminu kori\u0161\u010denja zakupljenih minut se ponudnik storitev in potro\u0161nik obojestransko dogovarjata in \u010dasovno usklajujeta. Komunikacija med potro\u0161nikom in ponudnikom storitev, ves \u010das poteka po elektronski po\u0161ti.<\/p>\t\t\t\t\t\t\t\t<\/div>\n\t\t\t\t<\/div>\n\t\t\t\t<div class=\"elementor-element elementor-element-d777d06 elementor-widget elementor-widget-text-editor\" data-id=\"d777d06\" data-element_type=\"widget\" data-e-type=\"widget\" data-widget_type=\"text-editor.default\">\n\t\t\t\t<div class=\"elementor-widget-container\">\n\t\t\t\t\t\t\t\t\t<p>Ob naro\u010dilu zakupa minut ima potro\u0161nik pravico do odstopa od pogodbe v 14 dneh. Potro\u0161nik bo prejel vra\u010dilo pla\u010danega zneska takoj, oziroma najkasneje v 14 dneh po prejemu odstopa od pogodbe. Zahtevo za odstop od pla\u010dane storitve odda na elektronski naslov <a href=\"mailto:aurora@aurorainyou.com\" target=\"_new\">aurora@aurorainyou.com<\/a>.<\/p>\t\t\t\t\t\t\t\t<\/div>\n\t\t\t\t<\/div>\n\t\t\t\t<div class=\"elementor-element elementor-element-1d313f5 elementor-widget elementor-widget-text-editor\" data-id=\"1d313f5\" data-element_type=\"widget\" data-e-type=\"widget\" data-widget_type=\"text-editor.default\">\n\t\t\t\t<div class=\"elementor-widget-container\">\n\t\t\t\t\t\t\t\t\t<p>V zahtevi poda naslednje podatke:<\/p><ul><li>Ime in priimek naro\u010dnika<\/li><li>Naslov naro\u010dnika<\/li><li>Datum zakupa minut<\/li><li>Razlog odstopa<\/li><\/ul>\t\t\t\t\t\t\t\t<\/div>\n\t\t\t\t<\/div>\n\t\t\t\t<div class=\"elementor-element elementor-element-ec8c647 elementor-widget elementor-widget-heading\" data-id=\"ec8c647\" data-element_type=\"widget\" data-e-type=\"widget\" data-widget_type=\"heading.default\">\n\t\t\t\t<div class=\"elementor-widget-container\">\n\t\t\t\t\t<h2 class=\"elementor-heading-title elementor-size-default\">VARSTVO OSEBNIH PODATKOV<\/h2>\t\t\t\t<\/div>\n\t\t\t\t<\/div>\n\t\t\t\t<div class=\"elementor-element elementor-element-1b65f2e elementor-widget elementor-widget-text-editor\" data-id=\"1b65f2e\" data-element_type=\"widget\" data-e-type=\"widget\" data-widget_type=\"text-editor.default\">\n\t\t\t\t<div class=\"elementor-widget-container\">\n\t\t\t\t\t\t\t\t\t<p>\u2022 V skladu z zakonom o varstvu osebnih podatkov ( uradni list RS \u0161t: 59\/1999, 57\/2001, 59\/2001 ) in obligacijskem zakoniku, kot ponudnik storitev se zavezujem, da bom vse va\u0161e pridobljene podatke varovala v skladu z zakoni in predpisi.<\/p>\t\t\t\t\t\t\t\t<\/div>\n\t\t\t\t<\/div>\n\t\t\t\t<div class=\"elementor-element elementor-element-9676380 elementor-widget elementor-widget-text-editor\" data-id=\"9676380\" data-element_type=\"widget\" data-e-type=\"widget\" data-widget_type=\"text-editor.default\">\n\t\t\t\t<div class=\"elementor-widget-container\">\n\t\t\t\t\t\t\t\t\t<p>\u2022 Va\u0161ih osebnih podatkov ne posredujem nobeni fizi\u010dni ali pravni osebi izrecno in brez va\u0161ega dovoljenja.<\/p>\t\t\t\t\t\t\t\t<\/div>\n\t\t\t\t<\/div>\n\t\t\t\t<div class=\"elementor-element elementor-element-c7d5526 elementor-widget elementor-widget-text-editor\" data-id=\"c7d5526\" data-element_type=\"widget\" data-e-type=\"widget\" data-widget_type=\"text-editor.default\">\n\t\t\t\t<div class=\"elementor-widget-container\">\n\t\t\t\t\t\t\t\t\t<p>\u2022 Z izpolnjenim spletnim obrazcem se strinjate in potrjujete, da vsi va\u0161i podatki ( Ime in priimek, elektronski naslov ali podatki o tretjih osebah za katere spra\u0161ujete ), se uporabijo izklju\u010dno in samo za kakovostno zagotavljanje storitve svetovanja, in v namene izdajanja ra\u010dunov za opravljeno storitev.<\/p>\t\t\t\t\t\t\t\t<\/div>\n\t\t\t\t<\/div>\n\t\t\t\t<div class=\"elementor-element elementor-element-1a418f4 elementor-widget elementor-widget-text-editor\" data-id=\"1a418f4\" data-element_type=\"widget\" data-e-type=\"widget\" data-widget_type=\"text-editor.default\">\n\t\t\t\t<div class=\"elementor-widget-container\">\n\t\t\t\t\t\t\t\t\t<p>\u2022 Va\u0161e osebne podatke ( ime in priimek, imena oseb za katere spra\u0161ujete, vse rojstne datume ipd. ) potrebujem izklju\u010dno in samo zaradi la\u017ejega in bolj zanesljivega svetovanja.<\/p>\t\t\t\t\t\t\t\t<\/div>\n\t\t\t\t<\/div>\n\t\t\t\t<div class=\"elementor-element elementor-element-ade2912 elementor-widget elementor-widget-heading\" data-id=\"ade2912\" data-element_type=\"widget\" data-e-type=\"widget\" data-widget_type=\"heading.default\">\n\t\t\t\t<div class=\"elementor-widget-container\">\n\t\t\t\t\t<h2 class=\"elementor-heading-title elementor-size-default\">AVTORSKE PRAVICE<\/h2>\t\t\t\t<\/div>\n\t\t\t\t<\/div>\n\t\t\t\t<div class=\"elementor-element elementor-element-7c9c93a elementor-widget elementor-widget-text-editor\" data-id=\"7c9c93a\" data-element_type=\"widget\" data-e-type=\"widget\" data-widget_type=\"text-editor.default\">\n\t\t\t\t<div class=\"elementor-widget-container\">\n\t\t\t\t\t\t\t\t\t<p>\u2022 Vsa besedila, teksti, slike, aplikacije, ra\u010dunalni\u0161ki programi in ostale informacije na spletni strani <a href=\"https:\/\/www.aurorainyou.com\/sl\/\" target=\"_new\">https:\/\/www.aurorainyou.com\/sl\/<\/a> so izklju\u010dno v lasti nosilca dejavnosti \u201dAurora in You \u2013 spirit of essence\u201d, aromaterapija in svetovanje, Ur\u0161ka Ko\u0161ak s.p., Kotnikova 5, 1000 Ljubljana, SI-Slovenija.<\/p>\t\t\t\t\t\t\t\t<\/div>\n\t\t\t\t<\/div>\n\t\t\t\t<div class=\"elementor-element elementor-element-a58c208 elementor-widget elementor-widget-text-editor\" data-id=\"a58c208\" data-element_type=\"widget\" data-e-type=\"widget\" data-widget_type=\"text-editor.default\">\n\t\t\t\t<div class=\"elementor-widget-container\">\n\t\t\t\t\t\t\t\t\t<p>\u2022 Kakr\u0161nokoli kopiranje, prepisovanje, razmno\u017eevanje ali uporaba v komercialne in druge namene, brez pisnega dovoljenja nosilca dejavnosti, je strogo prepovedano in zakonsko sporno.<\/p>\t\t\t\t\t\t\t\t<\/div>\n\t\t\t\t<\/div>\n\t\t\t\t<div class=\"elementor-element elementor-element-7033450 elementor-widget elementor-widget-text-editor\" data-id=\"7033450\" data-element_type=\"widget\" data-e-type=\"widget\" data-widget_type=\"text-editor.default\">\n\t\t\t\t<div class=\"elementor-widget-container\">\n\t\t\t\t\t\t\t\t\t<p>\u2022 Avtor vsebin objavljenih na spletni strani <a href=\"https:\/\/www.aurorainyou.com\/sl\/\" target=\"_new\">https:\/\/www.aurorainyou.com\/sl\/<\/a> , od uporabnikov spletne strani pri\u010dakuje da bodo spo\u0161tovali zapisane dolo\u010dbe in zakone s podro\u010dja varovanja zasebnosti, intelektualne lastnine in avtorskega prava.<\/p>\t\t\t\t\t\t\t\t<\/div>\n\t\t\t\t<\/div>\n\t\t\t\t<div class=\"elementor-element elementor-element-f3bce1a elementor-widget elementor-widget-text-editor\" data-id=\"f3bce1a\" data-element_type=\"widget\" data-e-type=\"widget\" data-widget_type=\"text-editor.default\">\n\t\t\t\t<div class=\"elementor-widget-container\">\n\t\t\t\t\t\t\t\t\t<p>\u2022 V primeru odkritja zlorab in kr\u0161enja teh pravic, proti storilcu bom ukrepala pravno in po sodni poti.<\/p><p>\u2022 V primeru morebitnih kr\u0161itev in sporov iz naslova tega spletnega mesta, se uporablja slovenska zakonodaja.<\/p><p>\u2022 Za re\u0161itev morebitnih sporov je pristojno ustrezno sodi\u0161\u010de.<\/p>\t\t\t\t\t\t\t\t<\/div>\n\t\t\t\t<\/div>\n\t\t\t\t<div class=\"elementor-element elementor-element-0f5fa37 elementor-widget elementor-widget-text-editor\" data-id=\"0f5fa37\" data-element_type=\"widget\" data-e-type=\"widget\" data-widget_type=\"text-editor.default\">\n\t\t\t\t<div class=\"elementor-widget-container\">\n\t\t\t\t\t\t\t\t\t<p>\u2022 Z uporabo spletne strani <a href=\"https:\/\/www.aurorainyou.com\/sl\/\" target=\"_new\">https:\/\/www.aurorainyou.com\/sl\/<\/a>uporabnik potrjuje da je razumel in sprejel opisane pogoje in da se z njimi v celoti tudi strinja.<\/p>\t\t\t\t\t\t\t\t<\/div>\n\t\t\t\t<\/div>\n\t\t\t\t<div class=\"elementor-element elementor-element-0ab84d6 elementor-widget elementor-widget-heading\" data-id=\"0ab84d6\" data-element_type=\"widget\" data-e-type=\"widget\" data-widget_type=\"heading.default\">\n\t\t\t\t<div class=\"elementor-widget-container\">\n\t\t\t\t\t<h2 class=\"elementor-heading-title elementor-size-default\">IZVENSODNO RE\u0160EVANJE POTRO\u0160NI\u0160KIH SPOROV<\/h2>\t\t\t\t<\/div>\n\t\t\t\t<\/div>\n\t\t\t\t<div class=\"elementor-element elementor-element-0a9809c elementor-widget elementor-widget-text-editor\" data-id=\"0a9809c\" data-element_type=\"widget\" data-e-type=\"widget\" data-widget_type=\"text-editor.default\">\n\t\t\t\t<div class=\"elementor-widget-container\">\n\t\t\t\t\t\t\t\t\t<p>\u201dAurora in You \u2013 spirit of essence\u201d, aromaterapija in svetovanje, Ur\u0161ka Ko\u0161ak s.p., Kotnikova 5, 1000 Ljubljana, SI-Slovenija, skladno z zakonskimi normativi ne priznava nikakr\u0161nega izvajalca izvensodnega re\u0161evanja potro\u0161ni\u0161kih sporov, kot pristojnega za re\u0161evanje potro\u0161ni\u0161kega spora ki bi ga potro\u0161nik lahko spro\u017eil v skladu z Zakonom o izvensodnem re\u0161evanju potro\u0161ni\u0161kih sporov.<\/p>\t\t\t\t\t\t\t\t<\/div>\n\t\t\t\t<\/div>\n\t\t\t\t<div class=\"elementor-element elementor-element-a298d71 elementor-widget elementor-widget-text-editor\" data-id=\"a298d71\" data-element_type=\"widget\" data-e-type=\"widget\" data-widget_type=\"text-editor.default\">\n\t\t\t\t<div class=\"elementor-widget-container\">\n\t\t\t\t\t\t\t\t\t<p>Navedena ureditev izhaja iz Zakona o izvensodnem re\u0161evanju potro\u0161ni\u0161kih sporov, Uredbe (EU) \u0161t. 524\/2013 Evropskega parlamenta in Sveta o spletnem re\u0161evanju potro\u0161ni\u0161kih sporov ter spremembi Uredbe (ES) \u0161t. 2016\/2004 in Direktive 2009\/22\/ES.<\/p>\t\t\t\t\t\t\t\t<\/div>\n\t\t\t\t<\/div>\n\t\t\t\t\t<\/div>\n\t\t<\/div>\n\t\t\t\t\t<\/div>\n\t\t<\/section>\n\t\t\t\t<\/div>","protected":false},"excerpt":{"rendered":"<p>General terms and conditions Aurora Tarot Reading DISCLAIMER \u2022 My work is a product of a natural gift, knowledge and experience that I have acquired and upgraded over the years with domestic and foreign teachers, and for which I have also obtained the appropriate certificates. \u2022 I have developed and shaped my abilities over the [&hellip;]<\/p>\n","protected":false},"author":1,"featured_media":0,"parent":0,"menu_order":0,"comment_status":"closed","ping_status":"closed","template":"","meta":{"_monsterinsights_skip_tracking":false,"_monsterinsights_sitenote_active":false,"_monsterinsights_sitenote_note":"","_monsterinsights_sitenote_category":0,"_uf_show_specific_survey":0,"_uf_disable_surveys":false,"site-sidebar-layout":"no-sidebar","site-content-layout":"page-builder","ast-site-content-layout":"default","site-content-style":"default","site-sidebar-style":"default","ast-global-header-display":"","ast-banner-title-visibility":"","ast-main-header-display":"","ast-hfb-above-header-display":"","ast-hfb-below-header-display":"","ast-hfb-mobile-header-display":"","site-post-title":"disabled","ast-breadcrumbs-content":"","ast-featured-img":"disabled","footer-sml-layout":"","ast-disable-related-posts":"","theme-transparent-header-meta":"","adv-header-id-meta":"","stick-header-meta":"","header-above-stick-meta":"","header-main-stick-meta":"","header-below-stick-meta":"","astra-migrate-meta-layouts":"default","ast-page-background-enabled":"default","ast-page-background-meta":{"desktop":{"background-color":"","background-image":"","background-repeat":"repeat","background-position":"center center","background-size":"auto","background-attachment":"scroll","background-type":"","background-media":"","overlay-type":"","overlay-color":"","overlay-opacity":"","overlay-gradient":""},"tablet":{"background-color":"","background-image":"","background-repeat":"repeat","background-position":"center center","background-size":"auto","background-attachment":"scroll","background-type":"","background-media":"","overlay-type":"","overlay-color":"","overlay-opacity":"","overlay-gradient":""},"mobile":{"background-color":"","background-image":"","background-repeat":"repeat","background-position":"center center","background-size":"auto","background-attachment":"scroll","background-type":"","background-media":"","overlay-type":"","overlay-color":"","overlay-opacity":"","overlay-gradient":""}},"ast-content-background-meta":{"desktop":{"background-color":"var(--ast-global-color-5)","background-image":"","background-repeat":"repeat","background-position":"center center","background-size":"auto","background-attachment":"scroll","background-type":"","background-media":"","overlay-type":"","overlay-color":"","overlay-opacity":"","overlay-gradient":""},"tablet":{"background-color":"var(--ast-global-color-5)","background-image":"","background-repeat":"repeat","background-position":"center center","background-size":"auto","background-attachment":"scroll","background-type":"","background-media":"","overlay-type":"","overlay-color":"","overlay-opacity":"","overlay-gradient":""},"mobile":{"background-color":"var(--ast-global-color-5)","background-image":"","background-repeat":"repeat","background-position":"center center","background-size":"auto","background-attachment":"scroll","background-type":"","background-media":"","overlay-type":"","overlay-color":"","overlay-opacity":"","overlay-gradient":""}},"footnotes":""},"class_list":["post-6101","page","type-page","status-publish","hentry"],"aioseo_notices":[],"_links":{"self":[{"href":"https:\/\/www.aurorainyou.com\/sl\/wp-json\/wp\/v2\/pages\/6101","targetHints":{"allow":["GET"]}}],"collection":[{"href":"https:\/\/www.aurorainyou.com\/sl\/wp-json\/wp\/v2\/pages"}],"about":[{"href":"https:\/\/www.aurorainyou.com\/sl\/wp-json\/wp\/v2\/types\/page"}],"author":[{"embeddable":true,"href":"https:\/\/www.aurorainyou.com\/sl\/wp-json\/wp\/v2\/users\/1"}],"replies":[{"embeddable":true,"href":"https:\/\/www.aurorainyou.com\/sl\/wp-json\/wp\/v2\/comments?post=6101"}],"version-history":[{"count":0,"href":"https:\/\/www.aurorainyou.com\/sl\/wp-json\/wp\/v2\/pages\/6101\/revisions"}],"wp:attachment":[{"href":"https:\/\/www.aurorainyou.com\/sl\/wp-json\/wp\/v2\/media?parent=6101"}],"curies":[{"name":"wp","href":"https:\/\/api.w.org\/{rel}","templated":true}]}}