{"id":5994,"date":"2023-04-06T17:38:48","date_gmt":"2023-04-06T17:38:48","guid":{"rendered":"https:\/\/www.aurorainyou.com\/?page_id=5994"},"modified":"2025-06-02T15:22:43","modified_gmt":"2025-06-02T15:22:43","slug":"sweet-dreams","status":"publish","type":"page","link":"https:\/\/www.aurorainyou.com\/sl\/sweet-dreams\/","title":{"rendered":"Sweet Dreams"},"content":{"rendered":"<div data-elementor-type=\"wp-page\" data-elementor-id=\"5994\" class=\"elementor elementor-5994\" data-elementor-post-type=\"page\">\n\t\t\t\t\t\t<section class=\"elementor-section elementor-top-section elementor-element elementor-element-32ca95b elementor-section-boxed elementor-section-height-default elementor-section-height-default\" data-id=\"32ca95b\" data-element_type=\"section\" data-e-type=\"section\">\n\t\t\t\t\t\t<div class=\"elementor-container elementor-column-gap-default\">\n\t\t\t\t\t<div class=\"elementor-column elementor-col-50 elementor-top-column elementor-element elementor-element-d6f394d\" data-id=\"d6f394d\" data-element_type=\"column\" data-e-type=\"column\">\n\t\t\t<div class=\"elementor-widget-wrap elementor-element-populated\">\n\t\t\t\t\t\t<div class=\"elementor-element elementor-element-dfcedc5 elementor-widget elementor-widget-image\" data-id=\"dfcedc5\" data-element_type=\"widget\" data-e-type=\"widget\" data-widget_type=\"image.default\">\n\t\t\t\t<div class=\"elementor-widget-container\">\n\t\t\t\t\t\t\t\t\t\t\t\t\t\t\t<img fetchpriority=\"high\" decoding=\"async\" width=\"1024\" height=\"722\" src=\"https:\/\/www.aurorainyou.com\/wp-content\/uploads\/2022\/08\/Sweet-dreams-1024x722.jpg\" class=\"attachment-large size-large wp-image-5359\" alt=\"\" srcset=\"https:\/\/www.aurorainyou.com\/wp-content\/uploads\/2022\/08\/Sweet-dreams-1024x722.jpg 1024w, https:\/\/www.aurorainyou.com\/wp-content\/uploads\/2022\/08\/Sweet-dreams-300x212.jpg 300w, https:\/\/www.aurorainyou.com\/wp-content\/uploads\/2022\/08\/Sweet-dreams-768x542.jpg 768w, https:\/\/www.aurorainyou.com\/wp-content\/uploads\/2022\/08\/Sweet-dreams-600x423.jpg 600w, https:\/\/www.aurorainyou.com\/wp-content\/uploads\/2022\/08\/Sweet-dreams.jpg 1280w\" sizes=\"(max-width: 1024px) 100vw, 1024px\" \/>\t\t\t\t\t\t\t\t\t\t\t\t\t\t\t<\/div>\n\t\t\t\t<\/div>\n\t\t\t\t\t<\/div>\n\t\t<\/div>\n\t\t\t\t<div class=\"elementor-column elementor-col-50 elementor-top-column elementor-element elementor-element-6bde58d\" data-id=\"6bde58d\" data-element_type=\"column\" data-e-type=\"column\">\n\t\t\t<div class=\"elementor-widget-wrap elementor-element-populated\">\n\t\t\t\t\t\t<div class=\"elementor-element elementor-element-6f0e238 elementor-widget elementor-widget-heading\" data-id=\"6f0e238\" data-element_type=\"widget\" data-e-type=\"widget\" data-widget_type=\"heading.default\">\n\t\t\t\t<div class=\"elementor-widget-container\">\n\t\t\t\t\t<h2 class=\"elementor-heading-title elementor-size-default\">Transformirajte svojo energijo z aromaterapevtskim pr\u0161ilom Sweet Dreams, obogatenim s kristali<\/h2>\t\t\t\t<\/div>\n\t\t\t\t<\/div>\n\t\t\t\t\t<\/div>\n\t\t<\/div>\n\t\t\t\t\t<\/div>\n\t\t<\/section>\n\t\t\t\t<section class=\"elementor-section elementor-top-section elementor-element elementor-element-3755e73 elementor-section-boxed elementor-section-height-default elementor-section-height-default\" data-id=\"3755e73\" data-element_type=\"section\" data-e-type=\"section\">\n\t\t\t\t\t\t<div class=\"elementor-container elementor-column-gap-default\">\n\t\t\t\t\t<div class=\"elementor-column elementor-col-50 elementor-top-column elementor-element elementor-element-f774060\" data-id=\"f774060\" data-element_type=\"column\" data-e-type=\"column\">\n\t\t\t<div class=\"elementor-widget-wrap elementor-element-populated\">\n\t\t\t\t\t\t<div class=\"elementor-element elementor-element-d6505cd elementor-widget elementor-widget-text-editor\" data-id=\"d6505cd\" data-element_type=\"widget\" data-e-type=\"widget\" data-widget_type=\"text-editor.default\">\n\t\t\t\t<div class=\"elementor-widget-container\">\n\t\t\t\t\t\t\t\t\t<p>Sweet Dreams je popolna re\u0161itev za vse, ki si \u017eelijo pregnati nespe\u010dnost in se zbuditi sve\u017ei in polni energije.<\/p><p>Na\u0161 izjemno u\u010dinkovit aromaterapevtski izdelek je ustvarjen za laj\u0161anje napetosti, zmanj\u0161anje stresa in spodbujanje globokega in mirnega spanca.<\/p><p>Izdelan je z mo\u010dno me\u0161anico naravnih eteri\u010dnih olj, kristalov in svetlobnih kod, ki na popoln na\u010din izbolj\u0161ajo va\u0161e razpolo\u017eenje, pomirijo va\u0161e \u010dute in pove\u010dajo va\u0161e celotno po\u010dutje.<\/p>\t\t\t\t\t\t\t\t<\/div>\n\t\t\t\t<\/div>\n\t\t\t\t<div class=\"elementor-element elementor-element-37d2398 elementor-widget elementor-widget-image\" data-id=\"37d2398\" data-element_type=\"widget\" data-e-type=\"widget\" data-widget_type=\"image.default\">\n\t\t\t\t<div class=\"elementor-widget-container\">\n\t\t\t\t\t\t\t\t\t\t\t\t\t\t\t<img decoding=\"async\" width=\"212\" height=\"300\" src=\"https:\/\/www.aurorainyou.com\/wp-content\/uploads\/2022\/08\/SWEET-DREAMS-insomnia-212x300.jpg\" class=\"attachment-medium size-medium wp-image-5362\" alt=\"\" srcset=\"https:\/\/www.aurorainyou.com\/wp-content\/uploads\/2022\/08\/SWEET-DREAMS-insomnia-212x300.jpg 212w, https:\/\/www.aurorainyou.com\/wp-content\/uploads\/2022\/08\/SWEET-DREAMS-insomnia-722x1024.jpg 722w, https:\/\/www.aurorainyou.com\/wp-content\/uploads\/2022\/08\/SWEET-DREAMS-insomnia-768x1089.jpg 768w, https:\/\/www.aurorainyou.com\/wp-content\/uploads\/2022\/08\/SWEET-DREAMS-insomnia-600x850.jpg 600w, https:\/\/www.aurorainyou.com\/wp-content\/uploads\/2022\/08\/SWEET-DREAMS-insomnia.jpg 903w\" sizes=\"(max-width: 212px) 100vw, 212px\" \/>\t\t\t\t\t\t\t\t\t\t\t\t\t\t\t<\/div>\n\t\t\t\t<\/div>\n\t\t\t\t<div class=\"elementor-element elementor-element-8fd91f0 elementor-widget elementor-widget-text-editor\" data-id=\"8fd91f0\" data-element_type=\"widget\" data-e-type=\"widget\" data-widget_type=\"text-editor.default\">\n\t\t\t\t<div class=\"elementor-widget-container\">\n\t\t\t\t\t\t\t\t\t<p>Z uporabo pomirjujo\u010de mo\u010di sivke, pomirjevalnih u\u010dinkov nerolija, uravnote\u017eujo\u010dih lastnosti ylang-ylanga in spro\u0161\u010dujo\u010dih ugodnosti rimske kamilice, je Sweet Dreams mo\u010dna me\u0161anica, ki pomaga spodbujati mo\u010d, blagostanje in energijo.<\/p><p>Sweet Dreams ni poseben samo zaradi eteri\u010dnih olj - na\u0161a edinstvena formula vsebuje tudi skrbno izbrano me\u0161anico kristalov in svetlobnih kod, ki oja\u010dajo zdravilne u\u010dinke olj.<\/p><p>Ne glede na to ali se spopadate z<strong> nespe\u010dnostjo, stresom, \u017eiv\u010dnostjo, utrujenostjo ali tesnobo<\/strong>, vam lahko Sweet Dreams pomaga najti po\u010ditek in sprostitev, ki ju potrebujete, da bi cveteli.<\/p><p>\u010ce ste pripravljeni svoj spanec in obvladovanje stresa dvigniti na naslednjo raven, poskusite Sweet Dreams \u0161e danes.<\/p>\t\t\t\t\t\t\t\t<\/div>\n\t\t\t\t<\/div>\n\t\t\t\t<div class=\"elementor-element elementor-element-482bd03 elementor-widget elementor-widget-heading\" data-id=\"482bd03\" data-element_type=\"widget\" data-e-type=\"widget\" data-widget_type=\"heading.default\">\n\t\t\t\t<div class=\"elementor-widget-container\">\n\t\t\t\t\t<h2 class=\"elementor-heading-title elementor-size-default\">Aromaterapija in kristali: mogo\u010dni par, ki poskrbi za dobro vzdu\u0161je in miren spanec<\/h2>\t\t\t\t<\/div>\n\t\t\t\t<\/div>\n\t\t\t\t<div class=\"elementor-element elementor-element-62ed02d elementor-widget elementor-widget-text-editor\" data-id=\"62ed02d\" data-element_type=\"widget\" data-e-type=\"widget\" data-widget_type=\"text-editor.default\">\n\t\t\t\t<div class=\"elementor-widget-container\">\n\t\t\t\t\t\t\t\t\t<p>Zakaj izbrati Sweet Dreams?<\/p><p>Z na\u0161im naravnim in celostnim pristopom k spanju in obvladovanju stresa, se lahko izognete \u0161kodljivim kemikalijam in negativnim stranskim u\u010dinkom tradicionalnih uspaval.<\/p><p>Na\u0161a formula je primerna za vse tipe ko\u017ee in je enostavna za uporabo - <strong>pred spanjem preprosto popr\u0161ite nekajkrat na blazino ali v zrak okoli sebe, ali pa na pulzne to\u010dke, da boste u\u017eivali v globokem in mirnem spancu.\u00a0<\/strong><\/p><p><strong>Prav tako lahko izdelek uporabite tudi, ko se po\u010dutite pod stresom ali ste \u017eiv\u010dni\/napeti. Razpr\u0161ite Sweet Dreams na pulzne to\u010dke in u\u017eivajte v pomirjujo\u010dih u\u010dinkih na\u0161e me\u0161anice.<\/strong><\/p>\t\t\t\t\t\t\t\t<\/div>\n\t\t\t\t<\/div>\n\t\t\t\t<div class=\"elementor-element elementor-element-b67979f elementor-widget elementor-widget-text-editor\" data-id=\"b67979f\" data-element_type=\"widget\" data-e-type=\"widget\" data-widget_type=\"text-editor.default\">\n\t\t\t\t<div class=\"elementor-widget-container\">\n\t\t\t\t\t\t\t\t\t<p>Do\u017eivite mo\u010d, ugodje in energijo, ki izhajajo iz globokega in mirnega spanca ter se prebudite sve\u017ei in pripravljeni na nov dan!<\/p>\t\t\t\t\t\t\t\t<\/div>\n\t\t\t\t<\/div>\n\t\t\t\t<div class=\"elementor-element elementor-element-2acb85b elementor-align-center elementor-widget elementor-widget-button\" data-id=\"2acb85b\" data-element_type=\"widget\" data-e-type=\"widget\" data-widget_type=\"button.default\">\n\t\t\t\t<div class=\"elementor-widget-container\">\n\t\t\t\t\t\t\t\t\t<div class=\"elementor-button-wrapper\">\n\t\t\t\t\t<a class=\"elementor-button elementor-button-link elementor-size-sm\" href=\"https:\/\/www.aurorainyou.com\/sl\/izdelek\/sweet-dreams\/\">\n\t\t\t\t\t\t<span class=\"elementor-button-content-wrapper\">\n\t\t\t\t\t\t<span class=\"elementor-button-icon\">\n\t\t\t\t<i aria-hidden=\"true\" class=\"fas fa-shopping-cart\"><\/i>\t\t\t<\/span>\n\t\t\t\t\t\t\t\t\t<span class=\"elementor-button-text\">Naro\u010dite zdaj<\/span>\n\t\t\t\t\t<\/span>\n\t\t\t\t\t<\/a>\n\t\t\t\t<\/div>\n\t\t\t\t\t\t\t\t<\/div>\n\t\t\t\t<\/div>\n\t\t\t\t\t<\/div>\n\t\t<\/div>\n\t\t\t\t<div class=\"elementor-column elementor-col-50 elementor-top-column elementor-element elementor-element-5afd04b\" data-id=\"5afd04b\" data-element_type=\"column\" data-e-type=\"column\">\n\t\t\t<div class=\"elementor-widget-wrap\">\n\t\t\t\t\t\t\t<\/div>\n\t\t<\/div>\n\t\t\t\t\t<\/div>\n\t\t<\/section>\n\t\t\t\t<section class=\"elementor-section elementor-top-section elementor-element elementor-element-273af69 elementor-section-boxed elementor-section-height-default elementor-section-height-default\" data-id=\"273af69\" data-element_type=\"section\" data-e-type=\"section\">\n\t\t\t\t\t\t<div class=\"elementor-container elementor-column-gap-default\">\n\t\t\t\t\t<div class=\"elementor-column elementor-col-50 elementor-top-column elementor-element elementor-element-6b08720\" data-id=\"6b08720\" data-element_type=\"column\" data-e-type=\"column\">\n\t\t\t<div class=\"elementor-widget-wrap elementor-element-populated\">\n\t\t\t\t\t\t<div class=\"elementor-element elementor-element-dc9e6c6 elementor-widget elementor-widget-image\" data-id=\"dc9e6c6\" data-element_type=\"widget\" data-e-type=\"widget\" data-widget_type=\"image.default\">\n\t\t\t\t<div class=\"elementor-widget-container\">\n\t\t\t\t\t\t\t\t\t\t\t\t\t\t\t<img decoding=\"async\" width=\"212\" height=\"300\" src=\"https:\/\/www.aurorainyou.com\/wp-content\/uploads\/2022\/08\/insomnia-12-212x300.jpg\" class=\"attachment-medium size-medium wp-image-5422\" alt=\"\" srcset=\"https:\/\/www.aurorainyou.com\/wp-content\/uploads\/2022\/08\/insomnia-12-212x300.jpg 212w, https:\/\/www.aurorainyou.com\/wp-content\/uploads\/2022\/08\/insomnia-12.jpg 430w\" sizes=\"(max-width: 212px) 100vw, 212px\" \/>\t\t\t\t\t\t\t\t\t\t\t\t\t\t\t<\/div>\n\t\t\t\t<\/div>\n\t\t\t\t\t<\/div>\n\t\t<\/div>\n\t\t\t\t<div class=\"elementor-column elementor-col-50 elementor-top-column elementor-element elementor-element-da16845\" data-id=\"da16845\" data-element_type=\"column\" data-e-type=\"column\">\n\t\t\t<div class=\"elementor-widget-wrap\">\n\t\t\t\t\t\t\t<\/div>\n\t\t<\/div>\n\t\t\t\t\t<\/div>\n\t\t<\/section>\n\t\t\t\t<section class=\"elementor-section elementor-top-section elementor-element elementor-element-eab9a6f elementor-section-boxed elementor-section-height-default elementor-section-height-default\" data-id=\"eab9a6f\" data-element_type=\"section\" data-e-type=\"section\">\n\t\t\t\t\t\t<div class=\"elementor-container elementor-column-gap-default\">\n\t\t\t\t\t<div class=\"elementor-column elementor-col-50 elementor-top-column elementor-element elementor-element-dd204ef\" data-id=\"dd204ef\" data-element_type=\"column\" data-e-type=\"column\">\n\t\t\t<div class=\"elementor-widget-wrap elementor-element-populated\">\n\t\t\t\t\t\t<div class=\"elementor-element elementor-element-0a3c8ef elementor-widget elementor-widget-heading\" data-id=\"0a3c8ef\" data-element_type=\"widget\" data-e-type=\"widget\" data-widget_type=\"heading.default\">\n\t\t\t\t<div class=\"elementor-widget-container\">\n\t\t\t\t\t<h2 class=\"elementor-heading-title elementor-size-default\">Bolj\u0161i spanec, manj stresa: Aromaterapija in kristali za globoko sprostitev.<\/h2>\t\t\t\t<\/div>\n\t\t\t\t<\/div>\n\t\t\t\t\t<\/div>\n\t\t<\/div>\n\t\t\t\t<div class=\"elementor-column elementor-col-50 elementor-top-column elementor-element elementor-element-bffb3ec\" data-id=\"bffb3ec\" data-element_type=\"column\" data-e-type=\"column\">\n\t\t\t<div class=\"elementor-widget-wrap\">\n\t\t\t\t\t\t\t<\/div>\n\t\t<\/div>\n\t\t\t\t\t<\/div>\n\t\t<\/section>\n\t\t\t\t<section class=\"elementor-section elementor-top-section elementor-element elementor-element-fd44fc5 elementor-section-boxed elementor-section-height-default elementor-section-height-default\" data-id=\"fd44fc5\" data-element_type=\"section\" data-e-type=\"section\">\n\t\t\t\t\t\t<div class=\"elementor-container elementor-column-gap-default\">\n\t\t\t\t\t<div class=\"elementor-column elementor-col-100 elementor-top-column elementor-element elementor-element-06cbdc8\" data-id=\"06cbdc8\" data-element_type=\"column\" data-e-type=\"column\">\n\t\t\t<div class=\"elementor-widget-wrap elementor-element-populated\">\n\t\t\t\t\t\t<div class=\"elementor-element elementor-element-83fd998 elementor-widget elementor-widget-spacer\" data-id=\"83fd998\" data-element_type=\"widget\" data-e-type=\"widget\" data-widget_type=\"spacer.default\">\n\t\t\t\t<div class=\"elementor-widget-container\">\n\t\t\t\t\t\t\t<div class=\"elementor-spacer\">\n\t\t\t<div class=\"elementor-spacer-inner\"><\/div>\n\t\t<\/div>\n\t\t\t\t\t\t<\/div>\n\t\t\t\t<\/div>\n\t\t\t\t\t<\/div>\n\t\t<\/div>\n\t\t\t\t\t<\/div>\n\t\t<\/section>\n\t\t\t\t<section class=\"elementor-section elementor-top-section elementor-element elementor-element-c8a9bfb elementor-section-boxed elementor-section-height-default elementor-section-height-default\" data-id=\"c8a9bfb\" data-element_type=\"section\" data-e-type=\"section\">\n\t\t\t\t\t\t<div class=\"elementor-container elementor-column-gap-default\">\n\t\t\t\t\t<div class=\"elementor-column elementor-col-100 elementor-top-column elementor-element elementor-element-40ea635\" data-id=\"40ea635\" data-element_type=\"column\" data-e-type=\"column\">\n\t\t\t<div class=\"elementor-widget-wrap elementor-element-populated\">\n\t\t\t\t\t\t<div class=\"elementor-element elementor-element-b878b0c elementor-widget elementor-widget-text-editor\" data-id=\"b878b0c\" data-element_type=\"widget\" data-e-type=\"widget\" data-widget_type=\"text-editor.default\">\n\t\t\t\t<div class=\"elementor-widget-container\">\n\t\t\t\t\t\t\t\t\t<p>Vsi izdelki blagovne znamke Aurora and You so namenjeni dvigu vibracije in izbolj\u0161anju splo\u0161nega po\u010dutja in niso nadomestilo za uradno medicino.\nUprava za hrano in zdravila teh izjav ni ovrednotila. Ta izdelek ni namenjen diagnosticiranju, zdravljenju ali prepre\u010devanju katere koli bolezni. Pred uporabo se posvetujte z zdravnikom ali farmacevtom.\nUporabljajte na lastno odgovornost.<\/p>\t\t\t\t\t\t\t\t<\/div>\n\t\t\t\t<\/div>\n\t\t\t\t\t<\/div>\n\t\t<\/div>\n\t\t\t\t\t<\/div>\n\t\t<\/section>\n\t\t\t\t<\/div>","protected":false},"excerpt":{"rendered":"<p>Transform Your Energy with Sweet Dreams Crystal-Infused Aromatherapeutic Spray Sweet Dreams is the ultimate solution for anyone looking to banish sleepless nights and wake up feeling refreshed and rejuvenated. Our powerful aromatherapeutic product is designed to ease tension, reduce stress, and promote a deep and restful sleep. Crafted with a potent blend of natural essential [&hellip;]<\/p>\n","protected":false},"author":1,"featured_media":0,"parent":0,"menu_order":0,"comment_status":"closed","ping_status":"closed","template":"","meta":{"_monsterinsights_skip_tracking":false,"_monsterinsights_sitenote_active":false,"_monsterinsights_sitenote_note":"","_monsterinsights_sitenote_category":0,"_uf_show_specific_survey":0,"_uf_disable_surveys":false,"site-sidebar-layout":"no-sidebar","site-content-layout":"page-builder","ast-site-content-layout":"default","site-content-style":"default","site-sidebar-style":"default","ast-global-header-display":"","ast-banner-title-visibility":"","ast-main-header-display":"","ast-hfb-above-header-display":"","ast-hfb-below-header-display":"","ast-hfb-mobile-header-display":"","site-post-title":"disabled","ast-breadcrumbs-content":"","ast-featured-img":"disabled","footer-sml-layout":"","ast-disable-related-posts":"","theme-transparent-header-meta":"","adv-header-id-meta":"","stick-header-meta":"","header-above-stick-meta":"","header-main-stick-meta":"","header-below-stick-meta":"","astra-migrate-meta-layouts":"default","ast-page-background-enabled":"default","ast-page-background-meta":{"desktop":{"background-color":"","background-image":"","background-repeat":"repeat","background-position":"center center","background-size":"auto","background-attachment":"scroll","background-type":"","background-media":"","overlay-type":"","overlay-color":"","overlay-opacity":"","overlay-gradient":""},"tablet":{"background-color":"","background-image":"","background-repeat":"repeat","background-position":"center center","background-size":"auto","background-attachment":"scroll","background-type":"","background-media":"","overlay-type":"","overlay-color":"","overlay-opacity":"","overlay-gradient":""},"mobile":{"background-color":"","background-image":"","background-repeat":"repeat","background-position":"center center","background-size":"auto","background-attachment":"scroll","background-type":"","background-media":"","overlay-type":"","overlay-color":"","overlay-opacity":"","overlay-gradient":""}},"ast-content-background-meta":{"desktop":{"background-color":"var(--ast-global-color-5)","background-image":"","background-repeat":"repeat","background-position":"center center","background-size":"auto","background-attachment":"scroll","background-type":"","background-media":"","overlay-type":"","overlay-color":"","overlay-opacity":"","overlay-gradient":""},"tablet":{"background-color":"var(--ast-global-color-5)","background-image":"","background-repeat":"repeat","background-position":"center center","background-size":"auto","background-attachment":"scroll","background-type":"","background-media":"","overlay-type":"","overlay-color":"","overlay-opacity":"","overlay-gradient":""},"mobile":{"background-color":"var(--ast-global-color-5)","background-image":"","background-repeat":"repeat","background-position":"center center","background-size":"auto","background-attachment":"scroll","background-type":"","background-media":"","overlay-type":"","overlay-color":"","overlay-opacity":"","overlay-gradient":""}},"footnotes":""},"class_list":["post-5994","page","type-page","status-publish","hentry"],"aioseo_notices":[],"_links":{"self":[{"href":"https:\/\/www.aurorainyou.com\/sl\/wp-json\/wp\/v2\/pages\/5994","targetHints":{"allow":["GET"]}}],"collection":[{"href":"https:\/\/www.aurorainyou.com\/sl\/wp-json\/wp\/v2\/pages"}],"about":[{"href":"https:\/\/www.aurorainyou.com\/sl\/wp-json\/wp\/v2\/types\/page"}],"author":[{"embeddable":true,"href":"https:\/\/www.aurorainyou.com\/sl\/wp-json\/wp\/v2\/users\/1"}],"replies":[{"embeddable":true,"href":"https:\/\/www.aurorainyou.com\/sl\/wp-json\/wp\/v2\/comments?post=5994"}],"version-history":[{"count":0,"href":"https:\/\/www.aurorainyou.com\/sl\/wp-json\/wp\/v2\/pages\/5994\/revisions"}],"wp:attachment":[{"href":"https:\/\/www.aurorainyou.com\/sl\/wp-json\/wp\/v2\/media?parent=5994"}],"curies":[{"name":"wp","href":"https:\/\/api.w.org\/{rel}","templated":true}]}}