{"id":5721,"date":"2022-12-03T11:51:30","date_gmt":"2022-12-03T11:51:30","guid":{"rendered":"https:\/\/www.aurorainyou.com\/?page_id=5721"},"modified":"2022-12-03T11:52:37","modified_gmt":"2022-12-03T11:52:37","slug":"return-and-refund","status":"publish","type":"page","link":"https:\/\/www.aurorainyou.com\/sl\/return-and-refund\/","title":{"rendered":"Vra\u010dila"},"content":{"rendered":"<div data-elementor-type=\"wp-page\" data-elementor-id=\"5721\" class=\"elementor elementor-5721\" data-elementor-post-type=\"page\">\n\t\t\t\t\t\t<section class=\"elementor-section elementor-top-section elementor-element elementor-element-5d630ad elementor-section-boxed elementor-section-height-default elementor-section-height-default\" data-id=\"5d630ad\" data-element_type=\"section\" data-e-type=\"section\">\n\t\t\t\t\t\t<div class=\"elementor-container elementor-column-gap-default\">\n\t\t\t\t\t<div class=\"elementor-column elementor-col-100 elementor-top-column elementor-element elementor-element-f4a4113\" data-id=\"f4a4113\" data-element_type=\"column\" data-e-type=\"column\">\n\t\t\t<div class=\"elementor-widget-wrap elementor-element-populated\">\n\t\t\t\t\t\t<div class=\"elementor-element elementor-element-9da792b elementor-widget elementor-widget-heading\" data-id=\"9da792b\" data-element_type=\"widget\" data-e-type=\"widget\" data-widget_type=\"heading.default\">\n\t\t\t\t<div class=\"elementor-widget-container\">\n\t\t\t\t\t<h2 class=\"elementor-heading-title elementor-size-default\">Vra\u010dila<\/h2>\t\t\t\t<\/div>\n\t\t\t\t<\/div>\n\t\t\t\t<div class=\"elementor-element elementor-element-20ef99b elementor-widget elementor-widget-text-editor\" data-id=\"20ef99b\" data-element_type=\"widget\" data-e-type=\"widget\" data-widget_type=\"text-editor.default\">\n\t\t\t\t<div class=\"elementor-widget-container\">\n\t\t\t\t\t\t\t\t\t<div class=\"sc-eNPDpu lbaAGb\"><div id=\"row-1a5a073a\" class=\"sc-bFADNz gUQswk\"><div class=\"sc-hizQCF JwKp\"><div class=\"sc-hlILIN cShkpt\"><div id=\"text-headline-3af6a08c\" class=\"sc-fzsDOv cYNwEm\"><p dir=\"ltr\"><strong style=\"font-size: 16px;\">KATERE IZDELKE LAHKO VRNEM NA AURORA IN YOU \u2013 SPIRIT OF ESSENCE, KO JE MOJA \u0160KATLA ODPRTA?<\/strong><\/p><\/div><\/div><\/div><\/div><\/div><div class=\"sc-eNPDpu lbaAGb\"><div id=\"row-f54a3952\" class=\"sc-bFADNz fZcbRA\"><div class=\"sc-hizQCF JwKp\"><div class=\"sc-eNPDpu faXNBI\"><div id=\"text-0fbaf8bf\" class=\"sc-fzsDOv jUMWdX\"><div><p dir=\"ltr\">Vsi izdelki, ki niso bili porabljeni ve\u010d kot 10% svoje koli\u010dine.<\/p><p dir=\"ltr\">Stro\u0161ke povratne dostave pla\u010date sami.<\/p><p dir=\"ltr\">Za vrnjeno naro\u010dilo so lahko zara\u010dunane dajatve in uvozne pristojbine. Prejemnik je odgovoren za vse nastale carinske in dajatve. Aurora in You \u2013 spirit of essence ne bo sprejela pla\u010dila carine.<\/p><p dir=\"ltr\">Prepri\u010dajte se, da so vsi povratni paketi poslani s sledljivo in zavarovano storitvijo, saj ne moremo prevzeti odgovornosti za predmete, po\u0161kodovane ali izgubljene med povratnim prevozom.<\/p><p dir=\"ltr\">Po prejemu vrnjenih izdelkov bomo preverili njihovo skladnost.<\/p><p dir=\"ltr\">Dobropis ali vra\u010dilo bo obdelano po va\u0161i izbiri in glede na stanje izdelkov.<\/p><\/div><\/div><\/div><\/div><\/div><\/div><div class=\"sc-eNPDpu lbaAGb\"><div id=\"row-06982e0d\" class=\"sc-bFADNz jIzaDX\"><div class=\"sc-hizQCF JwKp\"><div class=\"sc-eNPDpu faXNBI\"><div id=\"text-f1d71546\" class=\"sc-fzsDOv jUMWdX\"><div><p dir=\"ltr\"><strong>VA\u0160E PLA\u010cILO JE OBDELANO, VENDAR \u017dELITE PREKLICATI NARO\u010cILO?<\/strong><\/p><\/div><\/div><\/div><\/div><\/div><\/div><div class=\"sc-eNPDpu lbaAGb\"><div id=\"row-a57ea719\" class=\"sc-bFADNz iNRevf\"><div class=\"sc-hizQCF JwKp\"><div class=\"sc-eNPDpu faXNBI\"><div id=\"text-1c7a5866\" class=\"sc-fzsDOv jUMWdX\"><div><p dir=\"ltr\">Trije mo\u017eni primeri:<\/p><p dir=\"ltr\">Primer 1: Naro\u010dilo \u0161e ni pripravljeno. Znesek vrnemo v celoti.<\/p><p dir=\"ltr\">Case 2: The order has been prepared but not shipped: you lose 5% of the order amount (excluding taxes and freight costs).<\/p><p dir=\"ltr\">Primer 3: Naro\u010dilo je zapustilo Auroro in You \u2013 spirit of essence in vra\u010dilo ne bo sprejeto.<\/p><p dir=\"ltr\">Po prejemu naro\u010dila imate 15 dni dogovorjenega roka za vra\u010dilo naro\u010dila (na va\u0161e stro\u0161ke).<\/p><\/div><\/div><\/div><\/div><\/div><\/div><div class=\"sc-eNPDpu lbaAGb\"><div id=\"row-171e7cc1\" class=\"sc-bFADNz jIzaDX\"><div class=\"sc-hizQCF JwKp\"><div class=\"sc-eNPDpu faXNBI\"><div id=\"text-6f41d23c\" class=\"sc-fzsDOv jUMWdX\"><div><p dir=\"ltr\"><strong>KAK\u0160NI SO POGOJI IN DOLO\u010cILA V PRIMERU VRA\u010cILA ALI ZAMENJAVE?<\/strong><\/p><\/div><\/div><\/div><\/div><\/div><\/div><div class=\"sc-eNPDpu lbaAGb\"><div id=\"row-2cbae082\" class=\"sc-bFADNz jIzaDX\"><div class=\"sc-hizQCF JwKp\"><div class=\"sc-eNPDpu faXNBI\"><div id=\"text-e55c0261\" class=\"sc-fzsDOv jUMWdX\"><div><p dir=\"ltr\">\u010ce prejeti izdelek ne izpolnjuje va\u0161ih pri\u010dakovanj. Po\u0161ljite nam ga v originalni embala\u017ei, v brezhibnem stanju, v dogovorjenem roku 15 dni od dneva prejema.<\/p><p dir=\"ltr\">Upo\u0161tevajte, da stro\u0161ke vra\u010dila krijete sami.<\/p><p dir=\"ltr\">Povratni naslov je:<\/p><p dir=\"ltr\">Aurora in You \u2013 spirit of essence<\/p><p dir=\"ltr\">Kotnikova 5<\/p><p dir=\"ltr\">1000 Ljubljana<\/p><p dir=\"ltr\">SI-Slovenija<\/p><\/div><\/div><\/div><\/div><\/div><\/div><div class=\"sc-eNPDpu lbaAGb\"><div id=\"row-d6332452\" class=\"sc-bFADNz jIzaDX\"><div class=\"sc-hizQCF JwKp\"><div class=\"sc-eNPDpu faXNBI\"><div id=\"text-799ff0b2\" class=\"sc-fzsDOv jUMWdX\"><div><p dir=\"ltr\">Strinjamo se, da bomo denar vrnili v 15 dneh po prejemu in v skladu z naslednjimi pogoji:<\/p><p dir=\"ltr\">1. \u010ce embala\u017ea ni bila odprta, povrnemo ceno izdelka in stro\u0161ke prevoza.<\/p><p dir=\"ltr\">2. Izdelek vrnete po lastni odlo\u010ditvi. Izdelke povrnemo, vendar stro\u0161ki po\u0161iljanja ostanejo na va\u0161em bremenu.<\/p><p dir=\"ltr\">3. Izdelek je vrnjen, ker ni skladen, povrnemo izdelek in stro\u0161ke po\u0161iljanja.<\/p><p dir=\"ltr\">4. V primeru pu\u0161\u010danja med transportom nam po\u0161ljite sliko  izdelka na naslov\u00a0<strong>info@aurorainyou.com.<\/strong><\/p><\/div><\/div><\/div><\/div><\/div><\/div>\t\t\t\t\t\t\t\t<\/div>\n\t\t\t\t<\/div>\n\t\t\t\t\t<\/div>\n\t\t<\/div>\n\t\t\t\t\t<\/div>\n\t\t<\/section>\n\t\t\t\t<\/div>","protected":false},"excerpt":{"rendered":"<p>Return and Refund Policy WHICH PRODUCTS CAN I RETURN TO AURORA IN YOU &#8211; SPIRIT OF ESSENCE ONCE MY BOX IS OPENED? All the products that have not been used more than 10% of its volume. The return shipping cost are on your charge. The returned order might be subject to duties and import fees. [&hellip;]<\/p>\n","protected":false},"author":1,"featured_media":0,"parent":0,"menu_order":0,"comment_status":"closed","ping_status":"closed","template":"","meta":{"_monsterinsights_skip_tracking":false,"_monsterinsights_sitenote_active":false,"_monsterinsights_sitenote_note":"","_monsterinsights_sitenote_category":0,"_uf_show_specific_survey":0,"_uf_disable_surveys":false,"site-sidebar-layout":"no-sidebar","site-content-layout":"page-builder","ast-site-content-layout":"default","site-content-style":"default","site-sidebar-style":"default","ast-global-header-display":"","ast-banner-title-visibility":"","ast-main-header-display":"","ast-hfb-above-header-display":"","ast-hfb-below-header-display":"","ast-hfb-mobile-header-display":"","site-post-title":"disabled","ast-breadcrumbs-content":"","ast-featured-img":"disabled","footer-sml-layout":"","ast-disable-related-posts":"","theme-transparent-header-meta":"","adv-header-id-meta":"","stick-header-meta":"","header-above-stick-meta":"","header-main-stick-meta":"","header-below-stick-meta":"","astra-migrate-meta-layouts":"default","ast-page-background-enabled":"default","ast-page-background-meta":{"desktop":{"background-color":"","background-image":"","background-repeat":"repeat","background-position":"center center","background-size":"auto","background-attachment":"scroll","background-type":"","background-media":"","overlay-type":"","overlay-color":"","overlay-opacity":"","overlay-gradient":""},"tablet":{"background-color":"","background-image":"","background-repeat":"repeat","background-position":"center center","background-size":"auto","background-attachment":"scroll","background-type":"","background-media":"","overlay-type":"","overlay-color":"","overlay-opacity":"","overlay-gradient":""},"mobile":{"background-color":"","background-image":"","background-repeat":"repeat","background-position":"center center","background-size":"auto","background-attachment":"scroll","background-type":"","background-media":"","overlay-type":"","overlay-color":"","overlay-opacity":"","overlay-gradient":""}},"ast-content-background-meta":{"desktop":{"background-color":"var(--ast-global-color-5)","background-image":"","background-repeat":"repeat","background-position":"center center","background-size":"auto","background-attachment":"scroll","background-type":"","background-media":"","overlay-type":"","overlay-color":"","overlay-opacity":"","overlay-gradient":""},"tablet":{"background-color":"var(--ast-global-color-5)","background-image":"","background-repeat":"repeat","background-position":"center center","background-size":"auto","background-attachment":"scroll","background-type":"","background-media":"","overlay-type":"","overlay-color":"","overlay-opacity":"","overlay-gradient":""},"mobile":{"background-color":"var(--ast-global-color-5)","background-image":"","background-repeat":"repeat","background-position":"center center","background-size":"auto","background-attachment":"scroll","background-type":"","background-media":"","overlay-type":"","overlay-color":"","overlay-opacity":"","overlay-gradient":""}},"footnotes":""},"class_list":["post-5721","page","type-page","status-publish","hentry"],"aioseo_notices":[],"_links":{"self":[{"href":"https:\/\/www.aurorainyou.com\/sl\/wp-json\/wp\/v2\/pages\/5721","targetHints":{"allow":["GET"]}}],"collection":[{"href":"https:\/\/www.aurorainyou.com\/sl\/wp-json\/wp\/v2\/pages"}],"about":[{"href":"https:\/\/www.aurorainyou.com\/sl\/wp-json\/wp\/v2\/types\/page"}],"author":[{"embeddable":true,"href":"https:\/\/www.aurorainyou.com\/sl\/wp-json\/wp\/v2\/users\/1"}],"replies":[{"embeddable":true,"href":"https:\/\/www.aurorainyou.com\/sl\/wp-json\/wp\/v2\/comments?post=5721"}],"version-history":[{"count":0,"href":"https:\/\/www.aurorainyou.com\/sl\/wp-json\/wp\/v2\/pages\/5721\/revisions"}],"wp:attachment":[{"href":"https:\/\/www.aurorainyou.com\/sl\/wp-json\/wp\/v2\/media?parent=5721"}],"curies":[{"name":"wp","href":"https:\/\/api.w.org\/{rel}","templated":true}]}}