{"id":5716,"date":"2022-12-03T11:48:39","date_gmt":"2022-12-03T11:48:39","guid":{"rendered":"https:\/\/www.aurorainyou.com\/?page_id=5716"},"modified":"2022-12-03T11:50:17","modified_gmt":"2022-12-03T11:50:17","slug":"privacy-policy","status":"publish","type":"page","link":"https:\/\/www.aurorainyou.com\/sl\/privacy-policy\/","title":{"rendered":"Pravilnik o zasebnosti"},"content":{"rendered":"<div data-elementor-type=\"wp-page\" data-elementor-id=\"5716\" class=\"elementor elementor-5716\" data-elementor-post-type=\"page\">\n\t\t\t\t\t\t<section class=\"elementor-section elementor-top-section elementor-element elementor-element-9c23315 elementor-section-boxed elementor-section-height-default elementor-section-height-default\" data-id=\"9c23315\" data-element_type=\"section\" data-e-type=\"section\">\n\t\t\t\t\t\t<div class=\"elementor-container elementor-column-gap-default\">\n\t\t\t\t\t<div class=\"elementor-column elementor-col-100 elementor-top-column elementor-element elementor-element-f02070a\" data-id=\"f02070a\" data-element_type=\"column\" data-e-type=\"column\">\n\t\t\t<div class=\"elementor-widget-wrap elementor-element-populated\">\n\t\t\t\t\t\t<div class=\"elementor-element elementor-element-11b7462 elementor-widget elementor-widget-heading\" data-id=\"11b7462\" data-element_type=\"widget\" data-e-type=\"widget\" data-widget_type=\"heading.default\">\n\t\t\t\t<div class=\"elementor-widget-container\">\n\t\t\t\t\t<h2 class=\"elementor-heading-title elementor-size-default\">Pravilnik o zasebnosti<\/h2>\t\t\t\t<\/div>\n\t\t\t\t<\/div>\n\t\t\t\t<div class=\"elementor-element elementor-element-b356313 elementor-widget elementor-widget-text-editor\" data-id=\"b356313\" data-element_type=\"widget\" data-e-type=\"widget\" data-widget_type=\"text-editor.default\">\n\t\t\t\t<div class=\"elementor-widget-container\">\n\t\t\t\t\t\t\t\t\t<div class=\"sc-eNPDpu lbaAGb\"><div id=\"row-1a5a073a\" class=\"sc-bFADNz gUQswk\"><div class=\"sc-hizQCF JwKp\"><div class=\"sc-hlILIN cShkpt\"><div id=\"text-headline-3af6a08c\" class=\"sc-fzsDOv cYNwEm\"><p dir=\"ltr\"><span style=\"font-size: 16px;\">Ta pravilnik o zasebnosti ureja na\u010din, na katerega spletno mesto zbira, uporablja, vzdr\u017euje in razkriva informacije, zbrane od uporabnikov (vsakega, \u00bbuporabnika\u00ab) spletnega mesta (\u00bbmesto\u00ab). Ta pravilnik o zasebnosti velja za spletno mesto ter vse izdelke in storitve, ki jih ponuja podjetje.<\/span><\/p><\/div><\/div><\/div><\/div><\/div><div class=\"sc-eNPDpu lbaAGb\"><div id=\"row-f54a3952\" class=\"sc-bFADNz fZcbRA\"><div class=\"sc-hizQCF JwKp\"><div class=\"sc-eNPDpu juCpRu\"><div id=\"text-284b7aa6\" class=\"sc-fzsDOv jUMWdX\"><div><p dir=\"ltr\"><strong>Osebni identifikacijski podatki<\/strong><\/p><\/div><\/div><\/div><div class=\"sc-eNPDpu faXNBI\"><div id=\"text-0fbaf8bf\" class=\"sc-fzsDOv jUMWdX\"><div><p dir=\"ltr\">Osebne identifikacijske podatke uporabnikov lahko zbiramo na razli\u010dne na\u010dine, vklju\u010dno, a ne omejeno na, ko uporabniki obi\u0161\u010dejo na\u0161e spletno mesto, se registrirajo na spletnem mestu, se naro\u010dijo na glasilo in v povezavi z drugimi dejavnostmi, storitvami, funkcijami ali viri, ki jih na voljo na na\u0161em spletnem mestu. Uporabnike lahko po potrebi prosimo za e-po\u0161tni naslov. Uporabniki pa lahko na\u0161e spletno mesto obi\u0161\u010dejo anonimno. Osebne identifikacijske podatke uporabnikov bomo zbirali samo, \u010de nam jih prostovoljno posredujejo. Uporabniki lahko kadar koli zavrnejo predlo\u017eitev osebnih identifikacijskih podatkov, razen \u010de jim to lahko prepre\u010di sodelovanje v dolo\u010denih dejavnostih, povezanih s spletnim mestom.<\/p><\/div><\/div><\/div><\/div><\/div><\/div><div class=\"sc-eNPDpu lbaAGb\"><div id=\"row-06982e0d\" class=\"sc-bFADNz jIzaDX\"><div class=\"sc-hizQCF JwKp\"><div class=\"sc-eNPDpu faXNBI\"><div id=\"text-f1d71546\" class=\"sc-fzsDOv jUMWdX\"><div><p dir=\"ltr\"><strong>Neosebni identifikacijski podatki<\/strong><\/p><\/div><\/div><\/div><\/div><\/div><\/div><div class=\"sc-eNPDpu lbaAGb\"><div id=\"row-a57ea719\" class=\"sc-bFADNz iNRevf\"><div class=\"sc-hizQCF JwKp\"><div class=\"sc-eNPDpu faXNBI\"><div id=\"text-1c7a5866\" class=\"sc-fzsDOv jUMWdX\"><div><p dir=\"ltr\">Zberemo lahko neosebne identifikacijske podatke o uporabnikih, kadar koli komunicirajo z na\u0161im spletnim mestom. Neosebni identifikacijski podatki lahko vklju\u010dujejo ime brskalnika, vrsto ra\u010dunalnika in tehni\u010dne informacije o na\u010dinih povezave uporabnikov z na\u0161im spletnim mestom, kot so operacijski sistem in uporabljeni ponudniki internetnih storitev ter druge podobne informacije.<\/p><\/div><\/div><\/div><\/div><\/div><\/div><div class=\"sc-eNPDpu lbaAGb\"><div id=\"row-171e7cc1\" class=\"sc-bFADNz jIzaDX\"><div class=\"sc-hizQCF JwKp\"><div class=\"sc-eNPDpu faXNBI\"><div id=\"text-6f41d23c\" class=\"sc-fzsDOv jUMWdX\"><div><p dir=\"ltr\"><strong>Pi\u0161kotki spletnega brskalnika<\/strong><\/p><\/div><\/div><\/div><\/div><\/div><\/div><div class=\"sc-eNPDpu lbaAGb\"><div id=\"row-2cbae082\" class=\"sc-bFADNz jIzaDX\"><div class=\"sc-hizQCF JwKp\"><div class=\"sc-eNPDpu faXNBI\"><div id=\"text-e55c0261\" class=\"sc-fzsDOv jUMWdX\"><div><p dir=\"ltr\">Na\u0161e spletno mesto lahko uporablja \"pi\u0161kotke\" za izbolj\u0161anje uporabni\u0161ke izku\u0161nje. Spletni brskalnik uporabnika shrani pi\u0161kotke na njegov trdi disk za namene vodenja evidenc in v\u010dasih za sledenje informacijam o njih. Uporabnik lahko nastavi svoj spletni brskalnik tako, da zavrne pi\u0161kotke ali vas opozori, ko so pi\u0161kotki poslani. \u010ce to storijo, upo\u0161tevajte, da nekateri deli spletnega mesta morda ne bodo delovali pravilno.<\/p><\/div><\/div><\/div><\/div><\/div><\/div><div class=\"sc-eNPDpu lbaAGb\"><div id=\"row-66a7247d\" class=\"sc-bFADNz jIzaDX\"><div class=\"sc-hizQCF JwKp\"><div class=\"sc-eNPDpu faXNBI\"><div id=\"text-f086639c\" class=\"sc-fzsDOv jUMWdX\"><div><p dir=\"ltr\"><strong>Kako uporabljamo zbrane podatke<\/strong><\/p><\/div><\/div><\/div><\/div><\/div><\/div><div class=\"sc-eNPDpu lbaAGb\"><div id=\"row-b86ce22b\" class=\"sc-bFADNz gBsrkv\"><div class=\"sc-hizQCF JwKp\"><div class=\"sc-eNPDpu faXNBI\"><div id=\"text-644eb2f3\" class=\"sc-fzsDOv jUMWdX\"><div><p dir=\"ltr\">Podjetje lahko zbira in uporablja osebne podatke uporabnikov za naslednje namene:<\/p><\/div><\/div><\/div><\/div><\/div><\/div><div class=\"sc-eNPDpu lbaAGb\"><div id=\"row-fbd67f5a\" class=\"sc-bFADNz eaIUmk\"><div class=\"sc-hizQCF JwKp\"><div class=\"sc-eNPDpu bABdsn\"><div id=\"bullet-list-6f257842\" class=\"sc-fCPvlr jkPDjR\"><div><ul><li><i class=\"fas fa-check\"><\/i><em>Za izbolj\u0161anje storitev za stranke<\/em><\/li><\/ul><\/div><\/div><\/div><div class=\"sc-eNPDpu faXNBI\"><div id=\"text-fe870d4b\" class=\"sc-fzsDOv jUMWdX\"><div><p dir=\"ltr\">Podatki, ki jih posredujete, nam pomagajo, da se u\u010dinkoviteje odzovemo na va\u0161e zahteve glede storitev za stranke in potrebe po podpori.<\/p><\/div><\/div><\/div><div class=\"sc-eNPDpu bABdsn\"><div id=\"bullet-list-87b7d810\" class=\"sc-fCPvlr jkPDjR\"><div><ul><li><i class=\"fas fa-check\"><\/i><em>Za personalizacijo uporabni\u0161ke izku\u0161nje<\/em><\/li><\/ul><\/div><\/div><\/div><div class=\"sc-eNPDpu faXNBI\"><div id=\"text-a6eeded4\" class=\"sc-fzsDOv jUMWdX\"><div><p dir=\"ltr\">Skupne informacije lahko uporabimo za razumevanje, kako na\u0161i uporabniki kot skupina uporabljajo storitve in vire, ki so na voljo na na\u0161em spletnem mestu.<\/p><\/div><\/div><\/div><div class=\"sc-eNPDpu bABdsn\"><div id=\"bullet-list-93437694\" class=\"sc-fCPvlr jkPDjR\"><div><ul><li><i class=\"fas fa-check\"><\/i><em>Za po\u0161iljanje ob\u010dasnih e-po\u0161tnih sporo\u010dil<\/em><\/li><\/ul><\/div><\/div><\/div><div class=\"sc-eNPDpu faXNBI\"><div id=\"text-1b18aefb\" class=\"sc-fzsDOv jUMWdX\"><div><p dir=\"ltr\">E-po\u0161tni naslov lahko uporabimo za po\u0161iljanje uporabni\u0161kih informacij in posodobitev v zvezi z njihovim naro\u010dilom. Uporablja se lahko tudi za odgovarjanje na njihove poizvedbe, vpra\u0161anja in\/ali druge zahteve. \u010ce se uporabnik odlo\u010di, da se prijavi na na\u0161 po\u0161tni seznam, bo prejel e-po\u0161tna sporo\u010dila, ki lahko vklju\u010dujejo novice podjetja, posodobitve, povezane informacije o izdelkih ali storitvah itd. \u010ce se \u017eeli uporabnik kadar koli odjaviti od prejemanja prihodnjih e-po\u0161tnih sporo\u010dil, vklju\u010dimo podrobne navodila za odjavo na dnu vsakega e-po\u0161tnega sporo\u010dila ali pa nas lahko uporabnik kontaktira prek na\u0161ega spletnega mesta.<\/p><\/div><\/div><\/div><\/div><\/div><\/div><div class=\"sc-eNPDpu lbaAGb\"><div id=\"row-8ab8c000\" class=\"sc-bFADNz jIzaDX\"><div class=\"sc-hizQCF JwKp\"><div class=\"sc-eNPDpu faXNBI\"><div id=\"text-e080d440\" class=\"sc-fzsDOv jUMWdX\"><div><p dir=\"ltr\"><strong>Kako varujemo va\u0161e podatke<\/strong><\/p><\/div><\/div><\/div><\/div><\/div><\/div><div class=\"sc-eNPDpu lbaAGb\"><div id=\"row-d6332452\" class=\"sc-bFADNz jIzaDX\"><div class=\"sc-hizQCF JwKp\"><div class=\"sc-eNPDpu faXNBI\"><div id=\"text-799ff0b2\" class=\"sc-fzsDOv jUMWdX\"><div><p dir=\"ltr\">Sprejemamo ustrezne prakse zbiranja, shranjevanja in obdelave podatkov ter varnostne ukrepe za za\u0161\u010dito pred nepoobla\u0161\u010denim dostopom, spreminjanjem, razkritjem ali uni\u010denjem va\u0161ih osebnih podatkov, uporabni\u0161kega imena, gesla, informacij o transakcijah in podatkov, shranjenih na na\u0161em spletnem mestu.<\/p><\/div><\/div><\/div><\/div><\/div><\/div><div class=\"sc-eNPDpu lbaAGb\"><div id=\"row-be2fbbd9\" class=\"sc-bFADNz jIzaDX\"><div class=\"sc-hizQCF JwKp\"><div class=\"sc-eNPDpu faXNBI\"><div id=\"text-d531250c\" class=\"sc-fzsDOv jUMWdX\"><div><p dir=\"ltr\"><strong>Deljenje va\u0161ih osebnih podatkov<\/strong><\/p><\/div><\/div><\/div><\/div><\/div><\/div><div class=\"sc-eNPDpu lbaAGb\"><div id=\"row-f9418a22\" class=\"sc-bFADNz jIzaDX\"><div class=\"sc-hizQCF JwKp\"><div class=\"sc-eNPDpu faXNBI\"><div id=\"text-32e6be5a\" class=\"sc-fzsDOv jUMWdX\"><div><p dir=\"ltr\">Osebnih identifikacijskih podatkov uporabnikov ne prodajamo, trgujemo ali dajemo v najem drugim. Splo\u0161ne zdru\u017eene demografske podatke, ki niso povezani z osebnimi identifikacijskimi podatki o obiskovalcih in uporabnikih, lahko delimo z na\u0161imi poslovnimi partnerji, zaupanja vrednimi podru\u017enicami in ogla\u0161evalci za zgoraj navedene namene.<\/p><\/div><\/div><\/div><\/div><\/div><\/div><div class=\"sc-eNPDpu lbaAGb\"><div id=\"row-f6694e33\" class=\"sc-bFADNz jIzaDX\"><div class=\"sc-hizQCF JwKp\"><div class=\"sc-eNPDpu faXNBI\"><div id=\"text-8c42f32a\" class=\"sc-fzsDOv jUMWdX\"><div><p dir=\"ltr\"><strong>Spletna mesta tretjih oseb<\/strong><\/p><\/div><\/div><\/div><\/div><\/div><\/div><div class=\"sc-eNPDpu lbaAGb\"><div id=\"row-5f3b9dbd\" class=\"sc-bFADNz jIzaDX\"><div class=\"sc-hizQCF JwKp\"><div class=\"sc-eNPDpu faXNBI\"><div id=\"text-4b2b91ae\" class=\"sc-fzsDOv jUMWdX\"><div><p dir=\"ltr\">Uporabniki lahko na na\u0161em spletnem mestu najdejo oglase ali druge vsebine, ki povezujejo na spletna mesta in storitve na\u0161ih partnerjev, dobaviteljev, ogla\u0161evalcev, sponzorjev, dajalcev licenc in drugih tretjih oseb. Ne nadzorujemo vsebine ali povezav, ki se pojavljajo na teh spletnih mestih, in nismo odgovorni za prakse, ki jih uporabljajo spletna mesta, povezana z na\u0161im spletnim mestom ali z njega. Poleg tega se lahko ta spletna mesta ali storitve, vklju\u010dno z njihovo vsebino in povezavami, nenehno spreminjajo. Ta spletna mesta in storitve imajo lahko svoje pravilnike o zasebnosti in pravilnike o storitvah za stranke. Brskanje in interakcija na katerem koli drugem spletnem mestu, vklju\u010dno s spletnimi mesti, ki imajo povezavo do na\u0161ega spletnega mesta, je predmet pogojev in pravilnikov tega spletnega mesta.<\/p><\/div><\/div><\/div><\/div><\/div><\/div><div class=\"sc-eNPDpu lbaAGb\"><div id=\"row-3c85cde7\" class=\"sc-bFADNz jIzaDX\"><div class=\"sc-hizQCF JwKp\"><div class=\"sc-eNPDpu faXNBI\"><div id=\"text-3098fbbf\" class=\"sc-fzsDOv jUMWdX\"><div><p dir=\"ltr\"><strong>Spremembe tega pravilnika o zasebnosti<\/strong><\/p><\/div><\/div><\/div><\/div><\/div><\/div><div class=\"sc-eNPDpu lbaAGb\"><div id=\"row-abd32441\" class=\"sc-bFADNz jIzaDX\"><div class=\"sc-hizQCF JwKp\"><div class=\"sc-eNPDpu faXNBI\"><div id=\"text-4fc69409\" class=\"sc-fzsDOv jUMWdX\"><div><p dir=\"ltr\">Podjetje ima pravico, da kadar koli posodobi to politiko zasebnosti. Ko to storimo, bomo posodobili datum na dnu te strani. Uporabnike spodbujamo, da pogosto preverjajo to stran za morebitne spremembe, da bodo obve\u0161\u010deni o tem, kako pomagamo za\u0161\u010dititi osebne podatke, ki jih zbiramo. Potrjujete in se strinjate, da ste odgovorni, da ob\u010dasno pregledate to politiko zasebnosti in se seznanite s spremembami.<\/p><\/div><\/div><\/div><\/div><\/div><\/div><div class=\"sc-eNPDpu lbaAGb\"><div id=\"row-2a783685\" class=\"sc-bFADNz jIzaDX\"><div class=\"sc-hizQCF JwKp\"><div class=\"sc-eNPDpu faXNBI\"><div id=\"text-69c382c4\" class=\"sc-fzsDOv jUMWdX\"><div><p dir=\"ltr\"><strong>Va\u0161e sprejemanje teh pogojev<\/strong><\/p><\/div><\/div><\/div><\/div><\/div><\/div><div class=\"sc-eNPDpu lbaAGb\"><div id=\"row-450c1fc1\" class=\"sc-bFADNz jIzaDX\"><div class=\"sc-hizQCF JwKp\"><div class=\"sc-eNPDpu faXNBI\"><div id=\"text-781a6981\" class=\"sc-fzsDOv jUMWdX\"><div><p dir=\"ltr\">Z uporabo tega mesta potrjujete, da se strinjate s to politiko. \u010ce se ne strinjate s tem pravilnikom, prosimo, da ne uporabljate na\u0161ega spletnega mesta. Va\u0161a nadaljnja uporaba spletnega mesta po objavi sprememb tega pravilnika se bo \u0161tela za va\u0161e strinjanje s temi spremembami.<\/p><\/div><\/div><\/div><\/div><\/div><\/div>\t\t\t\t\t\t\t\t<\/div>\n\t\t\t\t<\/div>\n\t\t\t\t\t<\/div>\n\t\t<\/div>\n\t\t\t\t\t<\/div>\n\t\t<\/section>\n\t\t\t\t<\/div>","protected":false},"excerpt":{"rendered":"<p>Privacy Policy This Privacy Policy governs the manner in which the website collects, uses, maintains and discloses information collected from users (each, a &#8216;User&#8217;) of the website (&#8216;Site&#8217;). This privacy policy applies to the Site and all products and services offered by company. Personal identification information We may collect personal identification information from Users in [&hellip;]<\/p>\n","protected":false},"author":1,"featured_media":0,"parent":0,"menu_order":0,"comment_status":"closed","ping_status":"closed","template":"","meta":{"_monsterinsights_skip_tracking":false,"_monsterinsights_sitenote_active":false,"_monsterinsights_sitenote_note":"","_monsterinsights_sitenote_category":0,"_uf_show_specific_survey":0,"_uf_disable_surveys":false,"site-sidebar-layout":"no-sidebar","site-content-layout":"page-builder","ast-site-content-layout":"default","site-content-style":"default","site-sidebar-style":"default","ast-global-header-display":"","ast-banner-title-visibility":"","ast-main-header-display":"","ast-hfb-above-header-display":"","ast-hfb-below-header-display":"","ast-hfb-mobile-header-display":"","site-post-title":"disabled","ast-breadcrumbs-content":"","ast-featured-img":"disabled","footer-sml-layout":"","ast-disable-related-posts":"","theme-transparent-header-meta":"","adv-header-id-meta":"","stick-header-meta":"","header-above-stick-meta":"","header-main-stick-meta":"","header-below-stick-meta":"","astra-migrate-meta-layouts":"default","ast-page-background-enabled":"default","ast-page-background-meta":{"desktop":{"background-color":"","background-image":"","background-repeat":"repeat","background-position":"center center","background-size":"auto","background-attachment":"scroll","background-type":"","background-media":"","overlay-type":"","overlay-color":"","overlay-opacity":"","overlay-gradient":""},"tablet":{"background-color":"","background-image":"","background-repeat":"repeat","background-position":"center center","background-size":"auto","background-attachment":"scroll","background-type":"","background-media":"","overlay-type":"","overlay-color":"","overlay-opacity":"","overlay-gradient":""},"mobile":{"background-color":"","background-image":"","background-repeat":"repeat","background-position":"center center","background-size":"auto","background-attachment":"scroll","background-type":"","background-media":"","overlay-type":"","overlay-color":"","overlay-opacity":"","overlay-gradient":""}},"ast-content-background-meta":{"desktop":{"background-color":"var(--ast-global-color-5)","background-image":"","background-repeat":"repeat","background-position":"center center","background-size":"auto","background-attachment":"scroll","background-type":"","background-media":"","overlay-type":"","overlay-color":"","overlay-opacity":"","overlay-gradient":""},"tablet":{"background-color":"var(--ast-global-color-5)","background-image":"","background-repeat":"repeat","background-position":"center center","background-size":"auto","background-attachment":"scroll","background-type":"","background-media":"","overlay-type":"","overlay-color":"","overlay-opacity":"","overlay-gradient":""},"mobile":{"background-color":"var(--ast-global-color-5)","background-image":"","background-repeat":"repeat","background-position":"center center","background-size":"auto","background-attachment":"scroll","background-type":"","background-media":"","overlay-type":"","overlay-color":"","overlay-opacity":"","overlay-gradient":""}},"footnotes":""},"class_list":["post-5716","page","type-page","status-publish","hentry"],"aioseo_notices":[],"_links":{"self":[{"href":"https:\/\/www.aurorainyou.com\/sl\/wp-json\/wp\/v2\/pages\/5716","targetHints":{"allow":["GET"]}}],"collection":[{"href":"https:\/\/www.aurorainyou.com\/sl\/wp-json\/wp\/v2\/pages"}],"about":[{"href":"https:\/\/www.aurorainyou.com\/sl\/wp-json\/wp\/v2\/types\/page"}],"author":[{"embeddable":true,"href":"https:\/\/www.aurorainyou.com\/sl\/wp-json\/wp\/v2\/users\/1"}],"replies":[{"embeddable":true,"href":"https:\/\/www.aurorainyou.com\/sl\/wp-json\/wp\/v2\/comments?post=5716"}],"version-history":[{"count":0,"href":"https:\/\/www.aurorainyou.com\/sl\/wp-json\/wp\/v2\/pages\/5716\/revisions"}],"wp:attachment":[{"href":"https:\/\/www.aurorainyou.com\/sl\/wp-json\/wp\/v2\/media?parent=5716"}],"curies":[{"name":"wp","href":"https:\/\/api.w.org\/{rel}","templated":true}]}}