{"id":5711,"date":"2022-12-03T11:46:20","date_gmt":"2022-12-03T11:46:20","guid":{"rendered":"https:\/\/www.aurorainyou.com\/?page_id=5711"},"modified":"2022-12-03T11:47:43","modified_gmt":"2022-12-03T11:47:43","slug":"terms-conditions","status":"publish","type":"page","link":"https:\/\/www.aurorainyou.com\/sl\/terms-conditions\/","title":{"rendered":"Pogoji poslovanja"},"content":{"rendered":"<div data-elementor-type=\"wp-page\" data-elementor-id=\"5711\" class=\"elementor elementor-5711\" data-elementor-post-type=\"page\">\n\t\t\t\t\t\t<section class=\"elementor-section elementor-top-section elementor-element elementor-element-9398217 elementor-section-boxed elementor-section-height-default elementor-section-height-default\" data-id=\"9398217\" data-element_type=\"section\" data-e-type=\"section\">\n\t\t\t\t\t\t<div class=\"elementor-container elementor-column-gap-default\">\n\t\t\t\t\t<div class=\"elementor-column elementor-col-100 elementor-top-column elementor-element elementor-element-4e963b2\" data-id=\"4e963b2\" data-element_type=\"column\" data-e-type=\"column\">\n\t\t\t<div class=\"elementor-widget-wrap elementor-element-populated\">\n\t\t\t\t\t\t<div class=\"elementor-element elementor-element-18989c2 elementor-widget elementor-widget-heading\" data-id=\"18989c2\" data-element_type=\"widget\" data-e-type=\"widget\" data-widget_type=\"heading.default\">\n\t\t\t\t<div class=\"elementor-widget-container\">\n\t\t\t\t\t<h2 class=\"elementor-heading-title elementor-size-default\">Pogoji poslovanja<\/h2>\t\t\t\t<\/div>\n\t\t\t\t<\/div>\n\t\t\t\t<div class=\"elementor-element elementor-element-24e7aca elementor-widget elementor-widget-text-editor\" data-id=\"24e7aca\" data-element_type=\"widget\" data-e-type=\"widget\" data-widget_type=\"text-editor.default\">\n\t\t\t\t<div class=\"elementor-widget-container\">\n\t\t\t\t\t\t\t\t\t<div class=\"sc-eNPDpu lbaAGb\"><div id=\"row-1a5a073a\" class=\"sc-bFADNz gUQswk\"><div class=\"sc-hizQCF JwKp\"><div class=\"sc-hlILIN cShkpt\"><div id=\"text-headline-3af6a08c\" class=\"sc-fzsDOv cYNwEm\"><p dir=\"ltr\"><span style=\"font-size: 16px;\">\u010clen 1: Podro\u010dje uporabe<\/span><\/p><\/div><\/div><div class=\"sc-eNPDpu faXNBI\"><div id=\"text-b7d684f4\" class=\"sc-fzsDOv jUMWdX\"><p dir=\"ltr\">Ti splo\u0161ni prodajni pogoji veljajo za vse transakcije, sklenjene preko spletnih strani mre\u017ee Aurora in You \u2013 spirit of essence. Vsaka fizi\u010dna ali pravna oseba, ki opravi naro\u010dilo, potrjeno prek na\u0161e varne pla\u010dilne platforme ali z gotovino, se \u0161teje za \"fizi\u010dno\" ali pravno osebo.<\/p><\/div><\/div><\/div><\/div><\/div><div class=\"sc-eNPDpu lbaAGb\"><div id=\"row-f54a3952\" class=\"sc-bFADNz fZcbRA\"><div class=\"sc-hizQCF JwKp\"><div class=\"sc-eNPDpu faXNBI\"><div id=\"text-0fbaf8bf\" class=\"sc-fzsDOv jUMWdX\"><div><p dir=\"ltr\"><strong>\u010clen 1a: Starostna omejitev<\/strong><\/p><p dir=\"ltr\">Veljajo starostne omejitve: Aurora in You \u2013 spirit of essence sprejema le stranke, starej\u0161e od 18 let. Po svojih najbolj\u0161ih mo\u010deh se trudimo omejiti dostop do na\u0161ih spletnih mest, izdelkov in storitev mladoletnikom. \u010ceprav na\u0161i izdelki in storitve niso \u0161okantne narave, raje ciljamo na zrelo ob\u010dinstvo, ki je sposobno razumeti posledice in odgovornosti poslovnega sveta. Vsi, ki so naro\u010deni na novice in ne izpolnjujejo teh meril (starost nad 18 let), bodo takoj izbrisani iz na\u0161e baze podatkov, takoj ko bomo na to opozorili. Podobno bodo vsaki stranki, ki ne izpolnjuje teh meril, takoj povrnjeni stro\u0161ki in zahtevano bo vra\u010dilo zadevnih izdelkov.<\/p><\/div><\/div><\/div><\/div><\/div><\/div><div class=\"sc-eNPDpu lbaAGb\"><div id=\"row-a57ea719\" class=\"sc-bFADNz iNRevf\"><div class=\"sc-hizQCF JwKp\"><div class=\"sc-eNPDpu faXNBI\"><div id=\"text-1c7a5866\" class=\"sc-fzsDOv jUMWdX\"><div><p dir=\"ltr\"><strong>2. \u010dlen: Naro\u010dila<\/strong><\/p><p dir=\"ltr\">Vsako naro\u010dilo na spletnem mestu, ki pripada Aurora in You \u2013 spirit of essence, pomeni popolno in brez zadr\u017ekov sprejemanje teh splo\u0161nih prodajnih pogojev.<\/p><\/div><\/div><\/div><\/div><\/div><\/div><div class=\"sc-eNPDpu lbaAGb\"><div id=\"row-2cbae082\" class=\"sc-bFADNz jIzaDX\"><div class=\"sc-hizQCF JwKp\"><div class=\"sc-eNPDpu faXNBI\"><div id=\"text-e55c0261\" class=\"sc-fzsDOv jUMWdX\"><div><p dir=\"ltr\"><strong>3. \u010dlen: Cena<\/strong><\/p><p dir=\"ltr\">Cene so navedene v evrih, brez stro\u0161kov po\u0161iljanja in obdelave va\u0161ega naro\u010dila. Cena artiklov se lahko kadarkoli spremeni. Vendar bo cena, uporabljena za naro\u010dilo, tista, ki je navedena v \u010dasu naro\u010dila.<\/p><\/div><\/div><\/div><\/div><\/div><\/div><div class=\"sc-eNPDpu lbaAGb\"><div id=\"row-b86ce22b\" class=\"sc-bFADNz gBsrkv\"><div class=\"sc-hizQCF JwKp\"><div class=\"sc-eNPDpu faXNBI\"><div id=\"text-644eb2f3\" class=\"sc-fzsDOv jUMWdX\"><div><p dir=\"ltr\"><strong>4. \u010dlen: Pla\u010dilo<\/strong><\/p><p dir=\"ltr\">Pla\u010dilo zapade takoj na dan naro\u010dila, tudi za izdelke v prednaro\u010dilu. Pla\u010date lahko s kreditno kartico, s predhodnim ban\u010dnim nakazilom ali po povzetju. Mo\u017enost pla\u010dila po povzetju lahko koristijo le prebivalci na obmo\u010dju Slovenije. Pri tem lahko nastanejo dodatni stro\u0161ki provizije. Varno spletno pla\u010dilo s kreditno kartico poteka prek Stripe in Pay Pal Inc. Posredovani podatki so \u0161ifrirani z najsodobnej\u0161o programsko opremo in jih med prenosom po omre\u017eju ni mogo\u010de prebrati. Vsako jamstvo glede varnosti tega sistema je v celoti odgovornost Stripe in Pay Pal, Inc. in ga ni mogo\u010de pripisati nam.<\/p><\/div><\/div><\/div><\/div><\/div><\/div><div class=\"sc-eNPDpu lbaAGb\"><div id=\"row-d6332452\" class=\"sc-bFADNz jIzaDX\"><div class=\"sc-hizQCF JwKp\"><div class=\"sc-eNPDpu faXNBI\"><div id=\"text-799ff0b2\" class=\"sc-fzsDOv jUMWdX\"><div><p dir=\"ltr\"><strong>5. \u010dlen: Varstvo osebnih podatkov<\/strong><\/p><p dir=\"ltr\">V skladu z Zakonom o varstvu podatkov z dne 6. januarja 1978 imate pravico do dostopa in popravka osebnih podatkov, ki se nana\u0161ajo na vas. Vse svoje datoteke prijavimo Dr\u017eavni komisiji za varstvo podatkov. S spo\u0161tovanjem teh splo\u0161nih prodajnih pogojev potrjujete, da ste prebrali na\u0161o politiko varstva osebnih podatkov in sogla\u0161ate z zbiranjem in uporabo teh podatkov. Z vpisom va\u0161ega e-po\u0161tnega naslova na enem od spletnih mest v na\u0161em omre\u017eju boste prejeli e-po\u0161tna sporo\u010dila z informacijami in\/ali promocijskimi ponudbami v zvezi z izdelki, ki jih objavlja Aurora in You \u2013 spirit of essence. Odjavite se lahko kadarkoli. Preprosto morate klikniti povezavo na koncu katerega koli od na\u0161ih e-po\u0161tnih sporo\u010dil. Pred to povezavo so besede \u00bbZa odjavo ali spremembo naro\u010dni\u0161kih mo\u017enosti obi\u0161\u010dite:\u00ab (razumeti: za odjavo ali spremembo mo\u017enosti registracije kliknite spodaj).<\/p><\/div><\/div><\/div><\/div><\/div><\/div><div class=\"sc-eNPDpu lbaAGb\"><div id=\"row-f9418a22\" class=\"sc-bFADNz jIzaDX\"><div class=\"sc-hizQCF JwKp\"><div class=\"sc-eNPDpu faXNBI\"><div id=\"text-32e6be5a\" class=\"sc-fzsDOv jUMWdX\"><div><p dir=\"ltr\"><strong>6. \u010dlen: Veljavno pravo.<\/strong><\/p><p dir=\"ltr\">Za vse klavzule, ki se pojavljajo v teh splo\u0161nih prodajnih pogojih, kot tudi za vse kupoprodajne posle, ki so tam navedeni, se uporablja slovenska zakonodaja.<\/p><\/div><\/div><\/div><\/div><\/div><\/div><div class=\"sc-eNPDpu lbaAGb\"><div id=\"row-5f3b9dbd\" class=\"sc-bFADNz jIzaDX\"><div class=\"sc-hizQCF JwKp\"><div class=\"sc-eNPDpu faXNBI\"><div id=\"text-4b2b91ae\" class=\"sc-fzsDOv jUMWdX\"><div><p dir=\"ltr\"><strong>7. \u010dlen: Informacije o Aurora in You - spirit of essence<\/strong><\/p><p dir=\"ltr\">Aurora in You \u2013 spirit of essence je dru\u017eba slovenskega prava, katere naslov je:<\/p><p dir=\"ltr\">Aurora in You \u2013 spirit of essence<\/p><p dir=\"ltr\">Kotnikova 5<\/p><p dir=\"ltr\">1000 Ljubljana<\/p><p dir=\"ltr\">SI-Slovenija<\/p><\/div><\/div><\/div><\/div><\/div><\/div>\t\t\t\t\t\t\t\t<\/div>\n\t\t\t\t<\/div>\n\t\t\t\t\t<\/div>\n\t\t<\/div>\n\t\t\t\t\t<\/div>\n\t\t<\/section>\n\t\t\t\t<\/div>","protected":false},"excerpt":{"rendered":"<p>Terms &#038; Conditions Article 1: Scope These general conditions of sale apply to all transactions concluded through the websites of the Aurora in You &#8211; spirit of essence network. Any natural or legal person making an order validated via our secure payment platform, or by check or cash, is considered to be a &#8220;natural&#8221; or [&hellip;]<\/p>\n","protected":false},"author":1,"featured_media":0,"parent":0,"menu_order":0,"comment_status":"closed","ping_status":"closed","template":"","meta":{"_monsterinsights_skip_tracking":false,"_monsterinsights_sitenote_active":false,"_monsterinsights_sitenote_note":"","_monsterinsights_sitenote_category":0,"_uf_show_specific_survey":0,"_uf_disable_surveys":false,"site-sidebar-layout":"no-sidebar","site-content-layout":"page-builder","ast-site-content-layout":"default","site-content-style":"default","site-sidebar-style":"default","ast-global-header-display":"","ast-banner-title-visibility":"","ast-main-header-display":"","ast-hfb-above-header-display":"","ast-hfb-below-header-display":"","ast-hfb-mobile-header-display":"","site-post-title":"disabled","ast-breadcrumbs-content":"","ast-featured-img":"disabled","footer-sml-layout":"","ast-disable-related-posts":"","theme-transparent-header-meta":"","adv-header-id-meta":"","stick-header-meta":"","header-above-stick-meta":"","header-main-stick-meta":"","header-below-stick-meta":"","astra-migrate-meta-layouts":"default","ast-page-background-enabled":"default","ast-page-background-meta":{"desktop":{"background-color":"","background-image":"","background-repeat":"repeat","background-position":"center center","background-size":"auto","background-attachment":"scroll","background-type":"","background-media":"","overlay-type":"","overlay-color":"","overlay-opacity":"","overlay-gradient":""},"tablet":{"background-color":"","background-image":"","background-repeat":"repeat","background-position":"center center","background-size":"auto","background-attachment":"scroll","background-type":"","background-media":"","overlay-type":"","overlay-color":"","overlay-opacity":"","overlay-gradient":""},"mobile":{"background-color":"","background-image":"","background-repeat":"repeat","background-position":"center center","background-size":"auto","background-attachment":"scroll","background-type":"","background-media":"","overlay-type":"","overlay-color":"","overlay-opacity":"","overlay-gradient":""}},"ast-content-background-meta":{"desktop":{"background-color":"var(--ast-global-color-5)","background-image":"","background-repeat":"repeat","background-position":"center center","background-size":"auto","background-attachment":"scroll","background-type":"","background-media":"","overlay-type":"","overlay-color":"","overlay-opacity":"","overlay-gradient":""},"tablet":{"background-color":"var(--ast-global-color-5)","background-image":"","background-repeat":"repeat","background-position":"center center","background-size":"auto","background-attachment":"scroll","background-type":"","background-media":"","overlay-type":"","overlay-color":"","overlay-opacity":"","overlay-gradient":""},"mobile":{"background-color":"var(--ast-global-color-5)","background-image":"","background-repeat":"repeat","background-position":"center center","background-size":"auto","background-attachment":"scroll","background-type":"","background-media":"","overlay-type":"","overlay-color":"","overlay-opacity":"","overlay-gradient":""}},"footnotes":""},"class_list":["post-5711","page","type-page","status-publish","hentry"],"aioseo_notices":[],"_links":{"self":[{"href":"https:\/\/www.aurorainyou.com\/sl\/wp-json\/wp\/v2\/pages\/5711","targetHints":{"allow":["GET"]}}],"collection":[{"href":"https:\/\/www.aurorainyou.com\/sl\/wp-json\/wp\/v2\/pages"}],"about":[{"href":"https:\/\/www.aurorainyou.com\/sl\/wp-json\/wp\/v2\/types\/page"}],"author":[{"embeddable":true,"href":"https:\/\/www.aurorainyou.com\/sl\/wp-json\/wp\/v2\/users\/1"}],"replies":[{"embeddable":true,"href":"https:\/\/www.aurorainyou.com\/sl\/wp-json\/wp\/v2\/comments?post=5711"}],"version-history":[{"count":0,"href":"https:\/\/www.aurorainyou.com\/sl\/wp-json\/wp\/v2\/pages\/5711\/revisions"}],"wp:attachment":[{"href":"https:\/\/www.aurorainyou.com\/sl\/wp-json\/wp\/v2\/media?parent=5711"}],"curies":[{"name":"wp","href":"https:\/\/api.w.org\/{rel}","templated":true}]}}